{"id":1555,"date":"2024-12-02T07:07:21","date_gmt":"2024-12-02T07:07:21","guid":{"rendered":"https:\/\/bobi.com\/?page_id=1555"},"modified":"2026-03-02T11:47:19","modified_gmt":"2026-03-02T09:47:19","slug":"standort-des-briefkastens","status":"publish","type":"page","link":"https:\/\/bobi.com\/de\/standort-des-briefkastens\/","title":{"rendered":"Standort des Briefkastens"},"content":{"rendered":"<div data-elementor-type=\"wp-page\" data-elementor-id=\"1555\" class=\"elementor elementor-1555\" data-elementor-settings=\"{&quot;ha_cmc_init_switcher&quot;:&quot;no&quot;}\" data-elementor-post-type=\"page\">\n\t\t\t\t\t\t<section class=\"elementor-section elementor-top-section elementor-element elementor-element-7f0e6cd elementor-reverse-mobile elementor-section-boxed elementor-section-height-default elementor-section-height-default\" data-id=\"7f0e6cd\" data-element_type=\"section\" data-e-type=\"section\" data-settings=\"{&quot;background_background&quot;:&quot;classic&quot;,&quot;_ha_eqh_enable&quot;:false}\">\n\t\t\t\t\t\t<div class=\"elementor-container elementor-column-gap-default\">\n\t\t\t\t\t<div class=\"elementor-column elementor-col-100 elementor-top-column elementor-element elementor-element-9d261eb\" data-id=\"9d261eb\" data-element_type=\"column\" data-e-type=\"column\">\n\t\t\t<div class=\"elementor-widget-wrap elementor-element-populated\">\n\t\t\t\t\t\t<div class=\"elementor-element elementor-element-0bd789d elementor-widget elementor-widget-heading\" data-id=\"0bd789d\" data-element_type=\"widget\" data-e-type=\"widget\" data-widget_type=\"heading.default\">\n\t\t\t\t<div class=\"elementor-widget-container\">\n\t\t\t\t\t<h2 class=\"elementor-heading-title elementor-size-default\">Standort des Briefkastens<\/h2>\t\t\t\t<\/div>\n\t\t\t\t<\/div>\n\t\t\t\t<div class=\"elementor-element elementor-element-75964bc elementor-widget elementor-widget-heading\" data-id=\"75964bc\" data-element_type=\"widget\" data-e-type=\"widget\" data-widget_type=\"heading.default\">\n\t\t\t\t<div class=\"elementor-widget-container\">\n\t\t\t\t\t<h2 class=\"elementor-heading-title elementor-size-default\">Wo ist der richtige Platz f\u00fcr Ihren Briefkasten?\n<\/h2>\t\t\t\t<\/div>\n\t\t\t\t<\/div>\n\t\t\t\t<div class=\"elementor-element elementor-element-e899232 elementor-widget elementor-widget-text-editor\" data-id=\"e899232\" data-element_type=\"widget\" data-e-type=\"widget\" data-widget_type=\"text-editor.default\">\n\t\t\t\t<div class=\"elementor-widget-container\">\n\t\t\t\t\t<style>.elementor-element-e899232{display:none !important}<\/style>\t\t\t\t<\/div>\n\t\t\t\t<\/div>\n\t\t\t\t<div class=\"elementor-element elementor-element-ea6cd23 elementor-widget elementor-widget-text-editor\" data-id=\"ea6cd23\" data-element_type=\"widget\" data-e-type=\"widget\" data-widget_type=\"text-editor.default\">\n\t\t\t\t<div class=\"elementor-widget-container\">\n\t\t\t\t\t\t\t\t\t<p>Vor der Installation eines Briefkastens muss sichergestellt werden, dass er richtig platziert ist, da dies von einer Reihe von Faktoren abh\u00e4ngt:<\/p><p>\u2022 Anzahl der Postf\u00e4cher<br \/>\u2022 Form und Lage des Grundst\u00fccks<br \/>\u2022 Postverteilung und allgemeine Anweisungen<br \/>\u2022 Besondere pers\u00f6nliche Bed\u00fcrfnisse, z. B. eingeschr\u00e4nkte Mobilit\u00e4t oder hohes Alter<br \/>\u2022 Winterbedingungen, einschlie\u00dflich Schneer\u00e4umung, sollten ebenfalls ber\u00fccksichtigt werden<\/p><p>Um eine reibungslose Zustellung der Post zu gew\u00e4hrleisten, sollte sich das Einf\u00fcllloch etwa 1 m \u00fcber dem Boden befinden.<\/p><p><strong>Bevor Sie Ihren Briefkasten installieren\/aufstellen, sollten Sie sich immer bei der Post erkundigen, ob der Standort korrekt ist.<\/strong><\/p>\t\t\t\t\t\t\t\t<\/div>\n\t\t\t\t<\/div>\n\t\t\t\t<div class=\"elementor-element elementor-element-dcfe913 elementor-widget elementor-widget-heading\" data-id=\"dcfe913\" data-element_type=\"widget\" data-e-type=\"widget\" data-widget_type=\"heading.default\">\n\t\t\t\t<div class=\"elementor-widget-container\">\n\t\t\t\t\t<style>.elementor-element-dcfe913{display:none !important}<\/style>\t\t\t\t<\/div>\n\t\t\t\t<\/div>\n\t\t\t\t<div class=\"elementor-element elementor-element-f5acfdb elementor-widget elementor-widget-text-editor\" data-id=\"f5acfdb\" data-element_type=\"widget\" data-e-type=\"widget\" data-widget_type=\"text-editor.default\">\n\t\t\t\t<div class=\"elementor-widget-container\">\n\t\t\t\t\t<style>.elementor-element-f5acfdb{display:none !important}<\/style>\t\t\t\t<\/div>\n\t\t\t\t<\/div>\n\t\t\t\t\t<\/div>\n\t\t<\/div>\n\t\t\t\t\t<\/div>\n\t\t<\/section>\n\t\t\t\t<\/div>","protected":false},"excerpt":{"rendered":"<p>Postilaatikon sijoituspaikka Mik\u00e4 on postilaatikon oikea sijoituspaikka? Ennen postilaatikon asentamista kannattaa varmistaa sen oikea sijoituspaikka, johon vaikuttavat monet eri tekij\u00e4t: [&hellip;]<\/p>\n","protected":false},"author":1,"featured_media":885,"parent":0,"menu_order":40,"comment_status":"closed","ping_status":"closed","template":"elementor_header_footer","meta":{"_acf_changed":false,"site-sidebar-layout":"no-sidebar","site-content-layout":"","ast-site-content-layout":"full-width-container","site-content-style":"default","site-sidebar-style":"default","ast-global-header-display":"","ast-banner-title-visibility":"","ast-main-header-display":"","ast-hfb-above-header-display":"","ast-hfb-below-header-display":"","ast-hfb-mobile-header-display":"","site-post-title":"disabled","ast-breadcrumbs-content":"","ast-featured-img":"disabled","footer-sml-layout":"","ast-disable-related-posts":"","theme-transparent-header-meta":"","adv-header-id-meta":"","stick-header-meta":"","header-above-stick-meta":"","header-main-stick-meta":"","header-below-stick-meta":"","astra-migrate-meta-layouts":"default","ast-page-background-enabled":"default","ast-page-background-meta":{"desktop":{"background-color":"var(--ast-global-color-4)","background-image":"","background-repeat":"repeat","background-position":"center center","background-size":"auto","background-attachment":"scroll","background-type":"","background-media":"","overlay-type":"","overlay-color":"","overlay-opacity":"","overlay-gradient":""},"tablet":{"background-color":"","background-image":"","background-repeat":"repeat","background-position":"center center","background-size":"auto","background-attachment":"scroll","background-type":"","background-media":"","overlay-type":"","overlay-color":"","overlay-opacity":"","overlay-gradient":""},"mobile":{"background-color":"","background-image":"","background-repeat":"repeat","background-position":"center center","background-size":"auto","background-attachment":"scroll","background-type":"","background-media":"","overlay-type":"","overlay-color":"","overlay-opacity":"","overlay-gradient":""}},"ast-content-background-meta":{"desktop":{"background-color":"var(--ast-global-color-5)","background-image":"","background-repeat":"repeat","background-position":"center center","background-size":"auto","background-attachment":"scroll","background-type":"","background-media":"","overlay-type":"","overlay-color":"","overlay-opacity":"","overlay-gradient":""},"tablet":{"background-color":"var(--ast-global-color-5)","background-image":"","background-repeat":"repeat","background-position":"center center","background-size":"auto","background-attachment":"scroll","background-type":"","background-media":"","overlay-type":"","overlay-color":"","overlay-opacity":"","overlay-gradient":""},"mobile":{"background-color":"var(--ast-global-color-5)","background-image":"","background-repeat":"repeat","background-position":"center center","background-size":"auto","background-attachment":"scroll","background-type":"","background-media":"","overlay-type":"","overlay-color":"","overlay-opacity":"","overlay-gradient":""}},"footnotes":""},"class_list":["post-1555","page","type-page","status-publish","has-post-thumbnail","hentry"],"acf":[],"_links":{"self":[{"href":"https:\/\/bobi.com\/de\/wp-json\/wp\/v2\/pages\/1555","targetHints":{"allow":["GET"]}}],"collection":[{"href":"https:\/\/bobi.com\/de\/wp-json\/wp\/v2\/pages"}],"about":[{"href":"https:\/\/bobi.com\/de\/wp-json\/wp\/v2\/types\/page"}],"author":[{"embeddable":true,"href":"https:\/\/bobi.com\/de\/wp-json\/wp\/v2\/users\/1"}],"replies":[{"embeddable":true,"href":"https:\/\/bobi.com\/de\/wp-json\/wp\/v2\/comments?post=1555"}],"version-history":[{"count":25,"href":"https:\/\/bobi.com\/de\/wp-json\/wp\/v2\/pages\/1555\/revisions"}],"predecessor-version":[{"id":4234,"href":"https:\/\/bobi.com\/de\/wp-json\/wp\/v2\/pages\/1555\/revisions\/4234"}],"wp:featuredmedia":[{"embeddable":true,"href":"https:\/\/bobi.com\/de\/wp-json\/wp\/v2\/media\/885"}],"wp:attachment":[{"href":"https:\/\/bobi.com\/de\/wp-json\/wp\/v2\/media?parent=1555"}],"curies":[{"name":"wp","href":"https:\/\/api.w.org\/{rel}","templated":true}]}}