{"id":314,"date":"2024-07-11T05:59:39","date_gmt":"2024-07-11T05:59:39","guid":{"rendered":"https:\/\/bobi.com\/?page_id=314"},"modified":"2026-02-02T09:36:29","modified_gmt":"2026-02-02T09:36:29","slug":"wartungshinweise","status":"publish","type":"page","link":"https:\/\/bobi.com\/de\/wartungshinweise\/","title":{"rendered":"Wartungsanweisungen"},"content":{"rendered":"<div data-elementor-type=\"wp-page\" data-elementor-id=\"314\" class=\"elementor elementor-314\" data-elementor-settings=\"{&quot;ha_cmc_init_switcher&quot;:&quot;no&quot;}\" data-elementor-post-type=\"page\">\n\t\t\t\t\t\t<section class=\"elementor-section elementor-top-section elementor-element elementor-element-af655d3 elementor-reverse-mobile elementor-section-boxed elementor-section-height-default elementor-section-height-default\" data-id=\"af655d3\" data-element_type=\"section\" data-e-type=\"section\" data-settings=\"{&quot;background_background&quot;:&quot;classic&quot;,&quot;_ha_eqh_enable&quot;:false}\">\n\t\t\t\t\t\t<div class=\"elementor-container elementor-column-gap-default\">\n\t\t\t\t\t<div class=\"elementor-column elementor-col-100 elementor-top-column elementor-element elementor-element-9ba9a96\" data-id=\"9ba9a96\" data-element_type=\"column\" data-e-type=\"column\">\n\t\t\t<div class=\"elementor-widget-wrap elementor-element-populated\">\n\t\t\t\t\t\t<div class=\"elementor-element elementor-element-b3b15d0 elementor-widget elementor-widget-heading\" data-id=\"b3b15d0\" data-element_type=\"widget\" data-e-type=\"widget\" data-widget_type=\"heading.default\">\n\t\t\t\t<div class=\"elementor-widget-container\">\n\t\t\t\t\t<h2 class=\"elementor-heading-title elementor-size-default\">Wartungsanweisungen<\/h2>\t\t\t\t<\/div>\n\t\t\t\t<\/div>\n\t\t\t\t<div class=\"elementor-element elementor-element-b403318 elementor-widget elementor-widget-heading\" data-id=\"b403318\" data-element_type=\"widget\" data-e-type=\"widget\" data-widget_type=\"heading.default\">\n\t\t\t\t<div class=\"elementor-widget-container\">\n\t\t\t\t\t<h2 class=\"elementor-heading-title elementor-size-default\">Durch regelm\u00e4\u00dfige Wartung bleiben die<br>\nBriefk\u00e4sten Jahr f\u00fcr Jahr in gutem Zustand<\/h2>\t\t\t\t<\/div>\n\t\t\t\t<\/div>\n\t\t\t\t<div class=\"elementor-element elementor-element-43c2c9c elementor-widget elementor-widget-text-editor\" data-id=\"43c2c9c\" data-element_type=\"widget\" data-e-type=\"widget\" data-widget_type=\"text-editor.default\">\n\t\t\t\t<div class=\"elementor-widget-container\">\n\t\t\t\t\t\t\t\t\t<p>Briefk\u00e4sten befinden sich oft an Orten, an denen sie leicht einer Vielzahl von Umwelt- und Verkehrsschadstoffen ausgesetzt sind. Dazu geh\u00f6ren Salze, die f\u00fcr die Stra\u00dfeninstandhaltung verwendet werden, Stra\u00dfenstaub und Ru\u00df. Neben den Schadstoffen sind die Briefk\u00e4sten auch den winterlichen Bedingungen und der UV-Strahlung der Sonne ausgesetzt. Um eine lange Lebensdauer zu erreichen, empfehlen wir eine regelm\u00e4\u00dfige Reinigung und Wartung der Briefk\u00e4sten mindestens einmal im Jahr, z.B. im Herbst vor dem Winterfrost.<\/p>\t\t\t\t\t\t\t\t<\/div>\n\t\t\t\t<\/div>\n\t\t\t\t<section class=\"elementor-section elementor-inner-section elementor-element elementor-element-ab70582 elementor-section-full_width elementor-section-height-default elementor-section-height-default\" data-id=\"ab70582\" data-element_type=\"section\" data-e-type=\"section\" data-settings=\"{&quot;_ha_eqh_enable&quot;:false}\">\n\t\t\t\t\t\t<div class=\"elementor-container elementor-column-gap-default\">\n\t\t\t\t\t<div class=\"elementor-column elementor-col-33 elementor-inner-column elementor-element elementor-element-073ba99\" data-id=\"073ba99\" data-element_type=\"column\" data-e-type=\"column\">\n\t\t\t<div class=\"elementor-widget-wrap elementor-element-populated\">\n\t\t\t\t\t\t<div class=\"elementor-element elementor-element-81333e1 elementor-widget elementor-widget-image\" data-id=\"81333e1\" data-element_type=\"widget\" data-e-type=\"widget\" data-widget_type=\"image.default\">\n\t\t\t\t<div class=\"elementor-widget-container\">\n\t\t\t\t\t\t\t\t\t\t\t\t\t\t\t<img fetchpriority=\"high\" decoding=\"async\" width=\"537\" height=\"536\" src=\"https:\/\/bobi.com\/wp-content\/uploads\/2024\/07\/Nayttokuva-2024-7-11-kello-9.03.07.png\" class=\"attachment-large size-large wp-image-325\" alt=\"\" srcset=\"https:\/\/bobi.com\/wp-content\/uploads\/2024\/07\/Nayttokuva-2024-7-11-kello-9.03.07.png 537w, https:\/\/bobi.com\/wp-content\/uploads\/2024\/07\/Nayttokuva-2024-7-11-kello-9.03.07-100x100.png 100w, https:\/\/bobi.com\/wp-content\/uploads\/2024\/07\/Nayttokuva-2024-7-11-kello-9.03.07-500x499.png 500w, https:\/\/bobi.com\/wp-content\/uploads\/2024\/07\/Nayttokuva-2024-7-11-kello-9.03.07-64x64.png 64w, https:\/\/bobi.com\/wp-content\/uploads\/2024\/07\/Nayttokuva-2024-7-11-kello-9.03.07-200x200.png 200w, https:\/\/bobi.com\/wp-content\/uploads\/2024\/07\/Nayttokuva-2024-7-11-kello-9.03.07-300x300.png 300w, https:\/\/bobi.com\/wp-content\/uploads\/2024\/07\/Nayttokuva-2024-7-11-kello-9.03.07-150x150.png 150w, https:\/\/bobi.com\/wp-content\/uploads\/2024\/07\/Nayttokuva-2024-7-11-kello-9.03.07-12x12.png 12w\" sizes=\"(max-width: 537px) 100vw, 537px\">\t\t\t\t\t\t\t\t\t\t\t\t\t\t\t<\/div>\n\t\t\t\t<\/div>\n\t\t\t\t<div class=\"elementor-element elementor-element-bf1304c elementor-widget elementor-widget-text-editor\" data-id=\"bf1304c\" data-element_type=\"widget\" data-e-type=\"widget\" data-widget_type=\"text-editor.default\">\n\t\t\t\t<div class=\"elementor-widget-container\">\n\t\t\t\t\t\t\t\t\t<p>Waschen Sie den Briefkasten mit einem milden Reinigungsmittel, z. B. Geschirrsp\u00fclmittel.<\/p>\t\t\t\t\t\t\t\t<\/div>\n\t\t\t\t<\/div>\n\t\t\t\t\t<\/div>\n\t\t<\/div>\n\t\t\t\t<div class=\"elementor-column elementor-col-33 elementor-inner-column elementor-element elementor-element-cd3507c\" data-id=\"cd3507c\" data-element_type=\"column\" data-e-type=\"column\">\n\t\t\t<div class=\"elementor-widget-wrap elementor-element-populated\">\n\t\t\t\t\t\t<div class=\"elementor-element elementor-element-236f5e3 elementor-widget elementor-widget-image\" data-id=\"236f5e3\" data-element_type=\"widget\" data-e-type=\"widget\" data-widget_type=\"image.default\">\n\t\t\t\t<div class=\"elementor-widget-container\">\n\t\t\t\t\t\t\t\t\t\t\t\t\t\t\t<img decoding=\"async\" width=\"394\" height=\"394\" src=\"https:\/\/bobi.com\/wp-content\/uploads\/2024\/09\/rinse.jpg\" class=\"attachment-large size-large wp-image-594\" alt=\"\" srcset=\"https:\/\/bobi.com\/wp-content\/uploads\/2024\/09\/rinse.jpg 394w, https:\/\/bobi.com\/wp-content\/uploads\/2024\/09\/rinse-100x100.jpg 100w, https:\/\/bobi.com\/wp-content\/uploads\/2024\/09\/rinse-64x64.jpg 64w, https:\/\/bobi.com\/wp-content\/uploads\/2024\/09\/rinse-200x200.jpg 200w, https:\/\/bobi.com\/wp-content\/uploads\/2024\/09\/rinse-300x300.jpg 300w, https:\/\/bobi.com\/wp-content\/uploads\/2024\/09\/rinse-150x150.jpg 150w, https:\/\/bobi.com\/wp-content\/uploads\/2024\/09\/rinse-12x12.jpg 12w\" sizes=\"(max-width: 394px) 100vw, 394px\">\t\t\t\t\t\t\t\t\t\t\t\t\t\t\t<\/div>\n\t\t\t\t<\/div>\n\t\t\t\t<div class=\"elementor-element elementor-element-093aebc elementor-widget elementor-widget-text-editor\" data-id=\"093aebc\" data-element_type=\"widget\" data-e-type=\"widget\" data-widget_type=\"text-editor.default\">\n\t\t\t\t<div class=\"elementor-widget-container\">\n\t\t\t\t\t\t\t\t\t<p>Aussp\u00fclen.<\/p>\t\t\t\t\t\t\t\t<\/div>\n\t\t\t\t<\/div>\n\t\t\t\t\t<\/div>\n\t\t<\/div>\n\t\t\t\t<div class=\"elementor-column elementor-col-33 elementor-inner-column elementor-element elementor-element-5c80a38\" data-id=\"5c80a38\" data-element_type=\"column\" data-e-type=\"column\">\n\t\t\t<div class=\"elementor-widget-wrap elementor-element-populated\">\n\t\t\t\t\t\t<div class=\"elementor-element elementor-element-c7e9aa9 elementor-widget elementor-widget-image\" data-id=\"c7e9aa9\" data-element_type=\"widget\" data-e-type=\"widget\" data-widget_type=\"image.default\">\n\t\t\t\t<div class=\"elementor-widget-container\">\n\t\t\t\t\t\t\t\t\t\t\t\t\t\t\t<img decoding=\"async\" width=\"394\" height=\"394\" src=\"https:\/\/bobi.com\/wp-content\/uploads\/2024\/09\/dry.jpg\" class=\"attachment-large size-large wp-image-595\" alt=\"\" srcset=\"https:\/\/bobi.com\/wp-content\/uploads\/2024\/09\/dry.jpg 394w, https:\/\/bobi.com\/wp-content\/uploads\/2024\/09\/dry-100x100.jpg 100w, https:\/\/bobi.com\/wp-content\/uploads\/2024\/09\/dry-64x64.jpg 64w, https:\/\/bobi.com\/wp-content\/uploads\/2024\/09\/dry-200x200.jpg 200w, https:\/\/bobi.com\/wp-content\/uploads\/2024\/09\/dry-300x300.jpg 300w, https:\/\/bobi.com\/wp-content\/uploads\/2024\/09\/dry-150x150.jpg 150w, https:\/\/bobi.com\/wp-content\/uploads\/2024\/09\/dry-12x12.jpg 12w\" sizes=\"(max-width: 394px) 100vw, 394px\">\t\t\t\t\t\t\t\t\t\t\t\t\t\t\t<\/div>\n\t\t\t\t<\/div>\n\t\t\t\t<div class=\"elementor-element elementor-element-56007a9 elementor-widget elementor-widget-text-editor\" data-id=\"56007a9\" data-element_type=\"widget\" data-e-type=\"widget\" data-widget_type=\"text-editor.default\">\n\t\t\t\t<div class=\"elementor-widget-container\">\n\t\t\t\t\t\t\t\t\t<p>Zum Schluss trocknen Sie die Oberfl\u00e4che.<\/p>\t\t\t\t\t\t\t\t<\/div>\n\t\t\t\t<\/div>\n\t\t\t\t\t<\/div>\n\t\t<\/div>\n\t\t\t\t\t<\/div>\n\t\t<\/section>\n\t\t\t\t<section class=\"elementor-section elementor-inner-section elementor-element elementor-element-4ba5dcf elementor-section-full_width elementor-section-height-default elementor-section-height-default\" data-id=\"4ba5dcf\" data-element_type=\"section\" data-e-type=\"section\" data-settings=\"{&quot;_ha_eqh_enable&quot;:false}\">\n\t\t\t\t\t\t<div class=\"elementor-container elementor-column-gap-default\">\n\t\t\t\t\t<div class=\"elementor-column elementor-col-33 elementor-inner-column elementor-element elementor-element-ba511b2\" data-id=\"ba511b2\" data-element_type=\"column\" data-e-type=\"column\">\n\t\t\t<div class=\"elementor-widget-wrap elementor-element-populated\">\n\t\t\t\t\t\t<div class=\"elementor-element elementor-element-f8bdb01 elementor-widget elementor-widget-image\" data-id=\"f8bdb01\" data-element_type=\"widget\" data-e-type=\"widget\" data-widget_type=\"image.default\">\n\t\t\t\t<div class=\"elementor-widget-container\">\n\t\t\t\t\t\t\t\t\t\t\t\t\t\t\t<img loading=\"lazy\" decoding=\"async\" width=\"394\" height=\"394\" src=\"https:\/\/bobi.com\/wp-content\/uploads\/2024\/09\/wax.jpg\" class=\"attachment-large size-large wp-image-596\" alt=\"\" srcset=\"https:\/\/bobi.com\/wp-content\/uploads\/2024\/09\/wax.jpg 394w, https:\/\/bobi.com\/wp-content\/uploads\/2024\/09\/wax-100x100.jpg 100w, https:\/\/bobi.com\/wp-content\/uploads\/2024\/09\/wax-64x64.jpg 64w, https:\/\/bobi.com\/wp-content\/uploads\/2024\/09\/wax-200x200.jpg 200w, https:\/\/bobi.com\/wp-content\/uploads\/2024\/09\/wax-300x300.jpg 300w, https:\/\/bobi.com\/wp-content\/uploads\/2024\/09\/wax-150x150.jpg 150w, https:\/\/bobi.com\/wp-content\/uploads\/2024\/09\/wax-12x12.jpg 12w\" sizes=\"(max-width: 394px) 100vw, 394px\">\t\t\t\t\t\t\t\t\t\t\t\t\t\t\t<\/div>\n\t\t\t\t<\/div>\n\t\t\t\t<div class=\"elementor-element elementor-element-fcaca77 elementor-widget elementor-widget-text-editor\" data-id=\"fcaca77\" data-element_type=\"widget\" data-e-type=\"widget\" data-widget_type=\"text-editor.default\">\n\t\t\t\t<div class=\"elementor-widget-container\">\n\t\t\t\t\t\t\t\t\t<p>Die saubere, trockene Oberfl\u00e4che kann auf Wunsch noch mit Autowachs gewachst und poliert werden. Eine gewachste Oberfl\u00e4che weist Schmutz besser ab. Wachsen Sie jedoch keine strukturierten Oberfl\u00e4chen (z. B. strukturiertes Schwarz).<\/p>\t\t\t\t\t\t\t\t<\/div>\n\t\t\t\t<\/div>\n\t\t\t\t\t<\/div>\n\t\t<\/div>\n\t\t\t\t<div class=\"elementor-column elementor-col-33 elementor-inner-column elementor-element elementor-element-e28bb5c\" data-id=\"e28bb5c\" data-element_type=\"column\" data-e-type=\"column\">\n\t\t\t<div class=\"elementor-widget-wrap elementor-element-populated\">\n\t\t\t\t\t\t<div class=\"elementor-element elementor-element-1252001 elementor-widget elementor-widget-image\" data-id=\"1252001\" data-element_type=\"widget\" data-e-type=\"widget\" data-widget_type=\"image.default\">\n\t\t\t\t<div class=\"elementor-widget-container\">\n\t\t\t\t\t\t\t\t\t\t\t\t\t\t\t<img loading=\"lazy\" decoding=\"async\" width=\"394\" height=\"394\" src=\"https:\/\/bobi.com\/wp-content\/uploads\/2024\/09\/oil.jpg\" class=\"attachment-large size-large wp-image-597\" alt=\"\" srcset=\"https:\/\/bobi.com\/wp-content\/uploads\/2024\/09\/oil.jpg 394w, https:\/\/bobi.com\/wp-content\/uploads\/2024\/09\/oil-100x100.jpg 100w, https:\/\/bobi.com\/wp-content\/uploads\/2024\/09\/oil-64x64.jpg 64w, https:\/\/bobi.com\/wp-content\/uploads\/2024\/09\/oil-200x200.jpg 200w, https:\/\/bobi.com\/wp-content\/uploads\/2024\/09\/oil-300x300.jpg 300w, https:\/\/bobi.com\/wp-content\/uploads\/2024\/09\/oil-150x150.jpg 150w, https:\/\/bobi.com\/wp-content\/uploads\/2024\/09\/oil-12x12.jpg 12w\" sizes=\"(max-width: 394px) 100vw, 394px\">\t\t\t\t\t\t\t\t\t\t\t\t\t\t\t<\/div>\n\t\t\t\t<\/div>\n\t\t\t\t<div class=\"elementor-element elementor-element-115f9fc elementor-widget elementor-widget-text-editor\" data-id=\"115f9fc\" data-element_type=\"widget\" data-e-type=\"widget\" data-widget_type=\"text-editor.default\">\n\t\t\t\t<div class=\"elementor-widget-container\">\n\t\t\t\t\t\t\t\t\t<p>Schmieren Sie das Schloss. Wir empfehlen ein hochwertiges Waffen- oder Schloss\u00f6l. Verwenden Sie zur Schmierung keine \u00d6le auf Graphitbasis oder nat\u00fcrliche \u00d6le. Diese f\u00fchren mit der Zeit zum Verkleben der Platten und zu Fehlfunktionen des Schlosses.<\/p>\t\t\t\t\t\t\t\t<\/div>\n\t\t\t\t<\/div>\n\t\t\t\t\t<\/div>\n\t\t<\/div>\n\t\t\t\t<div class=\"elementor-column elementor-col-33 elementor-inner-column elementor-element elementor-element-0221b40\" data-id=\"0221b40\" data-element_type=\"column\" data-e-type=\"column\">\n\t\t\t<div class=\"elementor-widget-wrap elementor-element-populated\">\n\t\t\t\t\t\t<div class=\"elementor-element elementor-element-a74af36 elementor-widget elementor-widget-image\" data-id=\"a74af36\" data-element_type=\"widget\" data-e-type=\"widget\" data-widget_type=\"image.default\">\n\t\t\t\t<div class=\"elementor-widget-container\">\n\t\t\t\t\t\t\t\t\t\t\t\t\t\t\t<img loading=\"lazy\" decoding=\"async\" width=\"394\" height=\"394\" src=\"https:\/\/bobi.com\/wp-content\/uploads\/2024\/09\/ready.jpg\" class=\"attachment-large size-large wp-image-598\" alt=\"\" srcset=\"https:\/\/bobi.com\/wp-content\/uploads\/2024\/09\/ready.jpg 394w, https:\/\/bobi.com\/wp-content\/uploads\/2024\/09\/ready-100x100.jpg 100w, https:\/\/bobi.com\/wp-content\/uploads\/2024\/09\/ready-64x64.jpg 64w, https:\/\/bobi.com\/wp-content\/uploads\/2024\/09\/ready-200x200.jpg 200w, https:\/\/bobi.com\/wp-content\/uploads\/2024\/09\/ready-300x300.jpg 300w, https:\/\/bobi.com\/wp-content\/uploads\/2024\/09\/ready-150x150.jpg 150w, https:\/\/bobi.com\/wp-content\/uploads\/2024\/09\/ready-12x12.jpg 12w\" sizes=\"(max-width: 394px) 100vw, 394px\">\t\t\t\t\t\t\t\t\t\t\t\t\t\t\t<\/div>\n\t\t\t\t<\/div>\n\t\t\t\t<div class=\"elementor-element elementor-element-032e4d4 elementor-widget elementor-widget-text-editor\" data-id=\"032e4d4\" data-element_type=\"widget\" data-e-type=\"widget\" data-widget_type=\"text-editor.default\">\n\t\t\t\t<div class=\"elementor-widget-container\">\n\t\t\t\t\t\t\t\t\t<p>Pr\u00fcfen Sie schlie\u00dflich, ob sich die Rolll\u00e4den frei bewegen lassen, und stellen<br \/>Sie sie gegebenenfalls nach. Eine regelm\u00e4\u00dfige Wartung sorgt daf\u00fcr, dass Ihr Bobi-Briefkasten Jahr f\u00fcr Jahr sauber und funktionst\u00fcchtig bleibt.<\/p>\t\t\t\t\t\t\t\t<\/div>\n\t\t\t\t<\/div>\n\t\t\t\t\t<\/div>\n\t\t<\/div>\n\t\t\t\t\t<\/div>\n\t\t<\/section>\n\t\t\t\t<div class=\"elementor-element elementor-element-c58b0c4 elementor-widget elementor-widget-heading\" data-id=\"c58b0c4\" data-element_type=\"widget\" data-e-type=\"widget\" data-widget_type=\"heading.default\">\n\t\t\t\t<div class=\"elementor-widget-container\">\n\t\t\t\t\t<h2 class=\"elementor-heading-title elementor-size-default\">Wartung von rostfreiem Stahl<\/h2>\t\t\t\t<\/div>\n\t\t\t\t<\/div>\n\t\t\t\t<div class=\"elementor-element elementor-element-6d6c618 elementor-widget elementor-widget-text-editor\" data-id=\"6d6c618\" data-element_type=\"widget\" data-e-type=\"widget\" data-widget_type=\"text-editor.default\">\n\t\t\t\t<div class=\"elementor-widget-container\">\n\t\t\t\t\t\t\t\t\t<p>Trotz seines Namens kann auch Edelstahl rosten und muss gepflegt werden, damit er \u00fcber Jahre hinweg gut aussieht. Auch Briefk\u00e4sten aus Edelstahl sollten von Zeit zu Zeit gewaschen werden, um Salz- und Schlackenreste zu entfernen, bevor sich Korrosion bildet. Auf unbehandelten Oberfl\u00e4chen k\u00f6nnen sich Rostflecken bilden, die sich durch normales Waschen nicht entfernen lassen. Wenn sich jedoch Rostflecken auf der Oberfl\u00e4che des Briefkastens gebildet haben, k\u00f6nnen sie entfernt werden, ohne den Briefkasten zu zerkratzen.<\/p>\t\t\t\t\t\t\t\t<\/div>\n\t\t\t\t<\/div>\n\t\t\t\t\t<\/div>\n\t\t<\/div>\n\t\t\t\t\t<\/div>\n\t\t<\/section>\n\t\t\t\t<\/div>","protected":false},"excerpt":{"rendered":"<p>Huolto-ohjeet S\u00e4\u00e4nn\u00f6llinen hoito pit\u00e4\u00e4 postilaatikot kunnossa vuodesta toiseen Postilaatikot sijaitsevat usein paikoissa, joissa ne altistuvat helposti monenlaisille ymp\u00e4rist\u00f6n ja liikenteen [&hellip;]<\/p>\n","protected":false},"author":1,"featured_media":325,"parent":0,"menu_order":46,"comment_status":"closed","ping_status":"closed","template":"elementor_header_footer","meta":{"_acf_changed":false,"site-sidebar-layout":"default","site-content-layout":"","ast-site-content-layout":"default","site-content-style":"default","site-sidebar-style":"default","ast-global-header-display":"","ast-banner-title-visibility":"","ast-main-header-display":"","ast-hfb-above-header-display":"","ast-hfb-below-header-display":"","ast-hfb-mobile-header-display":"","site-post-title":"","ast-breadcrumbs-content":"","ast-featured-img":"","footer-sml-layout":"","ast-disable-related-posts":"","theme-transparent-header-meta":"","adv-header-id-meta":"","stick-header-meta":"","header-above-stick-meta":"","header-main-stick-meta":"","header-below-stick-meta":"","astra-migrate-meta-layouts":"default","ast-page-background-enabled":"default","ast-page-background-meta":{"desktop":{"background-color":"var(--ast-global-color-4)","background-image":"","background-repeat":"repeat","background-position":"center center","background-size":"auto","background-attachment":"scroll","background-type":"","background-media":"","overlay-type":"","overlay-color":"","overlay-opacity":"","overlay-gradient":""},"tablet":{"background-color":"","background-image":"","background-repeat":"repeat","background-position":"center center","background-size":"auto","background-attachment":"scroll","background-type":"","background-media":"","overlay-type":"","overlay-color":"","overlay-opacity":"","overlay-gradient":""},"mobile":{"background-color":"","background-image":"","background-repeat":"repeat","background-position":"center center","background-size":"auto","background-attachment":"scroll","background-type":"","background-media":"","overlay-type":"","overlay-color":"","overlay-opacity":"","overlay-gradient":""}},"ast-content-background-meta":{"desktop":{"background-color":"var(--ast-global-color-5)","background-image":"","background-repeat":"repeat","background-position":"center center","background-size":"auto","background-attachment":"scroll","background-type":"","background-media":"","overlay-type":"","overlay-color":"","overlay-opacity":"","overlay-gradient":""},"tablet":{"background-color":"var(--ast-global-color-5)","background-image":"","background-repeat":"repeat","background-position":"center center","background-size":"auto","background-attachment":"scroll","background-type":"","background-media":"","overlay-type":"","overlay-color":"","overlay-opacity":"","overlay-gradient":""},"mobile":{"background-color":"var(--ast-global-color-5)","background-image":"","background-repeat":"repeat","background-position":"center center","background-size":"auto","background-attachment":"scroll","background-type":"","background-media":"","overlay-type":"","overlay-color":"","overlay-opacity":"","overlay-gradient":""}},"footnotes":""},"class_list":["post-314","page","type-page","status-publish","has-post-thumbnail","hentry"],"acf":[],"_links":{"self":[{"href":"https:\/\/bobi.com\/de\/wp-json\/wp\/v2\/pages\/314","targetHints":{"allow":["GET"]}}],"collection":[{"href":"https:\/\/bobi.com\/de\/wp-json\/wp\/v2\/pages"}],"about":[{"href":"https:\/\/bobi.com\/de\/wp-json\/wp\/v2\/types\/page"}],"author":[{"embeddable":true,"href":"https:\/\/bobi.com\/de\/wp-json\/wp\/v2\/users\/1"}],"replies":[{"embeddable":true,"href":"https:\/\/bobi.com\/de\/wp-json\/wp\/v2\/comments?post=314"}],"version-history":[{"count":46,"href":"https:\/\/bobi.com\/de\/wp-json\/wp\/v2\/pages\/314\/revisions"}],"predecessor-version":[{"id":1843,"href":"https:\/\/bobi.com\/de\/wp-json\/wp\/v2\/pages\/314\/revisions\/1843"}],"wp:featuredmedia":[{"embeddable":true,"href":"https:\/\/bobi.com\/de\/wp-json\/wp\/v2\/media\/325"}],"wp:attachment":[{"href":"https:\/\/bobi.com\/de\/wp-json\/wp\/v2\/media?parent=314"}],"curies":[{"name":"wp","href":"https:\/\/api.w.org\/{rel}","templated":true}]}}