{"id":165,"date":"2024-06-24T08:55:24","date_gmt":"2024-06-24T08:55:24","guid":{"rendered":"https:\/\/bobi.com\/?page_id=165"},"modified":"2026-02-05T13:03:50","modified_gmt":"2026-02-05T11:03:50","slug":"our-philosophy","status":"publish","type":"page","link":"https:\/\/bobi.com\/en\/our-philosophy\/","title":{"rendered":"Our philosophy"},"content":{"rendered":"<div data-elementor-type=\"wp-page\" data-elementor-id=\"165\" class=\"elementor elementor-165\" data-elementor-settings=\"{&quot;ha_cmc_init_switcher&quot;:&quot;no&quot;}\" data-elementor-post-type=\"page\">\n\t\t\t\t\t\t<section class=\"elementor-section elementor-top-section elementor-element elementor-element-ad7e1b9 elementor-section-full_width elementor-section-height-default elementor-section-height-default\" data-id=\"ad7e1b9\" data-element_type=\"section\" data-e-type=\"section\" data-settings=\"{&quot;background_background&quot;:&quot;classic&quot;,&quot;_ha_eqh_enable&quot;:false}\">\n\t\t\t\t\t\t<div class=\"elementor-container elementor-column-gap-default\">\n\t\t\t\t\t<div class=\"elementor-column elementor-col-50 elementor-top-column elementor-element elementor-element-01fe63f\" data-id=\"01fe63f\" data-element_type=\"column\" data-e-type=\"column\" data-settings=\"{&quot;background_background&quot;:&quot;classic&quot;}\">\n\t\t\t<div class=\"elementor-widget-wrap elementor-element-populated\">\n\t\t\t\t\t\t<div class=\"elementor-element elementor-element-394c5f2 elementor-widget elementor-widget-spacer\" data-id=\"394c5f2\" data-element_type=\"widget\" data-e-type=\"widget\" data-widget_type=\"spacer.default\">\n\t\t\t\t<div class=\"elementor-widget-container\">\n\t\t\t\t\t\t\t<div class=\"elementor-spacer\">\n\t\t\t<div class=\"elementor-spacer-inner\"><\/div>\n\t\t<\/div>\n\t\t\t\t\t\t<\/div>\n\t\t\t\t<\/div>\n\t\t\t\t\t<\/div>\n\t\t<\/div>\n\t\t\t\t<div class=\"elementor-column elementor-col-50 elementor-top-column elementor-element elementor-element-f1cf9d9\" data-id=\"f1cf9d9\" data-element_type=\"column\" data-e-type=\"column\" data-settings=\"{&quot;background_background&quot;:&quot;classic&quot;}\">\n\t\t\t<div class=\"elementor-widget-wrap elementor-element-populated\">\n\t\t\t\t\t\t<div class=\"elementor-element elementor-element-e580685 elementor-widget elementor-widget-heading\" data-id=\"e580685\" data-element_type=\"widget\" data-e-type=\"widget\" data-widget_type=\"heading.default\">\n\t\t\t\t<div class=\"elementor-widget-container\">\n\t\t\t\t\t<h2 class=\"elementor-heading-title elementor-size-default\">Our philosophy<\/h2>\t\t\t\t<\/div>\n\t\t\t\t<\/div>\n\t\t\t\t<div class=\"elementor-element elementor-element-7068b4c elementor-widget elementor-widget-heading\" data-id=\"7068b4c\" data-element_type=\"widget\" data-e-type=\"widget\" data-widget_type=\"heading.default\">\n\t\t\t\t<div class=\"elementor-widget-container\">\n\t\t\t\t\t<h2 class=\"elementor-heading-title elementor-size-default translation-block\">Functional design product<\/h2>\t\t\t\t<\/div>\n\t\t\t\t<\/div>\n\t\t\t\t<div class=\"elementor-element elementor-element-67179be elementor-widget elementor-widget-text-editor\" data-id=\"67179be\" data-element_type=\"widget\" data-e-type=\"widget\" data-widget_type=\"text-editor.default\">\n\t\t\t\t<div class=\"elementor-widget-container\">\n\t\t\t\t\t\t\t\t\t<p>The starting point for our design is a stylish, streamlined, and excellently functional product. This is also how we develop products with timeless design language.<br \/>Thanks to their classic design, our mail and parcel boxes are well suited to different countries and continents. Our design takes into account not only detached and semi-detached houses, but also the space-saving needs of terraced homes.<\/p>\t\t\t\t\t\t\t\t<\/div>\n\t\t\t\t<\/div>\n\t\t\t\t\t<\/div>\n\t\t<\/div>\n\t\t\t\t\t<\/div>\n\t\t<\/section>\n\t\t\t\t<section class=\"elementor-section elementor-top-section elementor-element elementor-element-5951359 elementor-section-full_width elementor-reverse-mobile elementor-section-height-default elementor-section-height-default\" data-id=\"5951359\" data-element_type=\"section\" data-e-type=\"section\" data-settings=\"{&quot;background_background&quot;:&quot;classic&quot;,&quot;_ha_eqh_enable&quot;:false}\">\n\t\t\t\t\t\t<div class=\"elementor-container elementor-column-gap-default\">\n\t\t\t\t\t<div class=\"elementor-column elementor-col-50 elementor-top-column elementor-element elementor-element-cd5ad1f\" data-id=\"cd5ad1f\" data-element_type=\"column\" data-e-type=\"column\" data-settings=\"{&quot;background_background&quot;:&quot;classic&quot;}\">\n\t\t\t<div class=\"elementor-widget-wrap elementor-element-populated\">\n\t\t\t\t\t\t<div class=\"elementor-element elementor-element-cbedc06 elementor-widget elementor-widget-heading\" data-id=\"cbedc06\" data-element_type=\"widget\" data-e-type=\"widget\" data-widget_type=\"heading.default\">\n\t\t\t\t<div class=\"elementor-widget-container\">\n\t\t\t\t\t<h2 class=\"elementor-heading-title elementor-size-default\">Customizable to meet\ncustomer needs<\/h2>\t\t\t\t<\/div>\n\t\t\t\t<\/div>\n\t\t\t\t<div class=\"elementor-element elementor-element-df5ac24 elementor-widget elementor-widget-text-editor\" data-id=\"df5ac24\" data-element_type=\"widget\" data-e-type=\"widget\" data-widget_type=\"text-editor.default\">\n\t\t\t\t<div class=\"elementor-widget-container\">\n\t\t\t\t\t\t\t\t\t<p>We manufacture Bobi mailboxes from high-quality steel. The steel-made mailbox can be painted in any color shade. Expressing your identity through color is fun, which is why different cultures and countries have their own favorite shades.<br \/>To make choosing easier, we\u2019ve created country-specific color charts for our customers. We also produce special collections based on customer preferences.<br \/>One example is the Moomin mailboxes, which are especially popular in Japan.<\/p>\t\t\t\t\t\t\t\t<\/div>\n\t\t\t\t<\/div>\n\t\t\t\t\t<\/div>\n\t\t<\/div>\n\t\t\t\t<div class=\"elementor-column elementor-col-50 elementor-top-column elementor-element elementor-element-7ecb0a4\" data-id=\"7ecb0a4\" data-element_type=\"column\" data-e-type=\"column\">\n\t\t\t<div class=\"elementor-widget-wrap elementor-element-populated\">\n\t\t\t\t\t\t<div class=\"elementor-element elementor-element-5da8de6 elementor-widget elementor-widget-image\" data-id=\"5da8de6\" data-element_type=\"widget\" data-e-type=\"widget\" data-widget_type=\"image.default\">\n\t\t\t\t<div class=\"elementor-widget-container\">\n\t\t\t\t\t\t\t\t\t\t\t\t\t\t\t<img fetchpriority=\"high\" decoding=\"async\" width=\"1024\" height=\"754\" src=\"https:\/\/bobi.com\/wp-content\/uploads\/2024\/06\/letterbox-moomin-reads-letter-1024x754.jpg\" class=\"attachment-large size-large wp-image-171\" alt=\"\" srcset=\"https:\/\/bobi.com\/wp-content\/uploads\/2024\/06\/letterbox-moomin-reads-letter-1024x754.jpg 1024w, https:\/\/bobi.com\/wp-content\/uploads\/2024\/06\/letterbox-moomin-reads-letter-500x368.jpg 500w, https:\/\/bobi.com\/wp-content\/uploads\/2024\/06\/letterbox-moomin-reads-letter-64x47.jpg 64w, https:\/\/bobi.com\/wp-content\/uploads\/2024\/06\/letterbox-moomin-reads-letter-300x221.jpg 300w, https:\/\/bobi.com\/wp-content\/uploads\/2024\/06\/letterbox-moomin-reads-letter-768x565.jpg 768w, https:\/\/bobi.com\/wp-content\/uploads\/2024\/06\/letterbox-moomin-reads-letter-1536x1131.jpg 1536w, https:\/\/bobi.com\/wp-content\/uploads\/2024\/06\/letterbox-moomin-reads-letter-2048x1508.jpg 2048w\" sizes=\"(max-width: 1024px) 100vw, 1024px\">\t\t\t\t\t\t\t\t\t\t\t\t\t\t\t<\/div>\n\t\t\t\t<\/div>\n\t\t\t\t\t<\/div>\n\t\t<\/div>\n\t\t\t\t\t<\/div>\n\t\t<\/section>\n\t\t\t\t<section class=\"elementor-section elementor-top-section elementor-element elementor-element-c0e4853 elementor-section-full_width elementor-section-height-default elementor-section-height-default\" data-id=\"c0e4853\" data-element_type=\"section\" data-e-type=\"section\" data-settings=\"{&quot;background_background&quot;:&quot;classic&quot;,&quot;_ha_eqh_enable&quot;:false}\">\n\t\t\t\t\t\t<div class=\"elementor-container elementor-column-gap-default\">\n\t\t\t\t\t<div class=\"elementor-column elementor-col-50 elementor-top-column elementor-element elementor-element-38a2fb5\" data-id=\"38a2fb5\" data-element_type=\"column\" data-e-type=\"column\">\n\t\t\t<div class=\"elementor-widget-wrap elementor-element-populated\">\n\t\t\t\t\t\t<div class=\"elementor-element elementor-element-e5dd635 elementor-widget elementor-widget-image\" data-id=\"e5dd635\" data-element_type=\"widget\" data-e-type=\"widget\" data-widget_type=\"image.default\">\n\t\t\t\t<div class=\"elementor-widget-container\">\n\t\t\t\t\t\t\t\t\t\t\t\t\t\t\t<img decoding=\"async\" width=\"1024\" height=\"683\" src=\"https:\/\/bobi.com\/wp-content\/uploads\/2024\/06\/bobi-4-1024x683.png\" class=\"attachment-large size-large wp-image-175\" alt=\"\" srcset=\"https:\/\/bobi.com\/wp-content\/uploads\/2024\/06\/bobi-4-1024x683.png 1024w, https:\/\/bobi.com\/wp-content\/uploads\/2024\/06\/bobi-4-500x333.png 500w, https:\/\/bobi.com\/wp-content\/uploads\/2024\/06\/bobi-4-64x43.png 64w, https:\/\/bobi.com\/wp-content\/uploads\/2024\/06\/bobi-4-300x200.png 300w, https:\/\/bobi.com\/wp-content\/uploads\/2024\/06\/bobi-4-768x512.png 768w, https:\/\/bobi.com\/wp-content\/uploads\/2024\/06\/bobi-4.png 1500w\" sizes=\"(max-width: 1024px) 100vw, 1024px\">\t\t\t\t\t\t\t\t\t\t\t\t\t\t\t<\/div>\n\t\t\t\t<\/div>\n\t\t\t\t\t<\/div>\n\t\t<\/div>\n\t\t\t\t<div class=\"elementor-column elementor-col-50 elementor-top-column elementor-element elementor-element-2033095\" data-id=\"2033095\" data-element_type=\"column\" data-e-type=\"column\" data-settings=\"{&quot;background_background&quot;:&quot;classic&quot;}\">\n\t\t\t<div class=\"elementor-widget-wrap elementor-element-populated\">\n\t\t\t\t\t\t<div class=\"elementor-element elementor-element-e333000 elementor-widget elementor-widget-heading\" data-id=\"e333000\" data-element_type=\"widget\" data-e-type=\"widget\" data-widget_type=\"heading.default\">\n\t\t\t\t<div class=\"elementor-widget-container\">\n\t\t\t\t\t<h2 class=\"elementor-heading-title elementor-size-default\">Functions in the present<\/h2>\t\t\t\t<\/div>\n\t\t\t\t<\/div>\n\t\t\t\t<div class=\"elementor-element elementor-element-773fc56 elementor-widget elementor-widget-text-editor\" data-id=\"773fc56\" data-element_type=\"widget\" data-e-type=\"widget\" data-widget_type=\"text-editor.default\">\n\t\t\t\t<div class=\"elementor-widget-container\">\n\t\t\t\t\t\t\t\t\tThe content and delivery of mail have undergone a major revolution due to digitalized communications and e-commerce. As a result of continuous product development, the Bobi collection adapts and meets the needs of the customers according to the type of housing, and the volume and size of mail. Bobi has been at the forefront of development, developing large parcel boxes since 2017. The introduction of a locking system suitable for couriers in collaboration with delivery companies is also under continuous development.\t\t\t\t\t\t\t\t<\/div>\n\t\t\t\t<\/div>\n\t\t\t\t\t<\/div>\n\t\t<\/div>\n\t\t\t\t\t<\/div>\n\t\t<\/section>\n\t\t\t\t<section class=\"elementor-section elementor-top-section elementor-element elementor-element-5a5e155 elementor-section-full_width elementor-reverse-mobile elementor-section-height-default elementor-section-height-default\" data-id=\"5a5e155\" data-element_type=\"section\" data-e-type=\"section\" data-settings=\"{&quot;background_background&quot;:&quot;classic&quot;,&quot;_ha_eqh_enable&quot;:false}\">\n\t\t\t\t\t\t<div class=\"elementor-container elementor-column-gap-default\">\n\t\t\t\t\t<div class=\"elementor-column elementor-col-50 elementor-top-column elementor-element elementor-element-453ad5e\" data-id=\"453ad5e\" data-element_type=\"column\" data-e-type=\"column\" data-settings=\"{&quot;background_background&quot;:&quot;classic&quot;}\">\n\t\t\t<div class=\"elementor-widget-wrap elementor-element-populated\">\n\t\t\t\t\t\t<div class=\"elementor-element elementor-element-bece934 elementor-widget elementor-widget-heading\" data-id=\"bece934\" data-element_type=\"widget\" data-e-type=\"widget\" data-widget_type=\"heading.default\">\n\t\t\t\t<div class=\"elementor-widget-container\">\n\t\t\t\t\t<h2 class=\"elementor-heading-title elementor-size-default\">Accessories for comfort and functionality<\/h2>\t\t\t\t<\/div>\n\t\t\t\t<\/div>\n\t\t\t\t<div class=\"elementor-element elementor-element-b98c148 elementor-widget elementor-widget-text-editor\" data-id=\"b98c148\" data-element_type=\"widget\" data-e-type=\"widget\" data-widget_type=\"text-editor.default\">\n\t\t\t\t<div class=\"elementor-widget-container\">\n\t\t\t\t\t\t\t\t\t<p>There are different types of homes. That is why we have developed different mounting options for the boxes, from stands to wall mounting. Since Bobi comes from Finland, it must also function in winter conditions. One of Bobi\u2019s accessories is the lock protective cap, which prevents the lock from freezing.<\/p>\t\t\t\t\t\t\t\t<\/div>\n\t\t\t\t<\/div>\n\t\t\t\t\t<\/div>\n\t\t<\/div>\n\t\t\t\t<div class=\"elementor-column elementor-col-50 elementor-top-column elementor-element elementor-element-ab17275\" data-id=\"ab17275\" data-element_type=\"column\" data-e-type=\"column\">\n\t\t\t<div class=\"elementor-widget-wrap elementor-element-populated\">\n\t\t\t\t\t\t<section class=\"elementor-section elementor-inner-section elementor-element elementor-element-245e55a elementor-section-boxed elementor-section-height-default elementor-section-height-default\" data-id=\"245e55a\" data-element_type=\"section\" data-e-type=\"section\" data-settings=\"{&quot;_ha_eqh_enable&quot;:false}\">\n\t\t\t\t\t\t<div class=\"elementor-container elementor-column-gap-default\">\n\t\t\t\t\t<div class=\"elementor-column elementor-col-50 elementor-inner-column elementor-element elementor-element-59e9842\" data-id=\"59e9842\" data-element_type=\"column\" data-e-type=\"column\">\n\t\t\t<div class=\"elementor-widget-wrap elementor-element-populated\">\n\t\t\t\t\t\t<div class=\"elementor-element elementor-element-e4195da elementor-widget elementor-widget-image\" data-id=\"e4195da\" data-element_type=\"widget\" data-e-type=\"widget\" data-widget_type=\"image.default\">\n\t\t\t\t<div class=\"elementor-widget-container\">\n\t\t\t\t\t\t\t\t\t\t\t\t\t\t\t<img decoding=\"async\" width=\"220\" height=\"314\" src=\"https:\/\/bobi.com\/wp-content\/uploads\/2024\/10\/Punainen-RAL-3001-11.jpg\" class=\"attachment-large size-large wp-image-957\" alt=\"\" srcset=\"https:\/\/bobi.com\/wp-content\/uploads\/2024\/10\/Punainen-RAL-3001-11.jpg 220w, https:\/\/bobi.com\/wp-content\/uploads\/2024\/10\/Punainen-RAL-3001-11-64x91.jpg 64w, https:\/\/bobi.com\/wp-content\/uploads\/2024\/10\/Punainen-RAL-3001-11-200x285.jpg 200w, https:\/\/bobi.com\/wp-content\/uploads\/2024\/10\/Punainen-RAL-3001-11-210x300.jpg 210w, https:\/\/bobi.com\/wp-content\/uploads\/2024\/10\/Punainen-RAL-3001-11-8x12.jpg 8w\" sizes=\"(max-width: 220px) 100vw, 220px\">\t\t\t\t\t\t\t\t\t\t\t\t\t\t\t<\/div>\n\t\t\t\t<\/div>\n\t\t\t\t\t<\/div>\n\t\t<\/div>\n\t\t\t\t<div class=\"elementor-column elementor-col-50 elementor-inner-column elementor-element elementor-element-ad2ec34\" data-id=\"ad2ec34\" data-element_type=\"column\" data-e-type=\"column\">\n\t\t\t<div class=\"elementor-widget-wrap elementor-element-populated\">\n\t\t\t\t\t\t<div class=\"elementor-element elementor-element-ddec3d5 elementor-widget elementor-widget-image\" data-id=\"ddec3d5\" data-element_type=\"widget\" data-e-type=\"widget\" data-widget_type=\"image.default\">\n\t\t\t\t<div class=\"elementor-widget-container\">\n\t\t\t\t\t\t\t\t\t\t\t\t\t\t\t<img loading=\"lazy\" decoding=\"async\" width=\"200\" height=\"283\" src=\"https:\/\/bobi.com\/wp-content\/uploads\/2024\/10\/resizedimage600283-saasuoja-eri-avaimet-1-e1729768834984.jpg\" class=\"attachment-large size-large wp-image-896\" alt=\"\" srcset=\"https:\/\/bobi.com\/wp-content\/uploads\/2024\/10\/resizedimage600283-saasuoja-eri-avaimet-1-e1729768834984.jpg 200w, https:\/\/bobi.com\/wp-content\/uploads\/2024\/10\/resizedimage600283-saasuoja-eri-avaimet-1-e1729768834984-64x91.jpg 64w, https:\/\/bobi.com\/wp-content\/uploads\/2024\/10\/resizedimage600283-saasuoja-eri-avaimet-1-e1729768834984-8x12.jpg 8w\" sizes=\"(max-width: 200px) 100vw, 200px\">\t\t\t\t\t\t\t\t\t\t\t\t\t\t\t<\/div>\n\t\t\t\t<\/div>\n\t\t\t\t\t<\/div>\n\t\t<\/div>\n\t\t\t\t\t<\/div>\n\t\t<\/section>\n\t\t\t\t\t<\/div>\n\t\t<\/div>\n\t\t\t\t\t<\/div>\n\t\t<\/section>\n\t\t\t\t<section class=\"elementor-section elementor-top-section elementor-element elementor-element-9f93a3a elementor-section-height-min-height elementor-section-boxed elementor-section-height-default elementor-section-items-middle\" data-id=\"9f93a3a\" data-element_type=\"section\" data-e-type=\"section\" data-settings=\"{&quot;background_background&quot;:&quot;classic&quot;,&quot;_ha_eqh_enable&quot;:false}\">\n\t\t\t\t\t\t\t<div class=\"elementor-background-overlay\"><\/div>\n\t\t\t\t\t\t\t<div class=\"elementor-container elementor-column-gap-default\">\n\t\t\t\t\t<div class=\"elementor-column elementor-col-100 elementor-top-column elementor-element elementor-element-0f2c9cf\" data-id=\"0f2c9cf\" data-element_type=\"column\" data-e-type=\"column\">\n\t\t\t<div class=\"elementor-widget-wrap elementor-element-populated\">\n\t\t\t\t\t\t<div class=\"elementor-element elementor-element-5893299 elementor-widget elementor-widget-heading\" data-id=\"5893299\" data-element_type=\"widget\" data-e-type=\"widget\" data-widget_type=\"heading.default\">\n\t\t\t\t<div class=\"elementor-widget-container\">\n\t\t\t\t\t<h2 class=\"elementor-heading-title elementor-size-default\">Durable and responsible<\/h2>\t\t\t\t<\/div>\n\t\t\t\t<\/div>\n\t\t\t\t<div class=\"elementor-element elementor-element-adcfb9f elementor-widget elementor-widget-text-editor\" data-id=\"adcfb9f\" data-element_type=\"widget\" data-e-type=\"widget\" data-widget_type=\"text-editor.default\">\n\t\t\t\t<div class=\"elementor-widget-container\">\n\t\t\t\t\t\t\t\t\t<p>Ever since its founding, Bobi has been committed to responsible practices. Its timeless design and durable steel construction make it a long-lasting choice. When a Bobi mailbox reaches the end of its life cycle, the steel material can be recycled. The products are manufactured in Finland by Leimec Oy, a subsidiary of the Leinolat Group, in accordance with ISO quality standards. This also means that employees work within an equal and law-abiding work community. Bobi has also been awarded the Key Flag Symbol, a respected Finnish collective mark that signifies quality and responsibility.<\/p>\t\t\t\t\t\t\t\t<\/div>\n\t\t\t\t<\/div>\n\t\t\t\t<div class=\"elementor-element elementor-element-cf5e9c7 elementor-widget elementor-widget-image\" data-id=\"cf5e9c7\" data-element_type=\"widget\" data-e-type=\"widget\" data-widget_type=\"image.default\">\n\t\t\t\t<div class=\"elementor-widget-container\">\n\t\t\t\t\t\t\t\t\t\t\t\t\t\t\t<img loading=\"lazy\" decoding=\"async\" width=\"715\" height=\"1024\" src=\"https:\/\/bobi.com\/wp-content\/uploads\/2024\/06\/Avainlippu.svg_-715x1024.png\" class=\"attachment-large size-large wp-image-111\" alt=\"\" srcset=\"https:\/\/bobi.com\/wp-content\/uploads\/2024\/06\/Avainlippu.svg_-715x1024.png 715w, https:\/\/bobi.com\/wp-content\/uploads\/2024\/06\/Avainlippu.svg_-500x716.png 500w, https:\/\/bobi.com\/wp-content\/uploads\/2024\/06\/Avainlippu.svg_-64x92.png 64w, https:\/\/bobi.com\/wp-content\/uploads\/2024\/06\/Avainlippu.svg_-210x300.png 210w, https:\/\/bobi.com\/wp-content\/uploads\/2024\/06\/Avainlippu.svg_-768x1100.png 768w, https:\/\/bobi.com\/wp-content\/uploads\/2024\/06\/Avainlippu.svg_-1073x1536.png 1073w, https:\/\/bobi.com\/wp-content\/uploads\/2024\/06\/Avainlippu.svg_.png 1200w\" sizes=\"(max-width: 715px) 100vw, 715px\">\t\t\t\t\t\t\t\t\t\t\t\t\t\t\t<\/div>\n\t\t\t\t<\/div>\n\t\t\t\t\t<\/div>\n\t\t<\/div>\n\t\t\t\t\t<\/div>\n\t\t<\/section>\n\t\t\t\t<\/div>","protected":false},"excerpt":{"rendered":"<p>Filosofiamme Funktionaalinen design-tuote Suunnittelumme l\u00e4ht\u00f6kohtana on tyylik\u00e4s, linjakas ja k\u00e4yt\u00f6ss\u00e4 erinomaisesti toimiva tuote. N\u00e4in kehit\u00e4mme my\u00f6s muotokielelt\u00e4\u00e4n ajattomia tuotteita. Klassisenmuotoilun [&hellip;]<\/p>\n","protected":false},"author":1,"featured_media":167,"parent":0,"menu_order":7,"comment_status":"closed","ping_status":"closed","template":"elementor_header_footer","meta":{"_acf_changed":false,"site-sidebar-layout":"default","site-content-layout":"","ast-site-content-layout":"default","site-content-style":"default","site-sidebar-style":"default","ast-global-header-display":"","ast-banner-title-visibility":"","ast-main-header-display":"","ast-hfb-above-header-display":"","ast-hfb-below-header-display":"","ast-hfb-mobile-header-display":"","site-post-title":"","ast-breadcrumbs-content":"","ast-featured-img":"","footer-sml-layout":"","ast-disable-related-posts":"","theme-transparent-header-meta":"","adv-header-id-meta":"","stick-header-meta":"","header-above-stick-meta":"","header-main-stick-meta":"","header-below-stick-meta":"","astra-migrate-meta-layouts":"default","ast-page-background-enabled":"default","ast-page-background-meta":{"desktop":{"background-color":"var(--ast-global-color-4)","background-image":"","background-repeat":"repeat","background-position":"center center","background-size":"auto","background-attachment":"scroll","background-type":"","background-media":"","overlay-type":"","overlay-color":"","overlay-opacity":"","overlay-gradient":""},"tablet":{"background-color":"","background-image":"","background-repeat":"repeat","background-position":"center center","background-size":"auto","background-attachment":"scroll","background-type":"","background-media":"","overlay-type":"","overlay-color":"","overlay-opacity":"","overlay-gradient":""},"mobile":{"background-color":"","background-image":"","background-repeat":"repeat","background-position":"center center","background-size":"auto","background-attachment":"scroll","background-type":"","background-media":"","overlay-type":"","overlay-color":"","overlay-opacity":"","overlay-gradient":""}},"ast-content-background-meta":{"desktop":{"background-color":"var(--ast-global-color-5)","background-image":"","background-repeat":"repeat","background-position":"center center","background-size":"auto","background-attachment":"scroll","background-type":"","background-media":"","overlay-type":"","overlay-color":"","overlay-opacity":"","overlay-gradient":""},"tablet":{"background-color":"var(--ast-global-color-5)","background-image":"","background-repeat":"repeat","background-position":"center center","background-size":"auto","background-attachment":"scroll","background-type":"","background-media":"","overlay-type":"","overlay-color":"","overlay-opacity":"","overlay-gradient":""},"mobile":{"background-color":"var(--ast-global-color-5)","background-image":"","background-repeat":"repeat","background-position":"center center","background-size":"auto","background-attachment":"scroll","background-type":"","background-media":"","overlay-type":"","overlay-color":"","overlay-opacity":"","overlay-gradient":""}},"footnotes":""},"class_list":["post-165","page","type-page","status-publish","has-post-thumbnail","hentry"],"acf":[],"_links":{"self":[{"href":"https:\/\/bobi.com\/en\/wp-json\/wp\/v2\/pages\/165","targetHints":{"allow":["GET"]}}],"collection":[{"href":"https:\/\/bobi.com\/en\/wp-json\/wp\/v2\/pages"}],"about":[{"href":"https:\/\/bobi.com\/en\/wp-json\/wp\/v2\/types\/page"}],"author":[{"embeddable":true,"href":"https:\/\/bobi.com\/en\/wp-json\/wp\/v2\/users\/1"}],"replies":[{"embeddable":true,"href":"https:\/\/bobi.com\/en\/wp-json\/wp\/v2\/comments?post=165"}],"version-history":[{"count":43,"href":"https:\/\/bobi.com\/en\/wp-json\/wp\/v2\/pages\/165\/revisions"}],"predecessor-version":[{"id":1836,"href":"https:\/\/bobi.com\/en\/wp-json\/wp\/v2\/pages\/165\/revisions\/1836"}],"wp:featuredmedia":[{"embeddable":true,"href":"https:\/\/bobi.com\/en\/wp-json\/wp\/v2\/media\/167"}],"wp:attachment":[{"href":"https:\/\/bobi.com\/en\/wp-json\/wp\/v2\/media?parent=165"}],"curies":[{"name":"wp","href":"https:\/\/api.w.org\/{rel}","templated":true}]}}