{"id":314,"date":"2024-07-11T05:59:39","date_gmt":"2024-07-11T05:59:39","guid":{"rendered":"https:\/\/bobi.com\/?page_id=314"},"modified":"2026-02-02T09:36:29","modified_gmt":"2026-02-02T09:36:29","slug":"care-instructions","status":"publish","type":"page","link":"https:\/\/bobi.com\/en\/care-instructions\/","title":{"rendered":"Care instructions"},"content":{"rendered":"<div data-elementor-type=\"wp-page\" data-elementor-id=\"314\" class=\"elementor elementor-314\" data-elementor-settings=\"{&quot;ha_cmc_init_switcher&quot;:&quot;no&quot;}\" data-elementor-post-type=\"page\">\n\t\t\t\t\t\t<section class=\"elementor-section elementor-top-section elementor-element elementor-element-af655d3 elementor-reverse-mobile elementor-section-boxed elementor-section-height-default elementor-section-height-default\" data-id=\"af655d3\" data-element_type=\"section\" data-e-type=\"section\" data-settings=\"{&quot;background_background&quot;:&quot;classic&quot;,&quot;_ha_eqh_enable&quot;:false}\">\n\t\t\t\t\t\t<div class=\"elementor-container elementor-column-gap-default\">\n\t\t\t\t\t<div class=\"elementor-column elementor-col-100 elementor-top-column elementor-element elementor-element-9ba9a96\" data-id=\"9ba9a96\" data-element_type=\"column\" data-e-type=\"column\">\n\t\t\t<div class=\"elementor-widget-wrap elementor-element-populated\">\n\t\t\t\t\t\t<div class=\"elementor-element elementor-element-b3b15d0 elementor-widget elementor-widget-heading\" data-id=\"b3b15d0\" data-element_type=\"widget\" data-e-type=\"widget\" data-widget_type=\"heading.default\">\n\t\t\t\t<div class=\"elementor-widget-container\">\n\t\t\t\t\t<h2 class=\"elementor-heading-title elementor-size-default\">Care instructions<\/h2>\t\t\t\t<\/div>\n\t\t\t\t<\/div>\n\t\t\t\t<div class=\"elementor-element elementor-element-b403318 elementor-widget elementor-widget-heading\" data-id=\"b403318\" data-element_type=\"widget\" data-e-type=\"widget\" data-widget_type=\"heading.default\">\n\t\t\t\t<div class=\"elementor-widget-container\">\n\t\t\t\t\t<h2 class=\"elementor-heading-title elementor-size-default\">Regular care keeps mailboxes<br>\nin good condition.<\/h2>\t\t\t\t<\/div>\n\t\t\t\t<\/div>\n\t\t\t\t<div class=\"elementor-element elementor-element-43c2c9c elementor-widget elementor-widget-text-editor\" data-id=\"43c2c9c\" data-element_type=\"widget\" data-e-type=\"widget\" data-widget_type=\"text-editor.default\">\n\t\t\t\t<div class=\"elementor-widget-container\">\n\t\t\t\t\t\t\t\t\t<p>Mailboxes are often located in places where they are easily exposed to various environmental and traffic-related pollutants. Stress is caused by, for example, salts used for street maintenance, as well as road dust and soot. In addition to impurities, winter conditions and the sun's UV radiation also strain mailboxes. To achieve a long service life, we recommend regular cleaning and maintenance of the mailboxes at least once a year, for example in the autumn before the winter frosts.<\/p>\t\t\t\t\t\t\t\t<\/div>\n\t\t\t\t<\/div>\n\t\t\t\t<section class=\"elementor-section elementor-inner-section elementor-element elementor-element-ab70582 elementor-section-full_width elementor-section-height-default elementor-section-height-default\" data-id=\"ab70582\" data-element_type=\"section\" data-e-type=\"section\" data-settings=\"{&quot;_ha_eqh_enable&quot;:false}\">\n\t\t\t\t\t\t<div class=\"elementor-container elementor-column-gap-default\">\n\t\t\t\t\t<div class=\"elementor-column elementor-col-33 elementor-inner-column elementor-element elementor-element-073ba99\" data-id=\"073ba99\" data-element_type=\"column\" data-e-type=\"column\">\n\t\t\t<div class=\"elementor-widget-wrap elementor-element-populated\">\n\t\t\t\t\t\t<div class=\"elementor-element elementor-element-81333e1 elementor-widget elementor-widget-image\" data-id=\"81333e1\" data-element_type=\"widget\" data-e-type=\"widget\" data-widget_type=\"image.default\">\n\t\t\t\t<div class=\"elementor-widget-container\">\n\t\t\t\t\t\t\t\t\t\t\t\t\t\t\t<img fetchpriority=\"high\" decoding=\"async\" width=\"537\" height=\"536\" src=\"https:\/\/bobi.com\/wp-content\/uploads\/2024\/07\/Nayttokuva-2024-7-11-kello-9.03.07.png\" class=\"attachment-large size-large wp-image-325\" alt=\"\" srcset=\"https:\/\/bobi.com\/wp-content\/uploads\/2024\/07\/Nayttokuva-2024-7-11-kello-9.03.07.png 537w, https:\/\/bobi.com\/wp-content\/uploads\/2024\/07\/Nayttokuva-2024-7-11-kello-9.03.07-100x100.png 100w, https:\/\/bobi.com\/wp-content\/uploads\/2024\/07\/Nayttokuva-2024-7-11-kello-9.03.07-500x499.png 500w, https:\/\/bobi.com\/wp-content\/uploads\/2024\/07\/Nayttokuva-2024-7-11-kello-9.03.07-64x64.png 64w, https:\/\/bobi.com\/wp-content\/uploads\/2024\/07\/Nayttokuva-2024-7-11-kello-9.03.07-200x200.png 200w, https:\/\/bobi.com\/wp-content\/uploads\/2024\/07\/Nayttokuva-2024-7-11-kello-9.03.07-300x300.png 300w, https:\/\/bobi.com\/wp-content\/uploads\/2024\/07\/Nayttokuva-2024-7-11-kello-9.03.07-150x150.png 150w, https:\/\/bobi.com\/wp-content\/uploads\/2024\/07\/Nayttokuva-2024-7-11-kello-9.03.07-12x12.png 12w\" sizes=\"(max-width: 537px) 100vw, 537px\">\t\t\t\t\t\t\t\t\t\t\t\t\t\t\t<\/div>\n\t\t\t\t<\/div>\n\t\t\t\t<div class=\"elementor-element elementor-element-bf1304c elementor-widget elementor-widget-text-editor\" data-id=\"bf1304c\" data-element_type=\"widget\" data-e-type=\"widget\" data-widget_type=\"text-editor.default\">\n\t\t\t\t<div class=\"elementor-widget-container\">\n\t\t\t\t\t\t\t\t\t<p>Wash the mailbox with a mild detergent, for example, dish soap.<\/p>\t\t\t\t\t\t\t\t<\/div>\n\t\t\t\t<\/div>\n\t\t\t\t\t<\/div>\n\t\t<\/div>\n\t\t\t\t<div class=\"elementor-column elementor-col-33 elementor-inner-column elementor-element elementor-element-cd3507c\" data-id=\"cd3507c\" data-element_type=\"column\" data-e-type=\"column\">\n\t\t\t<div class=\"elementor-widget-wrap elementor-element-populated\">\n\t\t\t\t\t\t<div class=\"elementor-element elementor-element-236f5e3 elementor-widget elementor-widget-image\" data-id=\"236f5e3\" data-element_type=\"widget\" data-e-type=\"widget\" data-widget_type=\"image.default\">\n\t\t\t\t<div class=\"elementor-widget-container\">\n\t\t\t\t\t\t\t\t\t\t\t\t\t\t\t<img decoding=\"async\" width=\"394\" height=\"394\" src=\"https:\/\/bobi.com\/wp-content\/uploads\/2024\/09\/rinse.jpg\" class=\"attachment-large size-large wp-image-594\" alt=\"\" srcset=\"https:\/\/bobi.com\/wp-content\/uploads\/2024\/09\/rinse.jpg 394w, https:\/\/bobi.com\/wp-content\/uploads\/2024\/09\/rinse-100x100.jpg 100w, https:\/\/bobi.com\/wp-content\/uploads\/2024\/09\/rinse-64x64.jpg 64w, https:\/\/bobi.com\/wp-content\/uploads\/2024\/09\/rinse-200x200.jpg 200w, https:\/\/bobi.com\/wp-content\/uploads\/2024\/09\/rinse-300x300.jpg 300w, https:\/\/bobi.com\/wp-content\/uploads\/2024\/09\/rinse-150x150.jpg 150w, https:\/\/bobi.com\/wp-content\/uploads\/2024\/09\/rinse-12x12.jpg 12w\" sizes=\"(max-width: 394px) 100vw, 394px\">\t\t\t\t\t\t\t\t\t\t\t\t\t\t\t<\/div>\n\t\t\t\t<\/div>\n\t\t\t\t<div class=\"elementor-element elementor-element-093aebc elementor-widget elementor-widget-text-editor\" data-id=\"093aebc\" data-element_type=\"widget\" data-e-type=\"widget\" data-widget_type=\"text-editor.default\">\n\t\t\t\t<div class=\"elementor-widget-container\">\n\t\t\t\t\t\t\t\t\t<p>Rinse.<\/p>\t\t\t\t\t\t\t\t<\/div>\n\t\t\t\t<\/div>\n\t\t\t\t\t<\/div>\n\t\t<\/div>\n\t\t\t\t<div class=\"elementor-column elementor-col-33 elementor-inner-column elementor-element elementor-element-5c80a38\" data-id=\"5c80a38\" data-element_type=\"column\" data-e-type=\"column\">\n\t\t\t<div class=\"elementor-widget-wrap elementor-element-populated\">\n\t\t\t\t\t\t<div class=\"elementor-element elementor-element-c7e9aa9 elementor-widget elementor-widget-image\" data-id=\"c7e9aa9\" data-element_type=\"widget\" data-e-type=\"widget\" data-widget_type=\"image.default\">\n\t\t\t\t<div class=\"elementor-widget-container\">\n\t\t\t\t\t\t\t\t\t\t\t\t\t\t\t<img decoding=\"async\" width=\"394\" height=\"394\" src=\"https:\/\/bobi.com\/wp-content\/uploads\/2024\/09\/dry.jpg\" class=\"attachment-large size-large wp-image-595\" alt=\"\" srcset=\"https:\/\/bobi.com\/wp-content\/uploads\/2024\/09\/dry.jpg 394w, https:\/\/bobi.com\/wp-content\/uploads\/2024\/09\/dry-100x100.jpg 100w, https:\/\/bobi.com\/wp-content\/uploads\/2024\/09\/dry-64x64.jpg 64w, https:\/\/bobi.com\/wp-content\/uploads\/2024\/09\/dry-200x200.jpg 200w, https:\/\/bobi.com\/wp-content\/uploads\/2024\/09\/dry-300x300.jpg 300w, https:\/\/bobi.com\/wp-content\/uploads\/2024\/09\/dry-150x150.jpg 150w, https:\/\/bobi.com\/wp-content\/uploads\/2024\/09\/dry-12x12.jpg 12w\" sizes=\"(max-width: 394px) 100vw, 394px\">\t\t\t\t\t\t\t\t\t\t\t\t\t\t\t<\/div>\n\t\t\t\t<\/div>\n\t\t\t\t<div class=\"elementor-element elementor-element-56007a9 elementor-widget elementor-widget-text-editor\" data-id=\"56007a9\" data-element_type=\"widget\" data-e-type=\"widget\" data-widget_type=\"text-editor.default\">\n\t\t\t\t<div class=\"elementor-widget-container\">\n\t\t\t\t\t\t\t\t\t<p>Finally, dry the surface.<\/p>\t\t\t\t\t\t\t\t<\/div>\n\t\t\t\t<\/div>\n\t\t\t\t\t<\/div>\n\t\t<\/div>\n\t\t\t\t\t<\/div>\n\t\t<\/section>\n\t\t\t\t<section class=\"elementor-section elementor-inner-section elementor-element elementor-element-4ba5dcf elementor-section-full_width elementor-section-height-default elementor-section-height-default\" data-id=\"4ba5dcf\" data-element_type=\"section\" data-e-type=\"section\" data-settings=\"{&quot;_ha_eqh_enable&quot;:false}\">\n\t\t\t\t\t\t<div class=\"elementor-container elementor-column-gap-default\">\n\t\t\t\t\t<div class=\"elementor-column elementor-col-33 elementor-inner-column elementor-element elementor-element-ba511b2\" data-id=\"ba511b2\" data-element_type=\"column\" data-e-type=\"column\">\n\t\t\t<div class=\"elementor-widget-wrap elementor-element-populated\">\n\t\t\t\t\t\t<div class=\"elementor-element elementor-element-f8bdb01 elementor-widget elementor-widget-image\" data-id=\"f8bdb01\" data-element_type=\"widget\" data-e-type=\"widget\" data-widget_type=\"image.default\">\n\t\t\t\t<div class=\"elementor-widget-container\">\n\t\t\t\t\t\t\t\t\t\t\t\t\t\t\t<img loading=\"lazy\" decoding=\"async\" width=\"394\" height=\"394\" src=\"https:\/\/bobi.com\/wp-content\/uploads\/2024\/09\/wax.jpg\" class=\"attachment-large size-large wp-image-596\" alt=\"\" srcset=\"https:\/\/bobi.com\/wp-content\/uploads\/2024\/09\/wax.jpg 394w, https:\/\/bobi.com\/wp-content\/uploads\/2024\/09\/wax-100x100.jpg 100w, https:\/\/bobi.com\/wp-content\/uploads\/2024\/09\/wax-64x64.jpg 64w, https:\/\/bobi.com\/wp-content\/uploads\/2024\/09\/wax-200x200.jpg 200w, https:\/\/bobi.com\/wp-content\/uploads\/2024\/09\/wax-300x300.jpg 300w, https:\/\/bobi.com\/wp-content\/uploads\/2024\/09\/wax-150x150.jpg 150w, https:\/\/bobi.com\/wp-content\/uploads\/2024\/09\/wax-12x12.jpg 12w\" sizes=\"(max-width: 394px) 100vw, 394px\">\t\t\t\t\t\t\t\t\t\t\t\t\t\t\t<\/div>\n\t\t\t\t<\/div>\n\t\t\t\t<div class=\"elementor-element elementor-element-fcaca77 elementor-widget elementor-widget-text-editor\" data-id=\"fcaca77\" data-element_type=\"widget\" data-e-type=\"widget\" data-widget_type=\"text-editor.default\">\n\t\t\t\t<div class=\"elementor-widget-container\">\n\t\t\t\t\t\t\t\t\t<p>The clean, dry surface can optionally be waxed and polished with car wax. A waxed surface repels dirt better. However, do not wax a textured surface (e.g., textured black).<\/p>\t\t\t\t\t\t\t\t<\/div>\n\t\t\t\t<\/div>\n\t\t\t\t\t<\/div>\n\t\t<\/div>\n\t\t\t\t<div class=\"elementor-column elementor-col-33 elementor-inner-column elementor-element elementor-element-e28bb5c\" data-id=\"e28bb5c\" data-element_type=\"column\" data-e-type=\"column\">\n\t\t\t<div class=\"elementor-widget-wrap elementor-element-populated\">\n\t\t\t\t\t\t<div class=\"elementor-element elementor-element-1252001 elementor-widget elementor-widget-image\" data-id=\"1252001\" data-element_type=\"widget\" data-e-type=\"widget\" data-widget_type=\"image.default\">\n\t\t\t\t<div class=\"elementor-widget-container\">\n\t\t\t\t\t\t\t\t\t\t\t\t\t\t\t<img loading=\"lazy\" decoding=\"async\" width=\"394\" height=\"394\" src=\"https:\/\/bobi.com\/wp-content\/uploads\/2024\/09\/oil.jpg\" class=\"attachment-large size-large wp-image-597\" alt=\"\" srcset=\"https:\/\/bobi.com\/wp-content\/uploads\/2024\/09\/oil.jpg 394w, https:\/\/bobi.com\/wp-content\/uploads\/2024\/09\/oil-100x100.jpg 100w, https:\/\/bobi.com\/wp-content\/uploads\/2024\/09\/oil-64x64.jpg 64w, https:\/\/bobi.com\/wp-content\/uploads\/2024\/09\/oil-200x200.jpg 200w, https:\/\/bobi.com\/wp-content\/uploads\/2024\/09\/oil-300x300.jpg 300w, https:\/\/bobi.com\/wp-content\/uploads\/2024\/09\/oil-150x150.jpg 150w, https:\/\/bobi.com\/wp-content\/uploads\/2024\/09\/oil-12x12.jpg 12w\" sizes=\"(max-width: 394px) 100vw, 394px\">\t\t\t\t\t\t\t\t\t\t\t\t\t\t\t<\/div>\n\t\t\t\t<\/div>\n\t\t\t\t<div class=\"elementor-element elementor-element-115f9fc elementor-widget elementor-widget-text-editor\" data-id=\"115f9fc\" data-element_type=\"widget\" data-e-type=\"widget\" data-widget_type=\"text-editor.default\">\n\t\t\t\t<div class=\"elementor-widget-container\">\n\t\t\t\t\t\t\t\t\t<p>Lubricate the lock. We recommend a good quality gun or lock oil. Do not use graphite-based or natural oils for lubrication. Over time, these can cause the disc detainer to stick and the lock's performance to deteriorate.<\/p>\t\t\t\t\t\t\t\t<\/div>\n\t\t\t\t<\/div>\n\t\t\t\t\t<\/div>\n\t\t<\/div>\n\t\t\t\t<div class=\"elementor-column elementor-col-33 elementor-inner-column elementor-element elementor-element-0221b40\" data-id=\"0221b40\" data-element_type=\"column\" data-e-type=\"column\">\n\t\t\t<div class=\"elementor-widget-wrap elementor-element-populated\">\n\t\t\t\t\t\t<div class=\"elementor-element elementor-element-a74af36 elementor-widget elementor-widget-image\" data-id=\"a74af36\" data-element_type=\"widget\" data-e-type=\"widget\" data-widget_type=\"image.default\">\n\t\t\t\t<div class=\"elementor-widget-container\">\n\t\t\t\t\t\t\t\t\t\t\t\t\t\t\t<img loading=\"lazy\" decoding=\"async\" width=\"394\" height=\"394\" src=\"https:\/\/bobi.com\/wp-content\/uploads\/2024\/09\/ready.jpg\" class=\"attachment-large size-large wp-image-598\" alt=\"\" srcset=\"https:\/\/bobi.com\/wp-content\/uploads\/2024\/09\/ready.jpg 394w, https:\/\/bobi.com\/wp-content\/uploads\/2024\/09\/ready-100x100.jpg 100w, https:\/\/bobi.com\/wp-content\/uploads\/2024\/09\/ready-64x64.jpg 64w, https:\/\/bobi.com\/wp-content\/uploads\/2024\/09\/ready-200x200.jpg 200w, https:\/\/bobi.com\/wp-content\/uploads\/2024\/09\/ready-300x300.jpg 300w, https:\/\/bobi.com\/wp-content\/uploads\/2024\/09\/ready-150x150.jpg 150w, https:\/\/bobi.com\/wp-content\/uploads\/2024\/09\/ready-12x12.jpg 12w\" sizes=\"(max-width: 394px) 100vw, 394px\">\t\t\t\t\t\t\t\t\t\t\t\t\t\t\t<\/div>\n\t\t\t\t<\/div>\n\t\t\t\t<div class=\"elementor-element elementor-element-032e4d4 elementor-widget elementor-widget-text-editor\" data-id=\"032e4d4\" data-element_type=\"widget\" data-e-type=\"widget\" data-widget_type=\"text-editor.default\">\n\t\t\t\t<div class=\"elementor-widget-container\">\n\t\t\t\t\t\t\t\t\t<p>Finally, check that the hatches move freely and adjust if necessary.<br \/>tarvittaessa. S\u00e4\u00e4nn\u00f6llinen hoito pit\u00e4\u00e4 Bobi postilaatikon siistin\u00e4 ja toimintakunnossa vuodesta toiseen.<\/p>\t\t\t\t\t\t\t\t<\/div>\n\t\t\t\t<\/div>\n\t\t\t\t\t<\/div>\n\t\t<\/div>\n\t\t\t\t\t<\/div>\n\t\t<\/section>\n\t\t\t\t<div class=\"elementor-element elementor-element-c58b0c4 elementor-widget elementor-widget-heading\" data-id=\"c58b0c4\" data-element_type=\"widget\" data-e-type=\"widget\" data-widget_type=\"heading.default\">\n\t\t\t\t<div class=\"elementor-widget-container\">\n\t\t\t\t\t<h2 class=\"elementor-heading-title elementor-size-default\">Stainless steel maintenance<\/h2>\t\t\t\t<\/div>\n\t\t\t\t<\/div>\n\t\t\t\t<div class=\"elementor-element elementor-element-6d6c618 elementor-widget elementor-widget-text-editor\" data-id=\"6d6c618\" data-element_type=\"widget\" data-e-type=\"widget\" data-widget_type=\"text-editor.default\">\n\t\t\t\t<div class=\"elementor-widget-container\">\n\t\t\t\t\t\t\t\t\t<p>Despite its name, stainless steel can still rust and needs care to stay looking good, \"stainless\", for years. Stainless steel mailboxes should also be washed from time to time to remove salt\/slush residue before corrosion can form. Untreated surfaces can develop rust stains that cannot be removed by normal washing. However, if rust stains have formed on the surface of the mailbox, they can be removed without scratching the mailbox.<\/p>\t\t\t\t\t\t\t\t<\/div>\n\t\t\t\t<\/div>\n\t\t\t\t\t<\/div>\n\t\t<\/div>\n\t\t\t\t\t<\/div>\n\t\t<\/section>\n\t\t\t\t<\/div>","protected":false},"excerpt":{"rendered":"<p>Huolto-ohjeet S\u00e4\u00e4nn\u00f6llinen hoito pit\u00e4\u00e4 postilaatikot kunnossa vuodesta toiseen Postilaatikot sijaitsevat usein paikoissa, joissa ne altistuvat helposti monenlaisille ymp\u00e4rist\u00f6n ja liikenteen [&hellip;]<\/p>\n","protected":false},"author":1,"featured_media":325,"parent":0,"menu_order":46,"comment_status":"closed","ping_status":"closed","template":"elementor_header_footer","meta":{"_acf_changed":false,"site-sidebar-layout":"default","site-content-layout":"","ast-site-content-layout":"default","site-content-style":"default","site-sidebar-style":"default","ast-global-header-display":"","ast-banner-title-visibility":"","ast-main-header-display":"","ast-hfb-above-header-display":"","ast-hfb-below-header-display":"","ast-hfb-mobile-header-display":"","site-post-title":"","ast-breadcrumbs-content":"","ast-featured-img":"","footer-sml-layout":"","ast-disable-related-posts":"","theme-transparent-header-meta":"","adv-header-id-meta":"","stick-header-meta":"","header-above-stick-meta":"","header-main-stick-meta":"","header-below-stick-meta":"","astra-migrate-meta-layouts":"default","ast-page-background-enabled":"default","ast-page-background-meta":{"desktop":{"background-color":"var(--ast-global-color-4)","background-image":"","background-repeat":"repeat","background-position":"center center","background-size":"auto","background-attachment":"scroll","background-type":"","background-media":"","overlay-type":"","overlay-color":"","overlay-opacity":"","overlay-gradient":""},"tablet":{"background-color":"","background-image":"","background-repeat":"repeat","background-position":"center center","background-size":"auto","background-attachment":"scroll","background-type":"","background-media":"","overlay-type":"","overlay-color":"","overlay-opacity":"","overlay-gradient":""},"mobile":{"background-color":"","background-image":"","background-repeat":"repeat","background-position":"center center","background-size":"auto","background-attachment":"scroll","background-type":"","background-media":"","overlay-type":"","overlay-color":"","overlay-opacity":"","overlay-gradient":""}},"ast-content-background-meta":{"desktop":{"background-color":"var(--ast-global-color-5)","background-image":"","background-repeat":"repeat","background-position":"center center","background-size":"auto","background-attachment":"scroll","background-type":"","background-media":"","overlay-type":"","overlay-color":"","overlay-opacity":"","overlay-gradient":""},"tablet":{"background-color":"var(--ast-global-color-5)","background-image":"","background-repeat":"repeat","background-position":"center center","background-size":"auto","background-attachment":"scroll","background-type":"","background-media":"","overlay-type":"","overlay-color":"","overlay-opacity":"","overlay-gradient":""},"mobile":{"background-color":"var(--ast-global-color-5)","background-image":"","background-repeat":"repeat","background-position":"center center","background-size":"auto","background-attachment":"scroll","background-type":"","background-media":"","overlay-type":"","overlay-color":"","overlay-opacity":"","overlay-gradient":""}},"footnotes":""},"class_list":["post-314","page","type-page","status-publish","has-post-thumbnail","hentry"],"acf":[],"_links":{"self":[{"href":"https:\/\/bobi.com\/en\/wp-json\/wp\/v2\/pages\/314","targetHints":{"allow":["GET"]}}],"collection":[{"href":"https:\/\/bobi.com\/en\/wp-json\/wp\/v2\/pages"}],"about":[{"href":"https:\/\/bobi.com\/en\/wp-json\/wp\/v2\/types\/page"}],"author":[{"embeddable":true,"href":"https:\/\/bobi.com\/en\/wp-json\/wp\/v2\/users\/1"}],"replies":[{"embeddable":true,"href":"https:\/\/bobi.com\/en\/wp-json\/wp\/v2\/comments?post=314"}],"version-history":[{"count":46,"href":"https:\/\/bobi.com\/en\/wp-json\/wp\/v2\/pages\/314\/revisions"}],"predecessor-version":[{"id":1843,"href":"https:\/\/bobi.com\/en\/wp-json\/wp\/v2\/pages\/314\/revisions\/1843"}],"wp:featuredmedia":[{"embeddable":true,"href":"https:\/\/bobi.com\/en\/wp-json\/wp\/v2\/media\/325"}],"wp:attachment":[{"href":"https:\/\/bobi.com\/en\/wp-json\/wp\/v2\/media?parent=314"}],"curies":[{"name":"wp","href":"https:\/\/api.w.org\/{rel}","templated":true}]}}