{"id":234,"date":"2024-06-24T12:16:44","date_gmt":"2024-06-24T12:16:44","guid":{"rendered":"https:\/\/bobi.com\/?page_id=234"},"modified":"2026-02-05T14:00:15","modified_gmt":"2026-02-05T12:00:15","slug":"durabilite","status":"publish","type":"page","link":"https:\/\/bobi.com\/fr\/durabilite\/","title":{"rendered":"Durabilit\u00e9"},"content":{"rendered":"<div data-elementor-type=\"wp-page\" data-elementor-id=\"234\" class=\"elementor elementor-234\" data-elementor-settings=\"{&quot;ha_cmc_init_switcher&quot;:&quot;no&quot;}\" data-elementor-post-type=\"page\">\n\t\t\t\t\t\t<section class=\"elementor-section elementor-top-section elementor-element elementor-element-750c782 elementor-section-full_width elementor-section-height-default elementor-section-height-default\" data-id=\"750c782\" data-element_type=\"section\" data-e-type=\"section\" data-settings=\"{&quot;background_background&quot;:&quot;classic&quot;,&quot;_ha_eqh_enable&quot;:false}\">\n\t\t\t\t\t\t\t<div class=\"elementor-background-overlay\"><\/div>\n\t\t\t\t\t\t\t<div class=\"elementor-container elementor-column-gap-default\">\n\t\t\t\t\t<div class=\"elementor-column elementor-col-50 elementor-top-column elementor-element elementor-element-fd7076b\" data-id=\"fd7076b\" data-element_type=\"column\" data-e-type=\"column\" data-settings=\"{&quot;background_background&quot;:&quot;classic&quot;}\">\n\t\t\t<div class=\"elementor-widget-wrap elementor-element-populated\">\n\t\t\t\t\t\t<div class=\"elementor-element elementor-element-8b2da40 elementor-widget elementor-widget-spacer\" data-id=\"8b2da40\" data-element_type=\"widget\" data-e-type=\"widget\" data-widget_type=\"spacer.default\">\n\t\t\t\t<div class=\"elementor-widget-container\">\n\t\t\t\t\t\t\t<div class=\"elementor-spacer\">\n\t\t\t<div class=\"elementor-spacer-inner\"><\/div>\n\t\t<\/div>\n\t\t\t\t\t\t<\/div>\n\t\t\t\t<\/div>\n\t\t\t\t\t<\/div>\n\t\t<\/div>\n\t\t\t\t<div class=\"elementor-column elementor-col-50 elementor-top-column elementor-element elementor-element-b2fc3b8\" data-id=\"b2fc3b8\" data-element_type=\"column\" data-e-type=\"column\" data-settings=\"{&quot;background_background&quot;:&quot;classic&quot;}\">\n\t\t\t<div class=\"elementor-widget-wrap elementor-element-populated\">\n\t\t\t\t\t\t<div class=\"elementor-element elementor-element-00f26a7 elementor-widget elementor-widget-heading\" data-id=\"00f26a7\" data-element_type=\"widget\" data-e-type=\"widget\" data-widget_type=\"heading.default\">\n\t\t\t\t<div class=\"elementor-widget-container\">\n\t\t\t\t\t<h2 class=\"elementor-heading-title elementor-size-default\">Durabilit\u00e9<\/h2>\t\t\t\t<\/div>\n\t\t\t\t<\/div>\n\t\t\t\t<div class=\"elementor-element elementor-element-6e9f01b elementor-widget elementor-widget-heading\" data-id=\"6e9f01b\" data-element_type=\"widget\" data-e-type=\"widget\" data-widget_type=\"heading.default\">\n\t\t\t\t<div class=\"elementor-widget-container\">\n\t\t\t\t\t<h2 class=\"elementor-heading-title elementor-size-default\">Intemporel et d'actualit\u00e9<\/h2>\t\t\t\t<\/div>\n\t\t\t\t<\/div>\n\t\t\t\t<div class=\"elementor-element elementor-element-f524e53 elementor-widget elementor-widget-text-editor\" data-id=\"f524e53\" data-element_type=\"widget\" data-e-type=\"widget\" data-widget_type=\"text-editor.default\">\n\t\t\t\t<div class=\"elementor-widget-container\">\n\t\t\t\t\t\t\t\t\t<p>L'intemporalit\u00e9 de Bobi est plus pertinente que jamais. Des mat\u00e9riaux durables combin\u00e9s \u00e0 un design intemporel ravissent nos clients chaque jour, ann\u00e9e apr\u00e8s ann\u00e9e. Depuis des ann\u00e9es, notre objectif est de fournir un produit fonctionnel pour chaque maison, pour chaque besoin.<\/p>\t\t\t\t\t\t\t\t<\/div>\n\t\t\t\t<\/div>\n\t\t\t\t\t<\/div>\n\t\t<\/div>\n\t\t\t\t\t<\/div>\n\t\t<\/section>\n\t\t\t\t<section class=\"elementor-section elementor-top-section elementor-element elementor-element-d047b8a elementor-section-full_width elementor-reverse-mobile elementor-section-height-default elementor-section-height-default\" data-id=\"d047b8a\" data-element_type=\"section\" data-e-type=\"section\" data-settings=\"{&quot;background_background&quot;:&quot;classic&quot;,&quot;_ha_eqh_enable&quot;:false}\">\n\t\t\t\t\t\t\t<div class=\"elementor-background-overlay\"><\/div>\n\t\t\t\t\t\t\t<div class=\"elementor-container elementor-column-gap-default\">\n\t\t\t\t\t<div class=\"elementor-column elementor-col-50 elementor-top-column elementor-element elementor-element-2d33f9c\" data-id=\"2d33f9c\" data-element_type=\"column\" data-e-type=\"column\" data-settings=\"{&quot;background_background&quot;:&quot;classic&quot;}\">\n\t\t\t<div class=\"elementor-widget-wrap elementor-element-populated\">\n\t\t\t\t\t\t<div class=\"elementor-element elementor-element-50e9678 elementor-widget elementor-widget-heading\" data-id=\"50e9678\" data-element_type=\"widget\" data-e-type=\"widget\" data-widget_type=\"heading.default\">\n\t\t\t\t<div class=\"elementor-widget-container\">\n\t\t\t\t\t<h2 class=\"elementor-heading-title elementor-size-default\">Mat\u00e9riau : acier responsable<\/h2>\t\t\t\t<\/div>\n\t\t\t\t<\/div>\n\t\t\t\t<div class=\"elementor-element elementor-element-2b9bb39 elementor-widget elementor-widget-text-editor\" data-id=\"2b9bb39\" data-element_type=\"widget\" data-e-type=\"widget\" data-widget_type=\"text-editor.default\">\n\t\t\t\t<div class=\"elementor-widget-container\">\n\t\t\t\t\t\t\t\t\t<p>Les bobs sont fabriqu\u00e9s en acier par Leimec \u00e0 Vaasa. L'expertise de Leimec en mati\u00e8re de fabrication de t\u00f4les, combin\u00e9e au mat\u00e9riau utilis\u00e9 pour fabriquer les bo\u00eetes aux lettres, garantit un produit durable fabriqu\u00e9 avec une utilisation prudente des mat\u00e9riaux. Le taux de recyclage de la ferraille en Finlande est proche de 100 % et nous travaillons avec notre fabricant pour nous assurer que la petite quantit\u00e9 de d\u00e9chets g\u00e9n\u00e9r\u00e9e pendant la production est recycl\u00e9e.<\/p><p>Notre fabricant s'engage \u00e0 respecter la certification de qualit\u00e9 ISO9001 et la certification environnementale ISO14001 dans la fabrication de nos produits.<\/p>\t\t\t\t\t\t\t\t<\/div>\n\t\t\t\t<\/div>\n\t\t\t\t\t<\/div>\n\t\t<\/div>\n\t\t\t\t<div class=\"elementor-column elementor-col-50 elementor-top-column elementor-element elementor-element-bb47451\" data-id=\"bb47451\" data-element_type=\"column\" data-e-type=\"column\" data-settings=\"{&quot;background_background&quot;:&quot;classic&quot;}\">\n\t\t\t<div class=\"elementor-widget-wrap elementor-element-populated\">\n\t\t\t\t\t\t<div class=\"elementor-element elementor-element-70d7aa3 elementor-widget elementor-widget-spacer\" data-id=\"70d7aa3\" data-element_type=\"widget\" data-e-type=\"widget\" data-widget_type=\"spacer.default\">\n\t\t\t\t<div class=\"elementor-widget-container\">\n\t\t\t\t\t\t\t<div class=\"elementor-spacer\">\n\t\t\t<div class=\"elementor-spacer-inner\"><\/div>\n\t\t<\/div>\n\t\t\t\t\t\t<\/div>\n\t\t\t\t<\/div>\n\t\t\t\t\t<\/div>\n\t\t<\/div>\n\t\t\t\t\t<\/div>\n\t\t<\/section>\n\t\t\t\t<section class=\"elementor-section elementor-top-section elementor-element elementor-element-10fcca0 elementor-section-boxed elementor-section-height-default elementor-section-height-default\" data-id=\"10fcca0\" data-element_type=\"section\" data-e-type=\"section\" data-settings=\"{&quot;background_background&quot;:&quot;classic&quot;,&quot;_ha_eqh_enable&quot;:false}\">\n\t\t\t\t\t\t<div class=\"elementor-container elementor-column-gap-default\">\n\t\t\t\t\t<div class=\"elementor-column elementor-col-50 elementor-top-column elementor-element elementor-element-7a0bcbd\" data-id=\"7a0bcbd\" data-element_type=\"column\" data-e-type=\"column\">\n\t\t\t<div class=\"elementor-widget-wrap elementor-element-populated\">\n\t\t\t\t\t\t<div class=\"elementor-element elementor-element-7c58882 elementor-widget elementor-widget-image\" data-id=\"7c58882\" data-element_type=\"widget\" data-e-type=\"widget\" data-widget_type=\"image.default\">\n\t\t\t\t<div class=\"elementor-widget-container\">\n\t\t\t\t\t\t\t\t\t\t\t\t\t\t\t<img fetchpriority=\"high\" decoding=\"async\" width=\"1024\" height=\"784\" src=\"https:\/\/bobi.com\/wp-content\/uploads\/2024\/10\/grande-live-021-2-scaled-e1729769208772-1024x784.jpg\" class=\"attachment-large size-large wp-image-1005\" alt=\"\" srcset=\"https:\/\/bobi.com\/wp-content\/uploads\/2024\/10\/grande-live-021-2-scaled-e1729769208772-1024x784.jpg 1024w, https:\/\/bobi.com\/wp-content\/uploads\/2024\/10\/grande-live-021-2-scaled-e1729769208772-500x383.jpg 500w, https:\/\/bobi.com\/wp-content\/uploads\/2024\/10\/grande-live-021-2-scaled-e1729769208772-64x49.jpg 64w, https:\/\/bobi.com\/wp-content\/uploads\/2024\/10\/grande-live-021-2-scaled-e1729769208772-300x230.jpg 300w, https:\/\/bobi.com\/wp-content\/uploads\/2024\/10\/grande-live-021-2-scaled-e1729769208772-768x588.jpg 768w, https:\/\/bobi.com\/wp-content\/uploads\/2024\/10\/grande-live-021-2-scaled-e1729769208772-1536x1176.jpg 1536w, https:\/\/bobi.com\/wp-content\/uploads\/2024\/10\/grande-live-021-2-scaled-e1729769208772-16x12.jpg 16w, https:\/\/bobi.com\/wp-content\/uploads\/2024\/10\/grande-live-021-2-scaled-e1729769208772.jpg 1834w\" sizes=\"(max-width: 1024px) 100vw, 1024px\">\t\t\t\t\t\t\t\t\t\t\t\t\t\t\t<\/div>\n\t\t\t\t<\/div>\n\t\t\t\t\t<\/div>\n\t\t<\/div>\n\t\t\t\t<div class=\"elementor-column elementor-col-50 elementor-top-column elementor-element elementor-element-f4f1912\" data-id=\"f4f1912\" data-element_type=\"column\" data-e-type=\"column\">\n\t\t\t<div class=\"elementor-widget-wrap elementor-element-populated\">\n\t\t\t\t\t\t<div class=\"elementor-element elementor-element-34b4f9b elementor-widget elementor-widget-heading\" data-id=\"34b4f9b\" data-element_type=\"widget\" data-e-type=\"widget\" data-widget_type=\"heading.default\">\n\t\t\t\t<div class=\"elementor-widget-container\">\n\t\t\t\t\t<h2 class=\"elementor-heading-title elementor-size-default\">La long\u00e9vit\u00e9 r\u00e9duit l'empreinte carbone<\/h2>\t\t\t\t<\/div>\n\t\t\t\t<\/div>\n\t\t\t\t<div class=\"elementor-element elementor-element-30decde elementor-widget elementor-widget-text-editor\" data-id=\"30decde\" data-element_type=\"widget\" data-e-type=\"widget\" data-widget_type=\"text-editor.default\">\n\t\t\t\t<div class=\"elementor-widget-container\">\n\t\t\t\t\t\t\t\t\t<p>Apr\u00e8s l'installation, les Bobis sont sans souci. Les m\u00e9canismes de la bo\u00eete aux lettres, tels que la trappe de la bo\u00eete aux lettres, la porte et la serrure, sont de haute qualit\u00e9 et peuvent r\u00e9sister \u00e0 des ouvertures et fermetures constantes. Les Bobis peuvent r\u00e9sister \u00e0 des conditions climatiques variables, de la chaleur au gel, ce qui explique leur longue dur\u00e9e de vie, qui peut aller jusqu'\u00e0 plusieurs d\u00e9cennies.<\/p><p>En fabriquant des produits \u00e0 longue dur\u00e9e de vie, nous r\u00e9duisons les \u00e9missions de carbone li\u00e9es \u00e0 la production de m\u00e9tal et diminuons l'empreinte carbone de Bobi.<\/p>\t\t\t\t\t\t\t\t<\/div>\n\t\t\t\t<\/div>\n\t\t\t\t\t<\/div>\n\t\t<\/div>\n\t\t\t\t\t<\/div>\n\t\t<\/section>\n\t\t\t\t<section class=\"elementor-section elementor-top-section elementor-element elementor-element-f8fb7d0 elementor-section-height-min-height elementor-section-boxed elementor-section-height-default elementor-section-items-middle\" data-id=\"f8fb7d0\" data-element_type=\"section\" data-e-type=\"section\" data-settings=\"{&quot;background_background&quot;:&quot;classic&quot;,&quot;_ha_eqh_enable&quot;:false}\">\n\t\t\t\t\t\t\t<div class=\"elementor-background-overlay\"><\/div>\n\t\t\t\t\t\t\t<div class=\"elementor-container elementor-column-gap-default\">\n\t\t\t\t\t<div class=\"elementor-column elementor-col-100 elementor-top-column elementor-element elementor-element-0317735\" data-id=\"0317735\" data-element_type=\"column\" data-e-type=\"column\">\n\t\t\t<div class=\"elementor-widget-wrap elementor-element-populated\">\n\t\t\t\t\t\t<div class=\"elementor-element elementor-element-ae1482a elementor-widget elementor-widget-heading\" data-id=\"ae1482a\" data-element_type=\"widget\" data-e-type=\"widget\" data-widget_type=\"heading.default\">\n\t\t\t\t<div class=\"elementor-widget-container\">\n\t\t\t\t\t<h2 class=\"elementor-heading-title elementor-size-default\">Bobi est le choix du consommateur conscient<\/h2>\t\t\t\t<\/div>\n\t\t\t\t<\/div>\n\t\t\t\t<div class=\"elementor-element elementor-element-1a1adf6 elementor-widget elementor-widget-text-editor\" data-id=\"1a1adf6\" data-element_type=\"widget\" data-e-type=\"widget\" data-widget_type=\"text-editor.default\">\n\t\t\t\t<div class=\"elementor-widget-container\">\n\t\t\t\t\t\t\t\t\t<p>Lorsque votre bo\u00eete aux lettres Bobi arrive en fin de vie, vous pouvez facilement la recycler en la d\u00e9posant au point de collecte des m\u00e9taux le plus proche.<\/p>\t\t\t\t\t\t\t\t<\/div>\n\t\t\t\t<\/div>\n\t\t\t\t<section class=\"elementor-section elementor-inner-section elementor-element elementor-element-d595719 elementor-section-full_width elementor-section-height-default elementor-section-height-default\" data-id=\"d595719\" data-element_type=\"section\" data-e-type=\"section\" data-settings=\"{&quot;_ha_eqh_enable&quot;:false}\">\n\t\t\t\t\t\t<div class=\"elementor-container elementor-column-gap-default\">\n\t\t\t\t\t<div class=\"elementor-column elementor-col-50 elementor-inner-column elementor-element elementor-element-96d20f5\" data-id=\"96d20f5\" data-element_type=\"column\" data-e-type=\"column\">\n\t\t\t<div class=\"elementor-widget-wrap elementor-element-populated\">\n\t\t\t\t\t\t<div class=\"elementor-element elementor-element-c8707bf elementor-widget elementor-widget-text-editor\" data-id=\"c8707bf\" data-element_type=\"widget\" data-e-type=\"widget\" data-widget_type=\"text-editor.default\">\n\t\t\t\t<div class=\"elementor-widget-container\">\n\t\t\t\t\t\t\t\t\tSaviez-vous que le traitement des m\u00e9taux consomme deux fois plus d'\u00e9nergie que la production de m\u00e9taux \u00e0 partir de mati\u00e8res premi\u00e8res recycl\u00e9es ? Le recyclage des m\u00e9taux par fusion peut en principe se poursuivre ind\u00e9finiment, ce qui r\u00e9duit le besoin d'affinage et pr\u00e9serve l'environnement. C'est pourquoi les Bobis sont le choix du consommateur conscient.\t\t\t\t\t\t\t\t<\/div>\n\t\t\t\t<\/div>\n\t\t\t\t\t<\/div>\n\t\t<\/div>\n\t\t\t\t<div class=\"elementor-column elementor-col-50 elementor-inner-column elementor-element elementor-element-d69db1b\" data-id=\"d69db1b\" data-element_type=\"column\" data-e-type=\"column\">\n\t\t\t<div class=\"elementor-widget-wrap elementor-element-populated\">\n\t\t\t\t\t\t<div class=\"elementor-element elementor-element-a83edaa elementor-widget elementor-widget-image\" data-id=\"a83edaa\" data-element_type=\"widget\" data-e-type=\"widget\" data-widget_type=\"image.default\">\n\t\t\t\t<div class=\"elementor-widget-container\">\n\t\t\t\t\t\t\t\t\t\t\t\t\t\t\t<img decoding=\"async\" width=\"1024\" height=\"1024\" src=\"https:\/\/bobi.com\/wp-content\/uploads\/2024\/07\/s-l1200-1024x1024.webp\" class=\"attachment-large size-large wp-image-249\" alt=\"\" srcset=\"https:\/\/bobi.com\/wp-content\/uploads\/2024\/07\/s-l1200-1024x1024.webp 1024w, https:\/\/bobi.com\/wp-content\/uploads\/2024\/07\/s-l1200-600x600.webp 600w, https:\/\/bobi.com\/wp-content\/uploads\/2024\/07\/s-l1200-100x100.webp 100w, https:\/\/bobi.com\/wp-content\/uploads\/2024\/07\/s-l1200-500x500.webp 500w, https:\/\/bobi.com\/wp-content\/uploads\/2024\/07\/s-l1200-64x64.webp 64w, https:\/\/bobi.com\/wp-content\/uploads\/2024\/07\/s-l1200-300x300.webp 300w, https:\/\/bobi.com\/wp-content\/uploads\/2024\/07\/s-l1200-150x150.webp 150w, https:\/\/bobi.com\/wp-content\/uploads\/2024\/07\/s-l1200-768x768.webp 768w, https:\/\/bobi.com\/wp-content\/uploads\/2024\/07\/s-l1200-12x12.webp 12w, https:\/\/bobi.com\/wp-content\/uploads\/2024\/07\/s-l1200.webp 1200w\" sizes=\"(max-width: 1024px) 100vw, 1024px\">\t\t\t\t\t\t\t\t\t\t\t\t\t\t\t<\/div>\n\t\t\t\t<\/div>\n\t\t\t\t\t<\/div>\n\t\t<\/div>\n\t\t\t\t\t<\/div>\n\t\t<\/section>\n\t\t\t\t\t<\/div>\n\t\t<\/div>\n\t\t\t\t\t<\/div>\n\t\t<\/section>\n\t\t\t\t<section class=\"elementor-section elementor-top-section elementor-element elementor-element-9c5c167 elementor-section-height-min-height elementor-section-boxed elementor-section-height-default elementor-section-items-middle\" data-id=\"9c5c167\" data-element_type=\"section\" data-e-type=\"section\" data-settings=\"{&quot;background_background&quot;:&quot;classic&quot;,&quot;_ha_eqh_enable&quot;:false}\">\n\t\t\t\t\t\t\t<div class=\"elementor-background-overlay\"><\/div>\n\t\t\t\t\t\t\t<div class=\"elementor-container elementor-column-gap-default\">\n\t\t\t\t\t<div class=\"elementor-column elementor-col-100 elementor-top-column elementor-element elementor-element-0eaadad\" data-id=\"0eaadad\" data-element_type=\"column\" data-e-type=\"column\">\n\t\t\t<div class=\"elementor-widget-wrap elementor-element-populated\">\n\t\t\t\t\t\t<div class=\"elementor-element elementor-element-4dc4a5b elementor-widget elementor-widget-heading\" data-id=\"4dc4a5b\" data-element_type=\"widget\" data-e-type=\"widget\" data-widget_type=\"heading.default\">\n\t\t\t\t<div class=\"elementor-widget-container\">\n\t\t\t\t\t<h2 class=\"elementor-heading-title elementor-size-default\">Drapeau cl\u00e9 - nous fabriquons nos emplois en Finlande<\/h2>\t\t\t\t<\/div>\n\t\t\t\t<\/div>\n\t\t\t\t<div class=\"elementor-element elementor-element-2aedd8d elementor-widget elementor-widget-text-editor\" data-id=\"2aedd8d\" data-element_type=\"widget\" data-e-type=\"widget\" data-widget_type=\"text-editor.default\">\n\t\t\t\t<div class=\"elementor-widget-container\">\n\t\t\t\t\t\t\t\t\t<p>Les Bobis sont fabriqu\u00e9s en Finlande, avec de la main-d'\u0153uvre finlandaise.<\/p><p><br \/>En fabriquant nos produits en Finlande, nous assumons notre responsabilit\u00e9 sociale. L'\u00e9galit\u00e9 de traitement de nos employ\u00e9s et la r\u00e9mun\u00e9ration du travail conform\u00e9ment aux conventions collectives sont importantes pour nous.<\/p>\t\t\t\t\t\t\t\t<\/div>\n\t\t\t\t<\/div>\n\t\t\t\t<div class=\"elementor-element elementor-element-c616ef4 elementor-widget elementor-widget-image\" data-id=\"c616ef4\" data-element_type=\"widget\" data-e-type=\"widget\" data-widget_type=\"image.default\">\n\t\t\t\t<div class=\"elementor-widget-container\">\n\t\t\t\t\t\t\t\t\t\t\t\t\t\t\t<img decoding=\"async\" width=\"715\" height=\"1024\" src=\"https:\/\/bobi.com\/wp-content\/uploads\/2024\/06\/Avainlippu.svg_-715x1024.png\" class=\"attachment-large size-large wp-image-111\" alt=\"\" srcset=\"https:\/\/bobi.com\/wp-content\/uploads\/2024\/06\/Avainlippu.svg_-715x1024.png 715w, https:\/\/bobi.com\/wp-content\/uploads\/2024\/06\/Avainlippu.svg_-500x716.png 500w, https:\/\/bobi.com\/wp-content\/uploads\/2024\/06\/Avainlippu.svg_-64x92.png 64w, https:\/\/bobi.com\/wp-content\/uploads\/2024\/06\/Avainlippu.svg_-210x300.png 210w, https:\/\/bobi.com\/wp-content\/uploads\/2024\/06\/Avainlippu.svg_-768x1100.png 768w, https:\/\/bobi.com\/wp-content\/uploads\/2024\/06\/Avainlippu.svg_-1073x1536.png 1073w, https:\/\/bobi.com\/wp-content\/uploads\/2024\/06\/Avainlippu.svg_.png 1200w\" sizes=\"(max-width: 715px) 100vw, 715px\">\t\t\t\t\t\t\t\t\t\t\t\t\t\t\t<\/div>\n\t\t\t\t<\/div>\n\t\t\t\t\t<\/div>\n\t\t<\/div>\n\t\t\t\t\t<\/div>\n\t\t<\/section>\n\t\t\t\t<\/div>","protected":false},"excerpt":{"rendered":"<p>Vastuullisuus Ajaton ja ajankohtainen Bobin ajattomuus on ajankohtaisempaa kuin koskaan. Kest\u00e4v\u00e4 valmistusmateriaali yhdistettyn\u00e4 ajattomaan muotoiluun ilahduttaa asiakkaitamme p\u00e4ivitt\u00e4in, vuodesta toiseen. [&hellip;]<\/p>\n","protected":false},"author":1,"featured_media":1009,"parent":0,"menu_order":9,"comment_status":"closed","ping_status":"closed","template":"elementor_header_footer","meta":{"_acf_changed":false,"site-sidebar-layout":"default","site-content-layout":"","ast-site-content-layout":"default","site-content-style":"default","site-sidebar-style":"default","ast-global-header-display":"","ast-banner-title-visibility":"","ast-main-header-display":"","ast-hfb-above-header-display":"","ast-hfb-below-header-display":"","ast-hfb-mobile-header-display":"","site-post-title":"","ast-breadcrumbs-content":"","ast-featured-img":"","footer-sml-layout":"","ast-disable-related-posts":"","theme-transparent-header-meta":"","adv-header-id-meta":"","stick-header-meta":"","header-above-stick-meta":"","header-main-stick-meta":"","header-below-stick-meta":"","astra-migrate-meta-layouts":"default","ast-page-background-enabled":"default","ast-page-background-meta":{"desktop":{"background-color":"var(--ast-global-color-4)","background-image":"","background-repeat":"repeat","background-position":"center center","background-size":"auto","background-attachment":"scroll","background-type":"","background-media":"","overlay-type":"","overlay-color":"","overlay-opacity":"","overlay-gradient":""},"tablet":{"background-color":"","background-image":"","background-repeat":"repeat","background-position":"center center","background-size":"auto","background-attachment":"scroll","background-type":"","background-media":"","overlay-type":"","overlay-color":"","overlay-opacity":"","overlay-gradient":""},"mobile":{"background-color":"","background-image":"","background-repeat":"repeat","background-position":"center center","background-size":"auto","background-attachment":"scroll","background-type":"","background-media":"","overlay-type":"","overlay-color":"","overlay-opacity":"","overlay-gradient":""}},"ast-content-background-meta":{"desktop":{"background-color":"var(--ast-global-color-5)","background-image":"","background-repeat":"repeat","background-position":"center center","background-size":"auto","background-attachment":"scroll","background-type":"","background-media":"","overlay-type":"","overlay-color":"","overlay-opacity":"","overlay-gradient":""},"tablet":{"background-color":"var(--ast-global-color-5)","background-image":"","background-repeat":"repeat","background-position":"center center","background-size":"auto","background-attachment":"scroll","background-type":"","background-media":"","overlay-type":"","overlay-color":"","overlay-opacity":"","overlay-gradient":""},"mobile":{"background-color":"var(--ast-global-color-5)","background-image":"","background-repeat":"repeat","background-position":"center center","background-size":"auto","background-attachment":"scroll","background-type":"","background-media":"","overlay-type":"","overlay-color":"","overlay-opacity":"","overlay-gradient":""}},"footnotes":""},"class_list":["post-234","page","type-page","status-publish","has-post-thumbnail","hentry"],"acf":[],"_links":{"self":[{"href":"https:\/\/bobi.com\/fr\/wp-json\/wp\/v2\/pages\/234","targetHints":{"allow":["GET"]}}],"collection":[{"href":"https:\/\/bobi.com\/fr\/wp-json\/wp\/v2\/pages"}],"about":[{"href":"https:\/\/bobi.com\/fr\/wp-json\/wp\/v2\/types\/page"}],"author":[{"embeddable":true,"href":"https:\/\/bobi.com\/fr\/wp-json\/wp\/v2\/users\/1"}],"replies":[{"embeddable":true,"href":"https:\/\/bobi.com\/fr\/wp-json\/wp\/v2\/comments?post=234"}],"version-history":[{"count":37,"href":"https:\/\/bobi.com\/fr\/wp-json\/wp\/v2\/pages\/234\/revisions"}],"predecessor-version":[{"id":1839,"href":"https:\/\/bobi.com\/fr\/wp-json\/wp\/v2\/pages\/234\/revisions\/1839"}],"wp:featuredmedia":[{"embeddable":true,"href":"https:\/\/bobi.com\/fr\/wp-json\/wp\/v2\/media\/1009"}],"wp:attachment":[{"href":"https:\/\/bobi.com\/fr\/wp-json\/wp\/v2\/media?parent=234"}],"curies":[{"name":"wp","href":"https:\/\/api.w.org\/{rel}","templated":true}]}}