{"id":314,"date":"2024-07-11T05:59:39","date_gmt":"2024-07-11T05:59:39","guid":{"rendered":"https:\/\/bobi.com\/?page_id=314"},"modified":"2026-02-02T09:36:29","modified_gmt":"2026-02-02T09:36:29","slug":"instructions-dentretien","status":"publish","type":"page","link":"https:\/\/bobi.com\/fr\/instructions-dentretien\/","title":{"rendered":"Instructions d'entretien"},"content":{"rendered":"<div data-elementor-type=\"wp-page\" data-elementor-id=\"314\" class=\"elementor elementor-314\" data-elementor-settings=\"{&quot;ha_cmc_init_switcher&quot;:&quot;no&quot;}\" data-elementor-post-type=\"page\">\n\t\t\t\t\t\t<section class=\"elementor-section elementor-top-section elementor-element elementor-element-af655d3 elementor-reverse-mobile elementor-section-boxed elementor-section-height-default elementor-section-height-default\" data-id=\"af655d3\" data-element_type=\"section\" data-e-type=\"section\" data-settings=\"{&quot;background_background&quot;:&quot;classic&quot;,&quot;_ha_eqh_enable&quot;:false}\">\n\t\t\t\t\t\t<div class=\"elementor-container elementor-column-gap-default\">\n\t\t\t\t\t<div class=\"elementor-column elementor-col-100 elementor-top-column elementor-element elementor-element-9ba9a96\" data-id=\"9ba9a96\" data-element_type=\"column\" data-e-type=\"column\">\n\t\t\t<div class=\"elementor-widget-wrap elementor-element-populated\">\n\t\t\t\t\t\t<div class=\"elementor-element elementor-element-b3b15d0 elementor-widget elementor-widget-heading\" data-id=\"b3b15d0\" data-element_type=\"widget\" data-e-type=\"widget\" data-widget_type=\"heading.default\">\n\t\t\t\t<div class=\"elementor-widget-container\">\n\t\t\t\t\t<h2 class=\"elementor-heading-title elementor-size-default\">Instructions d'entretien<\/h2>\t\t\t\t<\/div>\n\t\t\t\t<\/div>\n\t\t\t\t<div class=\"elementor-element elementor-element-b403318 elementor-widget elementor-widget-heading\" data-id=\"b403318\" data-element_type=\"widget\" data-e-type=\"widget\" data-widget_type=\"heading.default\">\n\t\t\t\t<div class=\"elementor-widget-container\">\n\t\t\t\t\t<h2 class=\"elementor-heading-title elementor-size-default\">Un entretien r\u00e9gulier permet de maintenir les<br>\nbo\u00eetes aux lettres en bon \u00e9tat, ann\u00e9e apr\u00e8s ann\u00e9e.<\/h2>\t\t\t\t<\/div>\n\t\t\t\t<\/div>\n\t\t\t\t<div class=\"elementor-element elementor-element-43c2c9c elementor-widget elementor-widget-text-editor\" data-id=\"43c2c9c\" data-element_type=\"widget\" data-e-type=\"widget\" data-widget_type=\"text-editor.default\">\n\t\t\t\t<div class=\"elementor-widget-container\">\n\t\t\t\t\t\t\t\t\t<p>Les bo\u00eetes aux lettres sont souvent situ\u00e9es dans des endroits o\u00f9 elles sont facilement expos\u00e9es \u00e0 un large \u00e9ventail de polluants li\u00e9s \u00e0 l'environnement et \u00e0 la circulation. Les contraintes comprennent les sels utilis\u00e9s pour l'entretien des routes, la poussi\u00e8re des routes et la suie. Outre les polluants, les bo\u00eetes aux lettres sont \u00e9galement expos\u00e9es aux conditions hivernales et aux rayons UV du soleil. Afin de garantir une longue dur\u00e9e de vie, nous recommandons de nettoyer et d'entretenir r\u00e9guli\u00e8rement les bo\u00eetes aux lettres, au moins une fois par an, par exemple en automne avant les gel\u00e9es hivernales.<\/p>\t\t\t\t\t\t\t\t<\/div>\n\t\t\t\t<\/div>\n\t\t\t\t<section class=\"elementor-section elementor-inner-section elementor-element elementor-element-ab70582 elementor-section-full_width elementor-section-height-default elementor-section-height-default\" data-id=\"ab70582\" data-element_type=\"section\" data-e-type=\"section\" data-settings=\"{&quot;_ha_eqh_enable&quot;:false}\">\n\t\t\t\t\t\t<div class=\"elementor-container elementor-column-gap-default\">\n\t\t\t\t\t<div class=\"elementor-column elementor-col-33 elementor-inner-column elementor-element elementor-element-073ba99\" data-id=\"073ba99\" data-element_type=\"column\" data-e-type=\"column\">\n\t\t\t<div class=\"elementor-widget-wrap elementor-element-populated\">\n\t\t\t\t\t\t<div class=\"elementor-element elementor-element-81333e1 elementor-widget elementor-widget-image\" data-id=\"81333e1\" data-element_type=\"widget\" data-e-type=\"widget\" data-widget_type=\"image.default\">\n\t\t\t\t<div class=\"elementor-widget-container\">\n\t\t\t\t\t\t\t\t\t\t\t\t\t\t\t<img fetchpriority=\"high\" decoding=\"async\" width=\"537\" height=\"536\" src=\"https:\/\/bobi.com\/wp-content\/uploads\/2024\/07\/Nayttokuva-2024-7-11-kello-9.03.07.png\" class=\"attachment-large size-large wp-image-325\" alt=\"\" srcset=\"https:\/\/bobi.com\/wp-content\/uploads\/2024\/07\/Nayttokuva-2024-7-11-kello-9.03.07.png 537w, https:\/\/bobi.com\/wp-content\/uploads\/2024\/07\/Nayttokuva-2024-7-11-kello-9.03.07-100x100.png 100w, https:\/\/bobi.com\/wp-content\/uploads\/2024\/07\/Nayttokuva-2024-7-11-kello-9.03.07-500x499.png 500w, https:\/\/bobi.com\/wp-content\/uploads\/2024\/07\/Nayttokuva-2024-7-11-kello-9.03.07-64x64.png 64w, https:\/\/bobi.com\/wp-content\/uploads\/2024\/07\/Nayttokuva-2024-7-11-kello-9.03.07-200x200.png 200w, https:\/\/bobi.com\/wp-content\/uploads\/2024\/07\/Nayttokuva-2024-7-11-kello-9.03.07-300x300.png 300w, https:\/\/bobi.com\/wp-content\/uploads\/2024\/07\/Nayttokuva-2024-7-11-kello-9.03.07-150x150.png 150w, https:\/\/bobi.com\/wp-content\/uploads\/2024\/07\/Nayttokuva-2024-7-11-kello-9.03.07-12x12.png 12w\" sizes=\"(max-width: 537px) 100vw, 537px\">\t\t\t\t\t\t\t\t\t\t\t\t\t\t\t<\/div>\n\t\t\t\t<\/div>\n\t\t\t\t<div class=\"elementor-element elementor-element-bf1304c elementor-widget elementor-widget-text-editor\" data-id=\"bf1304c\" data-element_type=\"widget\" data-e-type=\"widget\" data-widget_type=\"text-editor.default\">\n\t\t\t\t<div class=\"elementor-widget-container\">\n\t\t\t\t\t\t\t\t\t<p>Lavez la bo\u00eete aux lettres avec un d\u00e9tergent doux, par exemple un d\u00e9tergent \u00e0 vaisselle.<\/p>\t\t\t\t\t\t\t\t<\/div>\n\t\t\t\t<\/div>\n\t\t\t\t\t<\/div>\n\t\t<\/div>\n\t\t\t\t<div class=\"elementor-column elementor-col-33 elementor-inner-column elementor-element elementor-element-cd3507c\" data-id=\"cd3507c\" data-element_type=\"column\" data-e-type=\"column\">\n\t\t\t<div class=\"elementor-widget-wrap elementor-element-populated\">\n\t\t\t\t\t\t<div class=\"elementor-element elementor-element-236f5e3 elementor-widget elementor-widget-image\" data-id=\"236f5e3\" data-element_type=\"widget\" data-e-type=\"widget\" data-widget_type=\"image.default\">\n\t\t\t\t<div class=\"elementor-widget-container\">\n\t\t\t\t\t\t\t\t\t\t\t\t\t\t\t<img decoding=\"async\" width=\"394\" height=\"394\" src=\"https:\/\/bobi.com\/wp-content\/uploads\/2024\/09\/rinse.jpg\" class=\"attachment-large size-large wp-image-594\" alt=\"\" srcset=\"https:\/\/bobi.com\/wp-content\/uploads\/2024\/09\/rinse.jpg 394w, https:\/\/bobi.com\/wp-content\/uploads\/2024\/09\/rinse-100x100.jpg 100w, https:\/\/bobi.com\/wp-content\/uploads\/2024\/09\/rinse-64x64.jpg 64w, https:\/\/bobi.com\/wp-content\/uploads\/2024\/09\/rinse-200x200.jpg 200w, https:\/\/bobi.com\/wp-content\/uploads\/2024\/09\/rinse-300x300.jpg 300w, https:\/\/bobi.com\/wp-content\/uploads\/2024\/09\/rinse-150x150.jpg 150w, https:\/\/bobi.com\/wp-content\/uploads\/2024\/09\/rinse-12x12.jpg 12w\" sizes=\"(max-width: 394px) 100vw, 394px\">\t\t\t\t\t\t\t\t\t\t\t\t\t\t\t<\/div>\n\t\t\t\t<\/div>\n\t\t\t\t<div class=\"elementor-element elementor-element-093aebc elementor-widget elementor-widget-text-editor\" data-id=\"093aebc\" data-element_type=\"widget\" data-e-type=\"widget\" data-widget_type=\"text-editor.default\">\n\t\t\t\t<div class=\"elementor-widget-container\">\n\t\t\t\t\t\t\t\t\t<p>Rincer.<\/p>\t\t\t\t\t\t\t\t<\/div>\n\t\t\t\t<\/div>\n\t\t\t\t\t<\/div>\n\t\t<\/div>\n\t\t\t\t<div class=\"elementor-column elementor-col-33 elementor-inner-column elementor-element elementor-element-5c80a38\" data-id=\"5c80a38\" data-element_type=\"column\" data-e-type=\"column\">\n\t\t\t<div class=\"elementor-widget-wrap elementor-element-populated\">\n\t\t\t\t\t\t<div class=\"elementor-element elementor-element-c7e9aa9 elementor-widget elementor-widget-image\" data-id=\"c7e9aa9\" data-element_type=\"widget\" data-e-type=\"widget\" data-widget_type=\"image.default\">\n\t\t\t\t<div class=\"elementor-widget-container\">\n\t\t\t\t\t\t\t\t\t\t\t\t\t\t\t<img decoding=\"async\" width=\"394\" height=\"394\" src=\"https:\/\/bobi.com\/wp-content\/uploads\/2024\/09\/dry.jpg\" class=\"attachment-large size-large wp-image-595\" alt=\"\" srcset=\"https:\/\/bobi.com\/wp-content\/uploads\/2024\/09\/dry.jpg 394w, https:\/\/bobi.com\/wp-content\/uploads\/2024\/09\/dry-100x100.jpg 100w, https:\/\/bobi.com\/wp-content\/uploads\/2024\/09\/dry-64x64.jpg 64w, https:\/\/bobi.com\/wp-content\/uploads\/2024\/09\/dry-200x200.jpg 200w, https:\/\/bobi.com\/wp-content\/uploads\/2024\/09\/dry-300x300.jpg 300w, https:\/\/bobi.com\/wp-content\/uploads\/2024\/09\/dry-150x150.jpg 150w, https:\/\/bobi.com\/wp-content\/uploads\/2024\/09\/dry-12x12.jpg 12w\" sizes=\"(max-width: 394px) 100vw, 394px\">\t\t\t\t\t\t\t\t\t\t\t\t\t\t\t<\/div>\n\t\t\t\t<\/div>\n\t\t\t\t<div class=\"elementor-element elementor-element-56007a9 elementor-widget elementor-widget-text-editor\" data-id=\"56007a9\" data-element_type=\"widget\" data-e-type=\"widget\" data-widget_type=\"text-editor.default\">\n\t\t\t\t<div class=\"elementor-widget-container\">\n\t\t\t\t\t\t\t\t\t<p>Enfin, s\u00e9cher la surface.<\/p>\t\t\t\t\t\t\t\t<\/div>\n\t\t\t\t<\/div>\n\t\t\t\t\t<\/div>\n\t\t<\/div>\n\t\t\t\t\t<\/div>\n\t\t<\/section>\n\t\t\t\t<section class=\"elementor-section elementor-inner-section elementor-element elementor-element-4ba5dcf elementor-section-full_width elementor-section-height-default elementor-section-height-default\" data-id=\"4ba5dcf\" data-element_type=\"section\" data-e-type=\"section\" data-settings=\"{&quot;_ha_eqh_enable&quot;:false}\">\n\t\t\t\t\t\t<div class=\"elementor-container elementor-column-gap-default\">\n\t\t\t\t\t<div class=\"elementor-column elementor-col-33 elementor-inner-column elementor-element elementor-element-ba511b2\" data-id=\"ba511b2\" data-element_type=\"column\" data-e-type=\"column\">\n\t\t\t<div class=\"elementor-widget-wrap elementor-element-populated\">\n\t\t\t\t\t\t<div class=\"elementor-element elementor-element-f8bdb01 elementor-widget elementor-widget-image\" data-id=\"f8bdb01\" data-element_type=\"widget\" data-e-type=\"widget\" data-widget_type=\"image.default\">\n\t\t\t\t<div class=\"elementor-widget-container\">\n\t\t\t\t\t\t\t\t\t\t\t\t\t\t\t<img loading=\"lazy\" decoding=\"async\" width=\"394\" height=\"394\" src=\"https:\/\/bobi.com\/wp-content\/uploads\/2024\/09\/wax.jpg\" class=\"attachment-large size-large wp-image-596\" alt=\"\" srcset=\"https:\/\/bobi.com\/wp-content\/uploads\/2024\/09\/wax.jpg 394w, https:\/\/bobi.com\/wp-content\/uploads\/2024\/09\/wax-100x100.jpg 100w, https:\/\/bobi.com\/wp-content\/uploads\/2024\/09\/wax-64x64.jpg 64w, https:\/\/bobi.com\/wp-content\/uploads\/2024\/09\/wax-200x200.jpg 200w, https:\/\/bobi.com\/wp-content\/uploads\/2024\/09\/wax-300x300.jpg 300w, https:\/\/bobi.com\/wp-content\/uploads\/2024\/09\/wax-150x150.jpg 150w, https:\/\/bobi.com\/wp-content\/uploads\/2024\/09\/wax-12x12.jpg 12w\" sizes=\"(max-width: 394px) 100vw, 394px\">\t\t\t\t\t\t\t\t\t\t\t\t\t\t\t<\/div>\n\t\t\t\t<\/div>\n\t\t\t\t<div class=\"elementor-element elementor-element-fcaca77 elementor-widget elementor-widget-text-editor\" data-id=\"fcaca77\" data-element_type=\"widget\" data-e-type=\"widget\" data-widget_type=\"text-editor.default\">\n\t\t\t\t<div class=\"elementor-widget-container\">\n\t\t\t\t\t\t\t\t\t<p>La surface propre et s\u00e8che peut encore \u00eatre cir\u00e9e et polie avec de la cire pour voiture si vous le souhaitez. Une surface cir\u00e9e repousse mieux la salet\u00e9. Toutefois, il ne faut pas cirer les surfaces textur\u00e9es (par exemple, les surfaces noires textur\u00e9es).<\/p>\t\t\t\t\t\t\t\t<\/div>\n\t\t\t\t<\/div>\n\t\t\t\t\t<\/div>\n\t\t<\/div>\n\t\t\t\t<div class=\"elementor-column elementor-col-33 elementor-inner-column elementor-element elementor-element-e28bb5c\" data-id=\"e28bb5c\" data-element_type=\"column\" data-e-type=\"column\">\n\t\t\t<div class=\"elementor-widget-wrap elementor-element-populated\">\n\t\t\t\t\t\t<div class=\"elementor-element elementor-element-1252001 elementor-widget elementor-widget-image\" data-id=\"1252001\" data-element_type=\"widget\" data-e-type=\"widget\" data-widget_type=\"image.default\">\n\t\t\t\t<div class=\"elementor-widget-container\">\n\t\t\t\t\t\t\t\t\t\t\t\t\t\t\t<img loading=\"lazy\" decoding=\"async\" width=\"394\" height=\"394\" src=\"https:\/\/bobi.com\/wp-content\/uploads\/2024\/09\/oil.jpg\" class=\"attachment-large size-large wp-image-597\" alt=\"\" srcset=\"https:\/\/bobi.com\/wp-content\/uploads\/2024\/09\/oil.jpg 394w, https:\/\/bobi.com\/wp-content\/uploads\/2024\/09\/oil-100x100.jpg 100w, https:\/\/bobi.com\/wp-content\/uploads\/2024\/09\/oil-64x64.jpg 64w, https:\/\/bobi.com\/wp-content\/uploads\/2024\/09\/oil-200x200.jpg 200w, https:\/\/bobi.com\/wp-content\/uploads\/2024\/09\/oil-300x300.jpg 300w, https:\/\/bobi.com\/wp-content\/uploads\/2024\/09\/oil-150x150.jpg 150w, https:\/\/bobi.com\/wp-content\/uploads\/2024\/09\/oil-12x12.jpg 12w\" sizes=\"(max-width: 394px) 100vw, 394px\">\t\t\t\t\t\t\t\t\t\t\t\t\t\t\t<\/div>\n\t\t\t\t<\/div>\n\t\t\t\t<div class=\"elementor-element elementor-element-115f9fc elementor-widget elementor-widget-text-editor\" data-id=\"115f9fc\" data-element_type=\"widget\" data-e-type=\"widget\" data-widget_type=\"text-editor.default\">\n\t\t\t\t<div class=\"elementor-widget-container\">\n\t\t\t\t\t\t\t\t\t<p>Lubrifiez la serrure. Nous recommandons d'utiliser une huile pour pistolet ou pour serrure de bonne qualit\u00e9. N'utilisez pas d'huiles \u00e0 base de graphite ou d'huiles naturelles pour la lubrification. Avec le temps, ces huiles provoqueront le collage des plaques et le dysfonctionnement de la serrure.<\/p>\t\t\t\t\t\t\t\t<\/div>\n\t\t\t\t<\/div>\n\t\t\t\t\t<\/div>\n\t\t<\/div>\n\t\t\t\t<div class=\"elementor-column elementor-col-33 elementor-inner-column elementor-element elementor-element-0221b40\" data-id=\"0221b40\" data-element_type=\"column\" data-e-type=\"column\">\n\t\t\t<div class=\"elementor-widget-wrap elementor-element-populated\">\n\t\t\t\t\t\t<div class=\"elementor-element elementor-element-a74af36 elementor-widget elementor-widget-image\" data-id=\"a74af36\" data-element_type=\"widget\" data-e-type=\"widget\" data-widget_type=\"image.default\">\n\t\t\t\t<div class=\"elementor-widget-container\">\n\t\t\t\t\t\t\t\t\t\t\t\t\t\t\t<img loading=\"lazy\" decoding=\"async\" width=\"394\" height=\"394\" src=\"https:\/\/bobi.com\/wp-content\/uploads\/2024\/09\/ready.jpg\" class=\"attachment-large size-large wp-image-598\" alt=\"\" srcset=\"https:\/\/bobi.com\/wp-content\/uploads\/2024\/09\/ready.jpg 394w, https:\/\/bobi.com\/wp-content\/uploads\/2024\/09\/ready-100x100.jpg 100w, https:\/\/bobi.com\/wp-content\/uploads\/2024\/09\/ready-64x64.jpg 64w, https:\/\/bobi.com\/wp-content\/uploads\/2024\/09\/ready-200x200.jpg 200w, https:\/\/bobi.com\/wp-content\/uploads\/2024\/09\/ready-300x300.jpg 300w, https:\/\/bobi.com\/wp-content\/uploads\/2024\/09\/ready-150x150.jpg 150w, https:\/\/bobi.com\/wp-content\/uploads\/2024\/09\/ready-12x12.jpg 12w\" sizes=\"(max-width: 394px) 100vw, 394px\">\t\t\t\t\t\t\t\t\t\t\t\t\t\t\t<\/div>\n\t\t\t\t<\/div>\n\t\t\t\t<div class=\"elementor-element elementor-element-032e4d4 elementor-widget elementor-widget-text-editor\" data-id=\"032e4d4\" data-element_type=\"widget\" data-e-type=\"widget\" data-widget_type=\"text-editor.default\">\n\t\t\t\t<div class=\"elementor-widget-container\">\n\t\t\t\t\t\t\t\t\t<p>Enfin, v\u00e9rifiez que les volets se d\u00e9placent librement et ajustez-les si n\u00e9cessaire.<br \/>Gr\u00e2ce \u00e0 un entretien r\u00e9gulier, votre bo\u00eete aux lettres Bobi restera propre et en bon \u00e9tat de fonctionnement, ann\u00e9e apr\u00e8s ann\u00e9e.<\/p>\t\t\t\t\t\t\t\t<\/div>\n\t\t\t\t<\/div>\n\t\t\t\t\t<\/div>\n\t\t<\/div>\n\t\t\t\t\t<\/div>\n\t\t<\/section>\n\t\t\t\t<div class=\"elementor-element elementor-element-c58b0c4 elementor-widget elementor-widget-heading\" data-id=\"c58b0c4\" data-element_type=\"widget\" data-e-type=\"widget\" data-widget_type=\"heading.default\">\n\t\t\t\t<div class=\"elementor-widget-container\">\n\t\t\t\t\t<h2 class=\"elementor-heading-title elementor-size-default\">Entretien de l'acier inoxydable<\/h2>\t\t\t\t<\/div>\n\t\t\t\t<\/div>\n\t\t\t\t<div class=\"elementor-element elementor-element-6d6c618 elementor-widget elementor-widget-text-editor\" data-id=\"6d6c618\" data-element_type=\"widget\" data-e-type=\"widget\" data-widget_type=\"text-editor.default\">\n\t\t\t\t<div class=\"elementor-widget-container\">\n\t\t\t\t\t\t\t\t\t<p>Malgr\u00e9 son nom, l'acier inoxydable peut aussi rouiller et doit \u00eatre entretenu pour conserver son aspect \u00ab acier inoxydable \u00bb pendant des ann\u00e9es. Les bo\u00eetes aux lettres en acier inoxydable doivent \u00e9galement \u00eatre lav\u00e9es de temps \u00e0 autre pour \u00e9liminer les r\u00e9sidus de sel et de scories avant que la corrosion ne s'installe. Des taches de rouille peuvent se former sur les surfaces non trait\u00e9es et ne dispara\u00eetront pas avec un lavage normal. Toutefois, si des taches de rouille se sont form\u00e9es sur la surface de la bo\u00eete aux lettres, elles peuvent \u00eatre enlev\u00e9es sans rayer les bo\u00eetes aux lettres.<\/p>\t\t\t\t\t\t\t\t<\/div>\n\t\t\t\t<\/div>\n\t\t\t\t\t<\/div>\n\t\t<\/div>\n\t\t\t\t\t<\/div>\n\t\t<\/section>\n\t\t\t\t<\/div>","protected":false},"excerpt":{"rendered":"<p>Huolto-ohjeet S\u00e4\u00e4nn\u00f6llinen hoito pit\u00e4\u00e4 postilaatikot kunnossa vuodesta toiseen Postilaatikot sijaitsevat usein paikoissa, joissa ne altistuvat helposti monenlaisille ymp\u00e4rist\u00f6n ja liikenteen [&hellip;]<\/p>\n","protected":false},"author":1,"featured_media":325,"parent":0,"menu_order":46,"comment_status":"closed","ping_status":"closed","template":"elementor_header_footer","meta":{"_acf_changed":false,"site-sidebar-layout":"default","site-content-layout":"","ast-site-content-layout":"default","site-content-style":"default","site-sidebar-style":"default","ast-global-header-display":"","ast-banner-title-visibility":"","ast-main-header-display":"","ast-hfb-above-header-display":"","ast-hfb-below-header-display":"","ast-hfb-mobile-header-display":"","site-post-title":"","ast-breadcrumbs-content":"","ast-featured-img":"","footer-sml-layout":"","ast-disable-related-posts":"","theme-transparent-header-meta":"","adv-header-id-meta":"","stick-header-meta":"","header-above-stick-meta":"","header-main-stick-meta":"","header-below-stick-meta":"","astra-migrate-meta-layouts":"default","ast-page-background-enabled":"default","ast-page-background-meta":{"desktop":{"background-color":"var(--ast-global-color-4)","background-image":"","background-repeat":"repeat","background-position":"center center","background-size":"auto","background-attachment":"scroll","background-type":"","background-media":"","overlay-type":"","overlay-color":"","overlay-opacity":"","overlay-gradient":""},"tablet":{"background-color":"","background-image":"","background-repeat":"repeat","background-position":"center center","background-size":"auto","background-attachment":"scroll","background-type":"","background-media":"","overlay-type":"","overlay-color":"","overlay-opacity":"","overlay-gradient":""},"mobile":{"background-color":"","background-image":"","background-repeat":"repeat","background-position":"center center","background-size":"auto","background-attachment":"scroll","background-type":"","background-media":"","overlay-type":"","overlay-color":"","overlay-opacity":"","overlay-gradient":""}},"ast-content-background-meta":{"desktop":{"background-color":"var(--ast-global-color-5)","background-image":"","background-repeat":"repeat","background-position":"center center","background-size":"auto","background-attachment":"scroll","background-type":"","background-media":"","overlay-type":"","overlay-color":"","overlay-opacity":"","overlay-gradient":""},"tablet":{"background-color":"var(--ast-global-color-5)","background-image":"","background-repeat":"repeat","background-position":"center center","background-size":"auto","background-attachment":"scroll","background-type":"","background-media":"","overlay-type":"","overlay-color":"","overlay-opacity":"","overlay-gradient":""},"mobile":{"background-color":"var(--ast-global-color-5)","background-image":"","background-repeat":"repeat","background-position":"center center","background-size":"auto","background-attachment":"scroll","background-type":"","background-media":"","overlay-type":"","overlay-color":"","overlay-opacity":"","overlay-gradient":""}},"footnotes":""},"class_list":["post-314","page","type-page","status-publish","has-post-thumbnail","hentry"],"acf":[],"_links":{"self":[{"href":"https:\/\/bobi.com\/fr\/wp-json\/wp\/v2\/pages\/314","targetHints":{"allow":["GET"]}}],"collection":[{"href":"https:\/\/bobi.com\/fr\/wp-json\/wp\/v2\/pages"}],"about":[{"href":"https:\/\/bobi.com\/fr\/wp-json\/wp\/v2\/types\/page"}],"author":[{"embeddable":true,"href":"https:\/\/bobi.com\/fr\/wp-json\/wp\/v2\/users\/1"}],"replies":[{"embeddable":true,"href":"https:\/\/bobi.com\/fr\/wp-json\/wp\/v2\/comments?post=314"}],"version-history":[{"count":46,"href":"https:\/\/bobi.com\/fr\/wp-json\/wp\/v2\/pages\/314\/revisions"}],"predecessor-version":[{"id":1843,"href":"https:\/\/bobi.com\/fr\/wp-json\/wp\/v2\/pages\/314\/revisions\/1843"}],"wp:featuredmedia":[{"embeddable":true,"href":"https:\/\/bobi.com\/fr\/wp-json\/wp\/v2\/media\/325"}],"wp:attachment":[{"href":"https:\/\/bobi.com\/fr\/wp-json\/wp\/v2\/media?parent=314"}],"curies":[{"name":"wp","href":"https:\/\/api.w.org\/{rel}","templated":true}]}}