{"id":4194,"date":"2026-04-13T12:40:59","date_gmt":"2026-04-13T09:40:59","guid":{"rendered":"https:\/\/bobi.com\/?post_type=product&#038;p=4194"},"modified":"2026-04-20T15:01:45","modified_gmt":"2026-04-20T12:01:45","slug":"bobi-xpress-lukko","status":"publish","type":"product","link":"https:\/\/bobi.com\/fr\/bobi-xpress-lukko\/","title":{"rendered":"Bobi Xpress Lukko"},"content":{"rendered":"<div class=\"elementor-element elementor-element-b620504 elementor-widget elementor-widget-text-editor\" data-id=\"b620504\" data-element_type=\"widget\" data-widget_type=\"text-editor.default\">\n<div class=\"elementor-widget-container\">\n<p>La serrure standard utilis\u00e9e pour les bo\u00eetes aux lettres BOBI XPRESS est la serrure XPRESS. La serrure XPRESS est une serrure \u00e0 cylindre avec protection contre la poussi\u00e8re. Deux cl\u00e9s sont incluses.<\/p>\n<\/div>\n<\/div>\n<div class=\"elementor-element elementor-element-ecb24d5 elementor-widget elementor-widget-text-editor\" data-id=\"ecb24d5\" data-element_type=\"widget\" data-widget_type=\"text-editor.default\">\n<div class=\"elementor-widget-container\">\n<p><strong>Commande suppl\u00e9mentaire de cl\u00e9s de serrure Xpress<br \/>\n<\/strong>Le prix inclut la TVA de 25,5 % et les frais de livraison.<br \/>\n\u2013 1 kpl 17,20 \u20ac<br \/>\n\u2013 seuraavat + 11,50 \u20ac\/avain<br \/>\n- d\u00e9lai de livraison : environ une semaine \u00e0 compter de la commande<\/p>\n<\/div>\n<\/div>\n<div class=\"elementor-element elementor-element-bbfc437 elementor-widget elementor-widget-text-editor\" data-id=\"bbfc437\" data-element_type=\"widget\" data-widget_type=\"text-editor.default\">\n<div class=\"elementor-widget-container\">\n<p><strong>Lorsque vous commandez des cl\u00e9s, veuillez \u00e9crire un message:<\/strong><br \/>\n- XPRESS + code cl\u00e9<br \/>\n- Combien de cl\u00e9s commandez-vous<br \/>\n- Votre nom et vos coordonn\u00e9es.<\/p>\n<\/div>\n<\/div>\n<div class=\"elementor-element elementor-element-80ed544 elementor-widget elementor-widget-text-editor\" data-id=\"80ed544\" data-element_type=\"widget\" data-widget_type=\"text-editor.default\">\n<div class=\"elementor-widget-container\">\n<p><strong>Vous pouvez commander vos cl\u00e9s ici:<\/strong><br \/>\n<a href=\"mailto:turvapalvelut@hgf.fi\">turvapalvelut@hgf.fi<\/a><\/p>\n<\/div>\n<\/div>\n<div class=\"elementor-element elementor-element-7849257 elementor-widget elementor-widget-text-editor\" data-id=\"7849257\" data-element_type=\"widget\" data-widget_type=\"text-editor.default\">\n<div class=\"elementor-widget-container\">\n<p>La serrure est \u00e9galement interchangeable\u00a0<a href=\"https:\/\/bobi.com\/fr\/bobi-ja-xpress-lukot-ovat-vaihdettavissa-myos-abloy-lukoksi\/\">ABLOY pour la serrure<\/a>\u00a0ou sans cl\u00e9\u00a0<a href=\"https:\/\/bobi.com\/fr\/serrures-bobi-et-xpress-aussi-remplacables-par-loquet\/\">BOBI sur la bo\u00eete aux lettres.<\/a><\/p>\n<\/div>\n<\/div>","protected":false},"excerpt":{"rendered":"<p>La serrure standard utilis\u00e9e pour les bo\u00eetes aux lettres BOBI XPRESS est la serrure XPRESS. La serrure XPRESS est une serrure \u00e0 cylindre avec protection contre la poussi\u00e8re. Deux cl\u00e9s sont incluses.<\/p>","protected":false},"featured_media":1368,"template":"","meta":{"_acf_changed":false,"site-sidebar-layout":"default","site-content-layout":"","ast-site-content-layout":"default","site-content-style":"default","site-sidebar-style":"default","ast-global-header-display":"","ast-banner-title-visibility":"","ast-main-header-display":"","ast-hfb-above-header-display":"","ast-hfb-below-header-display":"","ast-hfb-mobile-header-display":"","site-post-title":"","ast-breadcrumbs-content":"","ast-featured-img":"","footer-sml-layout":"","ast-disable-related-posts":"","theme-transparent-header-meta":"default","adv-header-id-meta":"","stick-header-meta":"","header-above-stick-meta":"","header-main-stick-meta":"","header-below-stick-meta":"","astra-migrate-meta-layouts":"set","ast-page-background-enabled":"default","ast-page-background-meta":{"desktop":{"background-color":"var(--ast-global-color-4)","background-image":"","background-repeat":"repeat","background-position":"center center","background-size":"auto","background-attachment":"scroll","background-type":"","background-media":"","overlay-type":"","overlay-color":"","overlay-opacity":"","overlay-gradient":""},"tablet":{"background-color":"","background-image":"","background-repeat":"repeat","background-position":"center center","background-size":"auto","background-attachment":"scroll","background-type":"","background-media":"","overlay-type":"","overlay-color":"","overlay-opacity":"","overlay-gradient":""},"mobile":{"background-color":"","background-image":"","background-repeat":"repeat","background-position":"center center","background-size":"auto","background-attachment":"scroll","background-type":"","background-media":"","overlay-type":"","overlay-color":"","overlay-opacity":"","overlay-gradient":""}},"ast-content-background-meta":{"desktop":{"background-color":"var(--ast-global-color-5)","background-image":"","background-repeat":"repeat","background-position":"center center","background-size":"auto","background-attachment":"scroll","background-type":"","background-media":"","overlay-type":"","overlay-color":"","overlay-opacity":"","overlay-gradient":""},"tablet":{"background-color":"var(--ast-global-color-5)","background-image":"","background-repeat":"repeat","background-position":"center center","background-size":"auto","background-attachment":"scroll","background-type":"","background-media":"","overlay-type":"","overlay-color":"","overlay-opacity":"","overlay-gradient":""},"mobile":{"background-color":"var(--ast-global-color-5)","background-image":"","background-repeat":"repeat","background-position":"center center","background-size":"auto","background-attachment":"scroll","background-type":"","background-media":"","overlay-type":"","overlay-color":"","overlay-opacity":"","overlay-gradient":""}}},"product_brand":[54],"product_cat":[26,53],"product_tag":[],"class_list":{"0":"post-4194","1":"product","2":"type-product","3":"status-publish","4":"has-post-thumbnail","6":"product_brand-bobi","7":"product_cat-lisavarusteet","8":"product_cat-verkkokauppatuotteet","9":"product_shipping_class-lisavaruste-990","10":"desktop-align-left","11":"tablet-align-left","12":"mobile-align-left","14":"first","15":"instock","16":"taxable","17":"shipping-taxable","18":"purchasable","19":"product-type-simple"},"acf":[],"_links":{"self":[{"href":"https:\/\/bobi.com\/fr\/wp-json\/wp\/v2\/product\/4194","targetHints":{"allow":["GET"]}}],"collection":[{"href":"https:\/\/bobi.com\/fr\/wp-json\/wp\/v2\/product"}],"about":[{"href":"https:\/\/bobi.com\/fr\/wp-json\/wp\/v2\/types\/product"}],"wp:featuredmedia":[{"embeddable":true,"href":"https:\/\/bobi.com\/fr\/wp-json\/wp\/v2\/media\/1368"}],"wp:attachment":[{"href":"https:\/\/bobi.com\/fr\/wp-json\/wp\/v2\/media?parent=4194"}],"wp:term":[{"taxonomy":"product_brand","embeddable":true,"href":"https:\/\/bobi.com\/fr\/wp-json\/wp\/v2\/product_brand?post=4194"},{"taxonomy":"product_cat","embeddable":true,"href":"https:\/\/bobi.com\/fr\/wp-json\/wp\/v2\/product_cat?post=4194"},{"taxonomy":"product_tag","embeddable":true,"href":"https:\/\/bobi.com\/fr\/wp-json\/wp\/v2\/product_tag?post=4194"}],"curies":[{"name":"wp","href":"https:\/\/api.w.org\/{rel}","templated":true}]}}