{"id":4195,"date":"2026-04-13T12:42:04","date_gmt":"2026-04-13T09:42:04","guid":{"rendered":"https:\/\/bobi.com\/?post_type=product&#038;p=4195"},"modified":"2026-04-20T15:04:36","modified_gmt":"2026-04-20T12:04:36","slug":"bobi-onginnanestolevy","status":"publish","type":"product","link":"https:\/\/bobi.com\/nl\/bobi-onginnanestolevy\/","title":{"rendered":"Bobi onginnanestolevy"},"content":{"rendered":"<div class=\"elementor-element elementor-element-030aa78 elementor-widget elementor-widget-text-editor\" data-id=\"030aa78\" data-element_type=\"widget\" data-widget_type=\"text-editor.default\">\n<div class=\"elementor-widget-container\">\n<p>Bobi Grande ja Bobi Classic malleihin on saatavana lis\u00e4varusteena t\u00e4ytt\u00f6aukkoon asennettava onginnanestolevy. Sen avulla estet\u00e4\u00e4n postil\u00e4hetysten \u201donkimista\u201d.<\/p>\n<p>Bij Bobi Jumbo is de antivisplaat al een standaardonderdeel.<\/p>\n<\/div>\n<\/div>\n<div class=\"elementor-element elementor-element-699d842 elementor-widget__width-initial elementor-widget elementor-widget-video\" data-id=\"699d842\" data-element_type=\"widget\" data-settings=\"{&quot;youtube_url&quot;:&quot;http:\\\/\\\/youtu.be\\\/jEz83zVwBXY&quot;,&quot;video_type&quot;:&quot;youtube&quot;,&quot;controls&quot;:&quot;yes&quot;}\" data-widget_type=\"video.default\">\n<div class=\"elementor-widget-container\">\n<div class=\"elementor-wrapper elementor-open-inline\"><iframe id=\"widget2\" class=\"elementor-video\" title=\"Bobi mailbox antifishing plate\" src=\"https:\/\/www.youtube.com\/embed\/jEz83zVwBXY?controls=1&amp;rel=0&amp;playsinline=0&amp;cc_load_policy=0&amp;autoplay=0&amp;enablejsapi=1&amp;origin=https%3A%2F%2Fbobi.com&amp;widgetid=1&amp;forigin=https%3A%2F%2Fbobi.com%2Fonginnanestolevy%2F&amp;aoriginsup=1&amp;gporigin=https%3A%2F%2Fbobi.com%2Flisavarusteet%2F&amp;vf=6\" width=\"640\" height=\"360\" frameborder=\"0\" allowfullscreen=\"allowfullscreen\" data-cookieblock-src=\"https:\/\/www.youtube.com\/embed\/xxxxxxxxxxx\" data-cookieconsent=\"marketing\" data-gtm-yt-inspected-11=\"true\" data-gtm-yt-inspected-20=\"true\" data-mce-fragment=\"1\"><\/iframe><\/div>\n<\/div>\n<\/div>","protected":false},"excerpt":{"rendered":"<p>Bobi Grande ja Bobi Classic malleihin on saatavana lis\u00e4varusteena t\u00e4ytt\u00f6aukkoon asennettava onginnanestolevy. Sen avulla estet\u00e4\u00e4n postil\u00e4hetysten \u201donkimista\u201d. Bobi Jumbo malleissa [&hellip;]<\/p>\n","protected":false},"featured_media":1367,"template":"","meta":{"_acf_changed":false,"site-sidebar-layout":"default","site-content-layout":"","ast-site-content-layout":"default","site-content-style":"default","site-sidebar-style":"default","ast-global-header-display":"","ast-banner-title-visibility":"","ast-main-header-display":"","ast-hfb-above-header-display":"","ast-hfb-below-header-display":"","ast-hfb-mobile-header-display":"","site-post-title":"","ast-breadcrumbs-content":"","ast-featured-img":"","footer-sml-layout":"","ast-disable-related-posts":"","theme-transparent-header-meta":"default","adv-header-id-meta":"","stick-header-meta":"","header-above-stick-meta":"","header-main-stick-meta":"","header-below-stick-meta":"","astra-migrate-meta-layouts":"set","ast-page-background-enabled":"default","ast-page-background-meta":{"desktop":{"background-color":"var(--ast-global-color-4)","background-image":"","background-repeat":"repeat","background-position":"center center","background-size":"auto","background-attachment":"scroll","background-type":"","background-media":"","overlay-type":"","overlay-color":"","overlay-opacity":"","overlay-gradient":""},"tablet":{"background-color":"","background-image":"","background-repeat":"repeat","background-position":"center center","background-size":"auto","background-attachment":"scroll","background-type":"","background-media":"","overlay-type":"","overlay-color":"","overlay-opacity":"","overlay-gradient":""},"mobile":{"background-color":"","background-image":"","background-repeat":"repeat","background-position":"center center","background-size":"auto","background-attachment":"scroll","background-type":"","background-media":"","overlay-type":"","overlay-color":"","overlay-opacity":"","overlay-gradient":""}},"ast-content-background-meta":{"desktop":{"background-color":"var(--ast-global-color-5)","background-image":"","background-repeat":"repeat","background-position":"center center","background-size":"auto","background-attachment":"scroll","background-type":"","background-media":"","overlay-type":"","overlay-color":"","overlay-opacity":"","overlay-gradient":""},"tablet":{"background-color":"var(--ast-global-color-5)","background-image":"","background-repeat":"repeat","background-position":"center center","background-size":"auto","background-attachment":"scroll","background-type":"","background-media":"","overlay-type":"","overlay-color":"","overlay-opacity":"","overlay-gradient":""},"mobile":{"background-color":"var(--ast-global-color-5)","background-image":"","background-repeat":"repeat","background-position":"center center","background-size":"auto","background-attachment":"scroll","background-type":"","background-media":"","overlay-type":"","overlay-color":"","overlay-opacity":"","overlay-gradient":""}}},"product_brand":[54],"product_cat":[26,53],"product_tag":[],"class_list":{"0":"post-4195","1":"product","2":"type-product","3":"status-publish","4":"has-post-thumbnail","6":"product_brand-bobi","7":"product_cat-lisavarusteet","8":"product_cat-verkkokauppatuotteet","9":"product_shipping_class-lisavaruste-990","10":"desktop-align-left","11":"tablet-align-left","12":"mobile-align-left","14":"first","15":"instock","16":"taxable","17":"shipping-taxable","18":"purchasable","19":"product-type-simple"},"acf":[],"_links":{"self":[{"href":"https:\/\/bobi.com\/nl\/wp-json\/wp\/v2\/product\/4195","targetHints":{"allow":["GET"]}}],"collection":[{"href":"https:\/\/bobi.com\/nl\/wp-json\/wp\/v2\/product"}],"about":[{"href":"https:\/\/bobi.com\/nl\/wp-json\/wp\/v2\/types\/product"}],"wp:featuredmedia":[{"embeddable":true,"href":"https:\/\/bobi.com\/nl\/wp-json\/wp\/v2\/media\/1367"}],"wp:attachment":[{"href":"https:\/\/bobi.com\/nl\/wp-json\/wp\/v2\/media?parent=4195"}],"wp:term":[{"taxonomy":"product_brand","embeddable":true,"href":"https:\/\/bobi.com\/nl\/wp-json\/wp\/v2\/product_brand?post=4195"},{"taxonomy":"product_cat","embeddable":true,"href":"https:\/\/bobi.com\/nl\/wp-json\/wp\/v2\/product_cat?post=4195"},{"taxonomy":"product_tag","embeddable":true,"href":"https:\/\/bobi.com\/nl\/wp-json\/wp\/v2\/product_tag?post=4195"}],"curies":[{"name":"wp","href":"https:\/\/api.w.org\/{rel}","templated":true}]}}