{"id":4197,"date":"2026-04-13T12:51:46","date_gmt":"2026-04-13T09:51:46","guid":{"rendered":"https:\/\/bobi.com\/?post_type=product&#038;p=4197"},"modified":"2026-04-14T14:32:31","modified_gmt":"2026-04-14T11:32:31","slug":"bobi-abloy-lukko","status":"publish","type":"product","link":"https:\/\/bobi.com\/nl\/bobi-abloy-lukko\/","title":{"rendered":"Bobi Abloy -lukko"},"content":{"rendered":"<p class=\"elementor-heading-title elementor-size-default\">Bobi en Xpress sloten zijn ook uitwisselbaar met ABLOY sloten<\/p>\n<p>Je kunt de dichtstbijzijnde slotenmaker vinden op <a href=\"https:\/\/www.abloy.com\/global\/fi\/distribution\" target=\"_blank\" rel=\"noopener\">www.abloy.fi<\/a><\/p>\n<p>\u2013 Lukkosylinteri ABLOY CL100.<br \/>\n\u2013 Telki ABLOY 809339 (Classic, Xpress, Duo ja Trio)<br \/>\n\u2013 Telki ABLOY 810939 (Grande ja Jumbo)<br \/>\n\u2013 Avaimeksi voit valita vaikka oman kotiavaimen.<\/p>\n<p>Het BOBI- of XPRESS-slot kan worden vervangen door een ABLOY-slotenmaker.<\/p>\n<p>U kunt een BOBI ABLOY slot bestellen via e-mail\u00a0<a href=\"mailto:myynti@bobi.com\">myynti@bobi.com<\/a>.<\/p>","protected":false},"excerpt":{"rendered":"<p>Bobi ja Xpress lukot ovat vaihdettavissa my\u00f6s ABLOY lukoksi L\u00e4himm\u00e4n lukkoliikkeen l\u00f6yd\u00e4t osoitteesta www.abloy.fi \u2013 Lukkosylinteri ABLOY CL100. \u2013 Telki [&hellip;]<\/p>\n","protected":false},"featured_media":899,"template":"","meta":{"_acf_changed":false,"site-sidebar-layout":"default","site-content-layout":"","ast-site-content-layout":"default","site-content-style":"default","site-sidebar-style":"default","ast-global-header-display":"","ast-banner-title-visibility":"","ast-main-header-display":"","ast-hfb-above-header-display":"","ast-hfb-below-header-display":"","ast-hfb-mobile-header-display":"","site-post-title":"","ast-breadcrumbs-content":"","ast-featured-img":"","footer-sml-layout":"","ast-disable-related-posts":"","theme-transparent-header-meta":"default","adv-header-id-meta":"","stick-header-meta":"","header-above-stick-meta":"","header-main-stick-meta":"","header-below-stick-meta":"","astra-migrate-meta-layouts":"set","ast-page-background-enabled":"default","ast-page-background-meta":{"desktop":{"background-color":"var(--ast-global-color-4)","background-image":"","background-repeat":"repeat","background-position":"center center","background-size":"auto","background-attachment":"scroll","background-type":"","background-media":"","overlay-type":"","overlay-color":"","overlay-opacity":"","overlay-gradient":""},"tablet":{"background-color":"","background-image":"","background-repeat":"repeat","background-position":"center center","background-size":"auto","background-attachment":"scroll","background-type":"","background-media":"","overlay-type":"","overlay-color":"","overlay-opacity":"","overlay-gradient":""},"mobile":{"background-color":"","background-image":"","background-repeat":"repeat","background-position":"center center","background-size":"auto","background-attachment":"scroll","background-type":"","background-media":"","overlay-type":"","overlay-color":"","overlay-opacity":"","overlay-gradient":""}},"ast-content-background-meta":{"desktop":{"background-color":"var(--ast-global-color-5)","background-image":"","background-repeat":"repeat","background-position":"center center","background-size":"auto","background-attachment":"scroll","background-type":"","background-media":"","overlay-type":"","overlay-color":"","overlay-opacity":"","overlay-gradient":""},"tablet":{"background-color":"var(--ast-global-color-5)","background-image":"","background-repeat":"repeat","background-position":"center center","background-size":"auto","background-attachment":"scroll","background-type":"","background-media":"","overlay-type":"","overlay-color":"","overlay-opacity":"","overlay-gradient":""},"mobile":{"background-color":"var(--ast-global-color-5)","background-image":"","background-repeat":"repeat","background-position":"center center","background-size":"auto","background-attachment":"scroll","background-type":"","background-media":"","overlay-type":"","overlay-color":"","overlay-opacity":"","overlay-gradient":""}}},"product_brand":[54],"product_cat":[26],"product_tag":[],"class_list":{"0":"post-4197","1":"product","2":"type-product","3":"status-publish","4":"has-post-thumbnail","6":"product_brand-bobi","7":"product_cat-lisavarusteet","8":"product_shipping_class-lisavaruste-990","9":"desktop-align-left","10":"tablet-align-left","11":"mobile-align-left","13":"first","14":"outofstock","15":"taxable","16":"shipping-taxable","17":"product-type-simple"},"acf":[],"_links":{"self":[{"href":"https:\/\/bobi.com\/nl\/wp-json\/wp\/v2\/product\/4197","targetHints":{"allow":["GET"]}}],"collection":[{"href":"https:\/\/bobi.com\/nl\/wp-json\/wp\/v2\/product"}],"about":[{"href":"https:\/\/bobi.com\/nl\/wp-json\/wp\/v2\/types\/product"}],"wp:featuredmedia":[{"embeddable":true,"href":"https:\/\/bobi.com\/nl\/wp-json\/wp\/v2\/media\/899"}],"wp:attachment":[{"href":"https:\/\/bobi.com\/nl\/wp-json\/wp\/v2\/media?parent=4197"}],"wp:term":[{"taxonomy":"product_brand","embeddable":true,"href":"https:\/\/bobi.com\/nl\/wp-json\/wp\/v2\/product_brand?post=4197"},{"taxonomy":"product_cat","embeddable":true,"href":"https:\/\/bobi.com\/nl\/wp-json\/wp\/v2\/product_cat?post=4197"},{"taxonomy":"product_tag","embeddable":true,"href":"https:\/\/bobi.com\/nl\/wp-json\/wp\/v2\/product_tag?post=4197"}],"curies":[{"name":"wp","href":"https:\/\/api.w.org\/{rel}","templated":true}]}}