{"id":4196,"date":"2026-04-13T12:56:59","date_gmt":"2026-04-13T09:56:59","guid":{"rendered":"https:\/\/bobi.com\/?post_type=product&#038;p=4196"},"modified":"2026-04-20T15:02:28","modified_gmt":"2026-04-20T12:02:28","slug":"bobi-avosalpa","status":"publish","type":"product","link":"https:\/\/bobi.com\/nn\/bobi-avosalpa\/","title":{"rendered":"Bobi avosalpa"},"content":{"rendered":"","protected":false},"excerpt":{"rendered":"<div class=\"elementor-element elementor-element-9464d6a elementor-widget elementor-widget-text-editor\" data-id=\"9464d6a\" data-element_type=\"widget\" data-widget_type=\"text-editor.default\">\n<div class=\"elementor-widget-container\">\n<p>BOBI- eller XPRESS-l\u00e5sen kan enkelt byttes til en \u00e5pen BOBI-l\u00e5s hvis man \u00f8nsker en ul\u00e5st postkasse.<\/p>\n<\/div>\n<\/div>","protected":false},"featured_media":1370,"template":"","meta":{"_acf_changed":false,"site-sidebar-layout":"default","site-content-layout":"","ast-site-content-layout":"default","site-content-style":"default","site-sidebar-style":"default","ast-global-header-display":"","ast-banner-title-visibility":"","ast-main-header-display":"","ast-hfb-above-header-display":"","ast-hfb-below-header-display":"","ast-hfb-mobile-header-display":"","site-post-title":"","ast-breadcrumbs-content":"","ast-featured-img":"","footer-sml-layout":"","ast-disable-related-posts":"","theme-transparent-header-meta":"default","adv-header-id-meta":"","stick-header-meta":"","header-above-stick-meta":"","header-main-stick-meta":"","header-below-stick-meta":"","astra-migrate-meta-layouts":"set","ast-page-background-enabled":"default","ast-page-background-meta":{"desktop":{"background-color":"var(--ast-global-color-4)","background-image":"","background-repeat":"repeat","background-position":"center center","background-size":"auto","background-attachment":"scroll","background-type":"","background-media":"","overlay-type":"","overlay-color":"","overlay-opacity":"","overlay-gradient":""},"tablet":{"background-color":"","background-image":"","background-repeat":"repeat","background-position":"center center","background-size":"auto","background-attachment":"scroll","background-type":"","background-media":"","overlay-type":"","overlay-color":"","overlay-opacity":"","overlay-gradient":""},"mobile":{"background-color":"","background-image":"","background-repeat":"repeat","background-position":"center center","background-size":"auto","background-attachment":"scroll","background-type":"","background-media":"","overlay-type":"","overlay-color":"","overlay-opacity":"","overlay-gradient":""}},"ast-content-background-meta":{"desktop":{"background-color":"var(--ast-global-color-5)","background-image":"","background-repeat":"repeat","background-position":"center center","background-size":"auto","background-attachment":"scroll","background-type":"","background-media":"","overlay-type":"","overlay-color":"","overlay-opacity":"","overlay-gradient":""},"tablet":{"background-color":"var(--ast-global-color-5)","background-image":"","background-repeat":"repeat","background-position":"center center","background-size":"auto","background-attachment":"scroll","background-type":"","background-media":"","overlay-type":"","overlay-color":"","overlay-opacity":"","overlay-gradient":""},"mobile":{"background-color":"var(--ast-global-color-5)","background-image":"","background-repeat":"repeat","background-position":"center center","background-size":"auto","background-attachment":"scroll","background-type":"","background-media":"","overlay-type":"","overlay-color":"","overlay-opacity":"","overlay-gradient":""}}},"product_brand":[54],"product_cat":[26,53],"product_tag":[],"class_list":{"0":"post-4196","1":"product","2":"type-product","3":"status-publish","4":"has-post-thumbnail","6":"product_brand-bobi","7":"product_cat-lisavarusteet","8":"product_cat-verkkokauppatuotteet","9":"product_shipping_class-lisavaruste-990","10":"desktop-align-left","11":"tablet-align-left","12":"mobile-align-left","14":"first","15":"instock","16":"taxable","17":"shipping-taxable","18":"purchasable","19":"product-type-simple"},"acf":[],"_links":{"self":[{"href":"https:\/\/bobi.com\/nn\/wp-json\/wp\/v2\/product\/4196","targetHints":{"allow":["GET"]}}],"collection":[{"href":"https:\/\/bobi.com\/nn\/wp-json\/wp\/v2\/product"}],"about":[{"href":"https:\/\/bobi.com\/nn\/wp-json\/wp\/v2\/types\/product"}],"wp:featuredmedia":[{"embeddable":true,"href":"https:\/\/bobi.com\/nn\/wp-json\/wp\/v2\/media\/1370"}],"wp:attachment":[{"href":"https:\/\/bobi.com\/nn\/wp-json\/wp\/v2\/media?parent=4196"}],"wp:term":[{"taxonomy":"product_brand","embeddable":true,"href":"https:\/\/bobi.com\/nn\/wp-json\/wp\/v2\/product_brand?post=4196"},{"taxonomy":"product_cat","embeddable":true,"href":"https:\/\/bobi.com\/nn\/wp-json\/wp\/v2\/product_cat?post=4196"},{"taxonomy":"product_tag","embeddable":true,"href":"https:\/\/bobi.com\/nn\/wp-json\/wp\/v2\/product_tag?post=4196"}],"curies":[{"name":"wp","href":"https:\/\/api.w.org\/{rel}","templated":true}]}}