{"id":234,"date":"2024-06-24T12:16:44","date_gmt":"2024-06-24T12:16:44","guid":{"rendered":"https:\/\/bobi.com\/?page_id=234"},"modified":"2026-02-05T14:00:15","modified_gmt":"2026-02-05T12:00:15","slug":"hallbarhet","status":"publish","type":"page","link":"https:\/\/bobi.com\/sv\/hallbarhet\/","title":{"rendered":"H\u00e5llbarhet"},"content":{"rendered":"<div data-elementor-type=\"wp-page\" data-elementor-id=\"234\" class=\"elementor elementor-234\" data-elementor-settings=\"{&quot;ha_cmc_init_switcher&quot;:&quot;no&quot;}\" data-elementor-post-type=\"page\">\n\t\t\t\t\t\t<section class=\"elementor-section elementor-top-section elementor-element elementor-element-750c782 elementor-section-full_width elementor-section-height-default elementor-section-height-default\" data-id=\"750c782\" data-element_type=\"section\" data-e-type=\"section\" data-settings=\"{&quot;background_background&quot;:&quot;classic&quot;,&quot;_ha_eqh_enable&quot;:false}\">\n\t\t\t\t\t\t\t<div class=\"elementor-background-overlay\"><\/div>\n\t\t\t\t\t\t\t<div class=\"elementor-container elementor-column-gap-default\">\n\t\t\t\t\t<div class=\"elementor-column elementor-col-50 elementor-top-column elementor-element elementor-element-fd7076b\" data-id=\"fd7076b\" data-element_type=\"column\" data-e-type=\"column\" data-settings=\"{&quot;background_background&quot;:&quot;classic&quot;}\">\n\t\t\t<div class=\"elementor-widget-wrap elementor-element-populated\">\n\t\t\t\t\t\t<div class=\"elementor-element elementor-element-8b2da40 elementor-widget elementor-widget-spacer\" data-id=\"8b2da40\" data-element_type=\"widget\" data-e-type=\"widget\" data-widget_type=\"spacer.default\">\n\t\t\t\t<div class=\"elementor-widget-container\">\n\t\t\t\t\t\t\t<div class=\"elementor-spacer\">\n\t\t\t<div class=\"elementor-spacer-inner\"><\/div>\n\t\t<\/div>\n\t\t\t\t\t\t<\/div>\n\t\t\t\t<\/div>\n\t\t\t\t\t<\/div>\n\t\t<\/div>\n\t\t\t\t<div class=\"elementor-column elementor-col-50 elementor-top-column elementor-element elementor-element-b2fc3b8\" data-id=\"b2fc3b8\" data-element_type=\"column\" data-e-type=\"column\" data-settings=\"{&quot;background_background&quot;:&quot;classic&quot;}\">\n\t\t\t<div class=\"elementor-widget-wrap elementor-element-populated\">\n\t\t\t\t\t\t<div class=\"elementor-element elementor-element-00f26a7 elementor-widget elementor-widget-heading\" data-id=\"00f26a7\" data-element_type=\"widget\" data-e-type=\"widget\" data-widget_type=\"heading.default\">\n\t\t\t\t<div class=\"elementor-widget-container\">\n\t\t\t\t\t<h2 class=\"elementor-heading-title elementor-size-default\">H\u00e5llbarhet<\/h2>\t\t\t\t<\/div>\n\t\t\t\t<\/div>\n\t\t\t\t<div class=\"elementor-element elementor-element-6e9f01b elementor-widget elementor-widget-heading\" data-id=\"6e9f01b\" data-element_type=\"widget\" data-e-type=\"widget\" data-widget_type=\"heading.default\">\n\t\t\t\t<div class=\"elementor-widget-container\">\n\t\t\t\t\t<h2 class=\"elementor-heading-title elementor-size-default\">Tidl\u00f6st och\naktuellt<\/h2>\t\t\t\t<\/div>\n\t\t\t\t<\/div>\n\t\t\t\t<div class=\"elementor-element elementor-element-f524e53 elementor-widget elementor-widget-text-editor\" data-id=\"f524e53\" data-element_type=\"widget\" data-e-type=\"widget\" data-widget_type=\"text-editor.default\">\n\t\t\t\t<div class=\"elementor-widget-container\">\n\t\t\t\t\t\t\t\t\t<p>Bobis tidl\u00f6shet k\u00e4nns mer relevant \u00e4n n\u00e5gonsin. Kombinationen av slitstarka material och klassisk design uppskattas av v\u00e5ra kunder \u2013 \u00e5r efter \u00e5r. V\u00e5r m\u00e5ls\u00e4ttning har l\u00e4nge varit att erbjuda en funktionell produkt f\u00f6r varje hem och varje behov.<\/p>\t\t\t\t\t\t\t\t<\/div>\n\t\t\t\t<\/div>\n\t\t\t\t\t<\/div>\n\t\t<\/div>\n\t\t\t\t\t<\/div>\n\t\t<\/section>\n\t\t\t\t<section class=\"elementor-section elementor-top-section elementor-element elementor-element-d047b8a elementor-section-full_width elementor-reverse-mobile elementor-section-height-default elementor-section-height-default\" data-id=\"d047b8a\" data-element_type=\"section\" data-e-type=\"section\" data-settings=\"{&quot;background_background&quot;:&quot;classic&quot;,&quot;_ha_eqh_enable&quot;:false}\">\n\t\t\t\t\t\t\t<div class=\"elementor-background-overlay\"><\/div>\n\t\t\t\t\t\t\t<div class=\"elementor-container elementor-column-gap-default\">\n\t\t\t\t\t<div class=\"elementor-column elementor-col-50 elementor-top-column elementor-element elementor-element-2d33f9c\" data-id=\"2d33f9c\" data-element_type=\"column\" data-e-type=\"column\" data-settings=\"{&quot;background_background&quot;:&quot;classic&quot;}\">\n\t\t\t<div class=\"elementor-widget-wrap elementor-element-populated\">\n\t\t\t\t\t\t<div class=\"elementor-element elementor-element-50e9678 elementor-widget elementor-widget-heading\" data-id=\"50e9678\" data-element_type=\"widget\" data-e-type=\"widget\" data-widget_type=\"heading.default\">\n\t\t\t\t<div class=\"elementor-widget-container\">\n\t\t\t\t\t<h2 class=\"elementor-heading-title elementor-size-default\">Tillverkad i h\u00e5llbart st\u00e5l<\/h2>\t\t\t\t<\/div>\n\t\t\t\t<\/div>\n\t\t\t\t<div class=\"elementor-element elementor-element-2b9bb39 elementor-widget elementor-widget-text-editor\" data-id=\"2b9bb39\" data-element_type=\"widget\" data-e-type=\"widget\" data-widget_type=\"text-editor.default\">\n\t\t\t\t<div class=\"elementor-widget-container\">\n\t\t\t\t\t\t\t\t\t<p>Bobis tillverkas i st\u00e5l hos Leimec i Vasa. Leimecs gedigna kompetens inom pl\u00e5tbearbetning, i kombination med det material som anv\u00e4nds till postl\u00e5dorna, s\u00e4kerst\u00e4ller en h\u00e5llbar och robust produkt, d\u00e4r resurserna tas tillvara p\u00e5 ett effektivt s\u00e4tt under tillverkningen. \u00c5tervinningsgraden f\u00f6r metallskrot i Finland ligger n\u00e4ra 100 %, och tillsammans med v\u00e5r tillverkare ser vi till att \u00e4ven den lilla m\u00e4ngd avfall som uppst\u00e5r under produktionen \u00e5tervinns p\u00e5 r\u00e4tt s\u00e4tt.<\/p><p>V\u00e5r tillverkare \u00e4r f\u00f6rpliktigad att f\u00f6lja b\u00e5de kvalitetscertifikatet ISO9001 och milj\u00f6certifikatet ISO14001 vid tillverkningen av v\u00e5ra produkter.<\/p>\t\t\t\t\t\t\t\t<\/div>\n\t\t\t\t<\/div>\n\t\t\t\t\t<\/div>\n\t\t<\/div>\n\t\t\t\t<div class=\"elementor-column elementor-col-50 elementor-top-column elementor-element elementor-element-bb47451\" data-id=\"bb47451\" data-element_type=\"column\" data-e-type=\"column\" data-settings=\"{&quot;background_background&quot;:&quot;classic&quot;}\">\n\t\t\t<div class=\"elementor-widget-wrap elementor-element-populated\">\n\t\t\t\t\t\t<div class=\"elementor-element elementor-element-70d7aa3 elementor-widget elementor-widget-spacer\" data-id=\"70d7aa3\" data-element_type=\"widget\" data-e-type=\"widget\" data-widget_type=\"spacer.default\">\n\t\t\t\t<div class=\"elementor-widget-container\">\n\t\t\t\t\t\t\t<div class=\"elementor-spacer\">\n\t\t\t<div class=\"elementor-spacer-inner\"><\/div>\n\t\t<\/div>\n\t\t\t\t\t\t<\/div>\n\t\t\t\t<\/div>\n\t\t\t\t\t<\/div>\n\t\t<\/div>\n\t\t\t\t\t<\/div>\n\t\t<\/section>\n\t\t\t\t<section class=\"elementor-section elementor-top-section elementor-element elementor-element-10fcca0 elementor-section-boxed elementor-section-height-default elementor-section-height-default\" data-id=\"10fcca0\" data-element_type=\"section\" data-e-type=\"section\" data-settings=\"{&quot;background_background&quot;:&quot;classic&quot;,&quot;_ha_eqh_enable&quot;:false}\">\n\t\t\t\t\t\t<div class=\"elementor-container elementor-column-gap-default\">\n\t\t\t\t\t<div class=\"elementor-column elementor-col-50 elementor-top-column elementor-element elementor-element-7a0bcbd\" data-id=\"7a0bcbd\" data-element_type=\"column\" data-e-type=\"column\">\n\t\t\t<div class=\"elementor-widget-wrap elementor-element-populated\">\n\t\t\t\t\t\t<div class=\"elementor-element elementor-element-7c58882 elementor-widget elementor-widget-image\" data-id=\"7c58882\" data-element_type=\"widget\" data-e-type=\"widget\" data-widget_type=\"image.default\">\n\t\t\t\t<div class=\"elementor-widget-container\">\n\t\t\t\t\t\t\t\t\t\t\t\t\t\t\t<img fetchpriority=\"high\" decoding=\"async\" width=\"1024\" height=\"784\" src=\"https:\/\/bobi.com\/wp-content\/uploads\/2024\/10\/grande-live-021-2-scaled-e1729769208772-1024x784.jpg\" class=\"attachment-large size-large wp-image-1005\" alt=\"\" srcset=\"https:\/\/bobi.com\/wp-content\/uploads\/2024\/10\/grande-live-021-2-scaled-e1729769208772-1024x784.jpg 1024w, https:\/\/bobi.com\/wp-content\/uploads\/2024\/10\/grande-live-021-2-scaled-e1729769208772-500x383.jpg 500w, https:\/\/bobi.com\/wp-content\/uploads\/2024\/10\/grande-live-021-2-scaled-e1729769208772-64x49.jpg 64w, https:\/\/bobi.com\/wp-content\/uploads\/2024\/10\/grande-live-021-2-scaled-e1729769208772-300x230.jpg 300w, https:\/\/bobi.com\/wp-content\/uploads\/2024\/10\/grande-live-021-2-scaled-e1729769208772-768x588.jpg 768w, https:\/\/bobi.com\/wp-content\/uploads\/2024\/10\/grande-live-021-2-scaled-e1729769208772-1536x1176.jpg 1536w, https:\/\/bobi.com\/wp-content\/uploads\/2024\/10\/grande-live-021-2-scaled-e1729769208772-16x12.jpg 16w, https:\/\/bobi.com\/wp-content\/uploads\/2024\/10\/grande-live-021-2-scaled-e1729769208772.jpg 1834w\" sizes=\"(max-width: 1024px) 100vw, 1024px\">\t\t\t\t\t\t\t\t\t\t\t\t\t\t\t<\/div>\n\t\t\t\t<\/div>\n\t\t\t\t\t<\/div>\n\t\t<\/div>\n\t\t\t\t<div class=\"elementor-column elementor-col-50 elementor-top-column elementor-element elementor-element-f4f1912\" data-id=\"f4f1912\" data-element_type=\"column\" data-e-type=\"column\">\n\t\t\t<div class=\"elementor-widget-wrap elementor-element-populated\">\n\t\t\t\t\t\t<div class=\"elementor-element elementor-element-34b4f9b elementor-widget elementor-widget-heading\" data-id=\"34b4f9b\" data-element_type=\"widget\" data-e-type=\"widget\" data-widget_type=\"heading.default\">\n\t\t\t\t<div class=\"elementor-widget-container\">\n\t\t\t\t\t<h2 class=\"elementor-heading-title elementor-size-default\">L\u00e5ng livsl\u00e4ngd minskar koldioxidavtrycket<\/h2>\t\t\t\t<\/div>\n\t\t\t\t<\/div>\n\t\t\t\t<div class=\"elementor-element elementor-element-30decde elementor-widget elementor-widget-text-editor\" data-id=\"30decde\" data-element_type=\"widget\" data-e-type=\"widget\" data-widget_type=\"text-editor.default\">\n\t\t\t\t<div class=\"elementor-widget-container\">\n\t\t\t\t\t\t\t\t\t<p>Efter att Bobi har installerats kr\u00e4ver den i princip inget underh\u00e5ll. Postl\u00e5dans mekaniska delar \u2013 s\u00e5som brevinkast, d\u00f6rr och l\u00e5s \u2013 \u00e4r av h\u00f6gsta kvalitet och st\u00e5r emot upprepad \u00f6ppning och st\u00e4ngning utan problem. Bobi \u00e4r byggd f\u00f6r att t\u00e5la v\u00e4xlande v\u00e4derf\u00f6rh\u00e5llanden, fr\u00e5n sommarv\u00e4rme till vinterkyla, vilket ocks\u00e5 g\u00f6r att Bobi-l\u00e5dor har en livsl\u00e4ngd som kan str\u00e4cka sig \u00f6ver flera decennier.<\/p><p>Genom att skapa produkter som h\u00e5ller l\u00e4nge minskar vi behovet av ny metallproduktion, vilket i sin tur s\u00e4nker koldioxidutsl\u00e4ppen och minskar Bobis totala klimatp\u00e5verkan.<\/p>\t\t\t\t\t\t\t\t<\/div>\n\t\t\t\t<\/div>\n\t\t\t\t\t<\/div>\n\t\t<\/div>\n\t\t\t\t\t<\/div>\n\t\t<\/section>\n\t\t\t\t<section class=\"elementor-section elementor-top-section elementor-element elementor-element-f8fb7d0 elementor-section-height-min-height elementor-section-boxed elementor-section-height-default elementor-section-items-middle\" data-id=\"f8fb7d0\" data-element_type=\"section\" data-e-type=\"section\" data-settings=\"{&quot;background_background&quot;:&quot;classic&quot;,&quot;_ha_eqh_enable&quot;:false}\">\n\t\t\t\t\t\t\t<div class=\"elementor-background-overlay\"><\/div>\n\t\t\t\t\t\t\t<div class=\"elementor-container elementor-column-gap-default\">\n\t\t\t\t\t<div class=\"elementor-column elementor-col-100 elementor-top-column elementor-element elementor-element-0317735\" data-id=\"0317735\" data-element_type=\"column\" data-e-type=\"column\">\n\t\t\t<div class=\"elementor-widget-wrap elementor-element-populated\">\n\t\t\t\t\t\t<div class=\"elementor-element elementor-element-ae1482a elementor-widget elementor-widget-heading\" data-id=\"ae1482a\" data-element_type=\"widget\" data-e-type=\"widget\" data-widget_type=\"heading.default\">\n\t\t\t\t<div class=\"elementor-widget-container\">\n\t\t\t\t\t<h2 class=\"elementor-heading-title elementor-size-default\">Bobi \u00e4r det medvetna valet<\/h2>\t\t\t\t<\/div>\n\t\t\t\t<\/div>\n\t\t\t\t<div class=\"elementor-element elementor-element-1a1adf6 elementor-widget elementor-widget-text-editor\" data-id=\"1a1adf6\" data-element_type=\"widget\" data-e-type=\"widget\" data-widget_type=\"text-editor.default\">\n\t\t\t\t<div class=\"elementor-widget-container\">\n\t\t\t\t\t\t\t\t\t<p>N\u00e4r din Bobi-postl\u00e5da till slut har tj\u00e4nat ut, kan den enkelt l\u00e4mnas till n\u00e4rmaste \u00e5tervinningsstation f\u00f6r metall.<\/p>\t\t\t\t\t\t\t\t<\/div>\n\t\t\t\t<\/div>\n\t\t\t\t<section class=\"elementor-section elementor-inner-section elementor-element elementor-element-d595719 elementor-section-full_width elementor-section-height-default elementor-section-height-default\" data-id=\"d595719\" data-element_type=\"section\" data-e-type=\"section\" data-settings=\"{&quot;_ha_eqh_enable&quot;:false}\">\n\t\t\t\t\t\t<div class=\"elementor-container elementor-column-gap-default\">\n\t\t\t\t\t<div class=\"elementor-column elementor-col-50 elementor-inner-column elementor-element elementor-element-96d20f5\" data-id=\"96d20f5\" data-element_type=\"column\" data-e-type=\"column\">\n\t\t\t<div class=\"elementor-widget-wrap elementor-element-populated\">\n\t\t\t\t\t\t<div class=\"elementor-element elementor-element-c8707bf elementor-widget elementor-widget-text-editor\" data-id=\"c8707bf\" data-element_type=\"widget\" data-e-type=\"widget\" data-widget_type=\"text-editor.default\">\n\t\t\t\t<div class=\"elementor-widget-container\">\n\t\t\t\t\t\t\t\t\tVisste du att det g\u00e5r \u00e5t mer \u00e4n dubbelt s\u00e5 mycket energi att utvinna ny metall som det g\u00f6r att tillverka produkter av \u00e5tervunna r\u00e5material? I teorin kan metaller \u00e5tervinnas hur m\u00e5nga g\u00e5nger som helst genom omsm\u00e4ltning, vilket minskar behovet av ny utvinning och d\u00e4rmed skyddar milj\u00f6n. Det \u00e4r d\u00e4rf\u00f6r Bobi \u00e4r det sj\u00e4lvklara valet f\u00f6r den milj\u00f6medvetna konsumenten.\t\t\t\t\t\t\t\t<\/div>\n\t\t\t\t<\/div>\n\t\t\t\t\t<\/div>\n\t\t<\/div>\n\t\t\t\t<div class=\"elementor-column elementor-col-50 elementor-inner-column elementor-element elementor-element-d69db1b\" data-id=\"d69db1b\" data-element_type=\"column\" data-e-type=\"column\">\n\t\t\t<div class=\"elementor-widget-wrap elementor-element-populated\">\n\t\t\t\t\t\t<div class=\"elementor-element elementor-element-a83edaa elementor-widget elementor-widget-image\" data-id=\"a83edaa\" data-element_type=\"widget\" data-e-type=\"widget\" data-widget_type=\"image.default\">\n\t\t\t\t<div class=\"elementor-widget-container\">\n\t\t\t\t\t\t\t\t\t\t\t\t\t\t\t<img decoding=\"async\" width=\"1024\" height=\"1024\" src=\"https:\/\/bobi.com\/wp-content\/uploads\/2024\/07\/s-l1200-1024x1024.webp\" class=\"attachment-large size-large wp-image-249\" alt=\"\" srcset=\"https:\/\/bobi.com\/wp-content\/uploads\/2024\/07\/s-l1200-1024x1024.webp 1024w, https:\/\/bobi.com\/wp-content\/uploads\/2024\/07\/s-l1200-600x600.webp 600w, https:\/\/bobi.com\/wp-content\/uploads\/2024\/07\/s-l1200-100x100.webp 100w, https:\/\/bobi.com\/wp-content\/uploads\/2024\/07\/s-l1200-500x500.webp 500w, https:\/\/bobi.com\/wp-content\/uploads\/2024\/07\/s-l1200-64x64.webp 64w, https:\/\/bobi.com\/wp-content\/uploads\/2024\/07\/s-l1200-300x300.webp 300w, https:\/\/bobi.com\/wp-content\/uploads\/2024\/07\/s-l1200-150x150.webp 150w, https:\/\/bobi.com\/wp-content\/uploads\/2024\/07\/s-l1200-768x768.webp 768w, https:\/\/bobi.com\/wp-content\/uploads\/2024\/07\/s-l1200-12x12.webp 12w, https:\/\/bobi.com\/wp-content\/uploads\/2024\/07\/s-l1200.webp 1200w\" sizes=\"(max-width: 1024px) 100vw, 1024px\">\t\t\t\t\t\t\t\t\t\t\t\t\t\t\t<\/div>\n\t\t\t\t<\/div>\n\t\t\t\t\t<\/div>\n\t\t<\/div>\n\t\t\t\t\t<\/div>\n\t\t<\/section>\n\t\t\t\t\t<\/div>\n\t\t<\/div>\n\t\t\t\t\t<\/div>\n\t\t<\/section>\n\t\t\t\t<section class=\"elementor-section elementor-top-section elementor-element elementor-element-9c5c167 elementor-section-height-min-height elementor-section-boxed elementor-section-height-default elementor-section-items-middle\" data-id=\"9c5c167\" data-element_type=\"section\" data-e-type=\"section\" data-settings=\"{&quot;background_background&quot;:&quot;classic&quot;,&quot;_ha_eqh_enable&quot;:false}\">\n\t\t\t\t\t\t\t<div class=\"elementor-background-overlay\"><\/div>\n\t\t\t\t\t\t\t<div class=\"elementor-container elementor-column-gap-default\">\n\t\t\t\t\t<div class=\"elementor-column elementor-col-100 elementor-top-column elementor-element elementor-element-0eaadad\" data-id=\"0eaadad\" data-element_type=\"column\" data-e-type=\"column\">\n\t\t\t<div class=\"elementor-widget-wrap elementor-element-populated\">\n\t\t\t\t\t\t<div class=\"elementor-element elementor-element-4dc4a5b elementor-widget elementor-widget-heading\" data-id=\"4dc4a5b\" data-element_type=\"widget\" data-e-type=\"widget\" data-widget_type=\"heading.default\">\n\t\t\t\t<div class=\"elementor-widget-container\">\n\t\t\t\t\t<h2 class=\"elementor-heading-title elementor-size-default\">Nyckelflaggan \u2013 vi skapar arbetstillf\u00e4llen i Finland<\/h2>\t\t\t\t<\/div>\n\t\t\t\t<\/div>\n\t\t\t\t<div class=\"elementor-element elementor-element-2aedd8d elementor-widget elementor-widget-text-editor\" data-id=\"2aedd8d\" data-element_type=\"widget\" data-e-type=\"widget\" data-widget_type=\"text-editor.default\">\n\t\t\t\t<div class=\"elementor-widget-container\">\n\t\t\t\t\t\t\t\t\t<p>Bobis tillverkas i Finland med hj\u00e4lp av finsk arbetskraft.<\/p><p><br \/>Genom att tillverka v\u00e5ra produkter i Finland tar vi v\u00e5rt sociala ansvar. Likabehandling av v\u00e5ra anst\u00e4llda och ers\u00e4ttning f\u00f6r arbete i enlighet med kollektivavtal \u00e4r viktigt f\u00f6r oss.<\/p>\t\t\t\t\t\t\t\t<\/div>\n\t\t\t\t<\/div>\n\t\t\t\t<div class=\"elementor-element elementor-element-c616ef4 elementor-widget elementor-widget-image\" data-id=\"c616ef4\" data-element_type=\"widget\" data-e-type=\"widget\" data-widget_type=\"image.default\">\n\t\t\t\t<div class=\"elementor-widget-container\">\n\t\t\t\t\t\t\t\t\t\t\t\t\t\t\t<img decoding=\"async\" width=\"715\" height=\"1024\" src=\"https:\/\/bobi.com\/wp-content\/uploads\/2024\/06\/Avainlippu.svg_-715x1024.png\" class=\"attachment-large size-large wp-image-111\" alt=\"\" srcset=\"https:\/\/bobi.com\/wp-content\/uploads\/2024\/06\/Avainlippu.svg_-715x1024.png 715w, https:\/\/bobi.com\/wp-content\/uploads\/2024\/06\/Avainlippu.svg_-500x716.png 500w, https:\/\/bobi.com\/wp-content\/uploads\/2024\/06\/Avainlippu.svg_-64x92.png 64w, https:\/\/bobi.com\/wp-content\/uploads\/2024\/06\/Avainlippu.svg_-210x300.png 210w, https:\/\/bobi.com\/wp-content\/uploads\/2024\/06\/Avainlippu.svg_-768x1100.png 768w, https:\/\/bobi.com\/wp-content\/uploads\/2024\/06\/Avainlippu.svg_-1073x1536.png 1073w, https:\/\/bobi.com\/wp-content\/uploads\/2024\/06\/Avainlippu.svg_.png 1200w\" sizes=\"(max-width: 715px) 100vw, 715px\">\t\t\t\t\t\t\t\t\t\t\t\t\t\t\t<\/div>\n\t\t\t\t<\/div>\n\t\t\t\t\t<\/div>\n\t\t<\/div>\n\t\t\t\t\t<\/div>\n\t\t<\/section>\n\t\t\t\t<\/div>","protected":false},"excerpt":{"rendered":"<p>Vastuullisuus Ajaton ja ajankohtainen Bobin ajattomuus on ajankohtaisempaa kuin koskaan. Kest\u00e4v\u00e4 valmistusmateriaali yhdistettyn\u00e4 ajattomaan muotoiluun ilahduttaa asiakkaitamme p\u00e4ivitt\u00e4in, vuodesta toiseen. [&hellip;]<\/p>\n","protected":false},"author":1,"featured_media":1009,"parent":0,"menu_order":9,"comment_status":"closed","ping_status":"closed","template":"elementor_header_footer","meta":{"_acf_changed":false,"site-sidebar-layout":"default","site-content-layout":"","ast-site-content-layout":"default","site-content-style":"default","site-sidebar-style":"default","ast-global-header-display":"","ast-banner-title-visibility":"","ast-main-header-display":"","ast-hfb-above-header-display":"","ast-hfb-below-header-display":"","ast-hfb-mobile-header-display":"","site-post-title":"","ast-breadcrumbs-content":"","ast-featured-img":"","footer-sml-layout":"","ast-disable-related-posts":"","theme-transparent-header-meta":"","adv-header-id-meta":"","stick-header-meta":"","header-above-stick-meta":"","header-main-stick-meta":"","header-below-stick-meta":"","astra-migrate-meta-layouts":"default","ast-page-background-enabled":"default","ast-page-background-meta":{"desktop":{"background-color":"var(--ast-global-color-4)","background-image":"","background-repeat":"repeat","background-position":"center center","background-size":"auto","background-attachment":"scroll","background-type":"","background-media":"","overlay-type":"","overlay-color":"","overlay-opacity":"","overlay-gradient":""},"tablet":{"background-color":"","background-image":"","background-repeat":"repeat","background-position":"center center","background-size":"auto","background-attachment":"scroll","background-type":"","background-media":"","overlay-type":"","overlay-color":"","overlay-opacity":"","overlay-gradient":""},"mobile":{"background-color":"","background-image":"","background-repeat":"repeat","background-position":"center center","background-size":"auto","background-attachment":"scroll","background-type":"","background-media":"","overlay-type":"","overlay-color":"","overlay-opacity":"","overlay-gradient":""}},"ast-content-background-meta":{"desktop":{"background-color":"var(--ast-global-color-5)","background-image":"","background-repeat":"repeat","background-position":"center center","background-size":"auto","background-attachment":"scroll","background-type":"","background-media":"","overlay-type":"","overlay-color":"","overlay-opacity":"","overlay-gradient":""},"tablet":{"background-color":"var(--ast-global-color-5)","background-image":"","background-repeat":"repeat","background-position":"center center","background-size":"auto","background-attachment":"scroll","background-type":"","background-media":"","overlay-type":"","overlay-color":"","overlay-opacity":"","overlay-gradient":""},"mobile":{"background-color":"var(--ast-global-color-5)","background-image":"","background-repeat":"repeat","background-position":"center center","background-size":"auto","background-attachment":"scroll","background-type":"","background-media":"","overlay-type":"","overlay-color":"","overlay-opacity":"","overlay-gradient":""}},"footnotes":""},"class_list":["post-234","page","type-page","status-publish","has-post-thumbnail","hentry"],"acf":[],"_links":{"self":[{"href":"https:\/\/bobi.com\/sv\/wp-json\/wp\/v2\/pages\/234","targetHints":{"allow":["GET"]}}],"collection":[{"href":"https:\/\/bobi.com\/sv\/wp-json\/wp\/v2\/pages"}],"about":[{"href":"https:\/\/bobi.com\/sv\/wp-json\/wp\/v2\/types\/page"}],"author":[{"embeddable":true,"href":"https:\/\/bobi.com\/sv\/wp-json\/wp\/v2\/users\/1"}],"replies":[{"embeddable":true,"href":"https:\/\/bobi.com\/sv\/wp-json\/wp\/v2\/comments?post=234"}],"version-history":[{"count":37,"href":"https:\/\/bobi.com\/sv\/wp-json\/wp\/v2\/pages\/234\/revisions"}],"predecessor-version":[{"id":1839,"href":"https:\/\/bobi.com\/sv\/wp-json\/wp\/v2\/pages\/234\/revisions\/1839"}],"wp:featuredmedia":[{"embeddable":true,"href":"https:\/\/bobi.com\/sv\/wp-json\/wp\/v2\/media\/1009"}],"wp:attachment":[{"href":"https:\/\/bobi.com\/sv\/wp-json\/wp\/v2\/media?parent=234"}],"curies":[{"name":"wp","href":"https:\/\/api.w.org\/{rel}","templated":true}]}}