{"id":4193,"date":"2026-04-13T12:37:40","date_gmt":"2026-04-13T09:37:40","guid":{"rendered":"https:\/\/bobi.com\/?post_type=product&#038;p=4193"},"modified":"2026-04-20T15:00:49","modified_gmt":"2026-04-20T12:00:49","slug":"bobi-las","status":"publish","type":"product","link":"https:\/\/bobi.com\/sv\/bobi-las\/","title":{"rendered":"Bobi L\u00e5s"},"content":{"rendered":"<div class=\"elementor-element elementor-element-569977d elementor-widget elementor-widget-text-editor\" data-id=\"569977d\" data-element_type=\"widget\" data-widget_type=\"text-editor.default\">\n<div class=\"elementor-widget-container\">\n<p>Sedan 2015 \u00e4r alla rundade Bobi brevl\u00e5dor f\u00f6rsedda\nmed BOBI l\u00e5s som standard.<br \/>\nBOBI l\u00e5set \u00e4r ett cylinderl\u00e5s\nmed dammskydd. Tre nycklar medf\u00f6ljer. Extra nycklar till\nBOBI l\u00e5s kan best\u00e4llas.<\/p>\n<\/div>\n<\/div>\n<div class=\"elementor-element elementor-element-83dd165 elementor-widget elementor-widget-text-editor\" data-id=\"83dd165\" data-element_type=\"widget\" data-widget_type=\"text-editor.default\">\n<div class=\"elementor-widget-container\">\n<p><strong>Extra best\u00e4llning av nycklar till BOBI-l\u00e5set.<\/strong><br \/>\nPris inklusive moms 25,5 % och fraktkostnader:<br \/>\n\u2013 1 kpl 25 \u20ac<br \/>\n\u2013 seuraavat + 15 \u20ac\/avain<br \/>\n\u2013 Leveranstid ca en vecka fr\u00e5n best\u00e4llning.<\/p>\n<p><strong>N\u00e4r du best\u00e4ller nycklar, skriv i meddelandet:<\/strong><br \/>\n\u2013 BOBI + avaimen koodi<br \/>\n\u2013 Hur m\u00e5nga nycklar best\u00e4ller du<br \/>\n\u2013 Nimesi ja yhteystietosi<\/p>\n<p><strong>Du g\u00f6r nyckelbest\u00e4llningen h\u00e4rifr\u00e5n:<\/strong><br \/>\n<a href=\"mailto:avainhallinta.turku@blc.fi\">avainhallinta.turku@blc.fi<\/a><\/p>\n<\/div>\n<\/div>\n<div class=\"elementor-element elementor-element-ceabcf1 elementor-widget elementor-widget-text-editor\" data-id=\"ceabcf1\" data-element_type=\"widget\" data-widget_type=\"text-editor.default\">\n<div class=\"elementor-widget-container\">\n<p>L\u00e5set kan ocks\u00e5 bytas ut.\u00a0<a href=\"https:\/\/bobi.com\/sv\/bobi-ja-xpress-lukot-ovat-vaihdettavissa-myos-abloy-lukoksi\/\">till ABLOY-l\u00e5s.<\/a>\u00a0eller utan nyckel.\u00a0<a href=\"https:\/\/bobi.com\/sv\/bobi-och-xpress-las-kan-aven-bytes-till-fallas\/\">nyckelfritt vredl\u00e5s.<\/a><\/p>\n<\/div>\n<\/div>","protected":false},"excerpt":{"rendered":"<p>Sedan 2015 \u00e4r alla rundade Bobi brevl\u00e5dor f\u00f6rsedda\nmed BOBI l\u00e5s som standard.<br \/>\nBOBI l\u00e5set \u00e4r ett cylinderl\u00e5s\nmed dammskydd. Tre nycklar medf\u00f6ljer. Extra nycklar till\nBOBI l\u00e5s kan best\u00e4llas.<\/p>","protected":false},"featured_media":2981,"template":"","meta":{"_acf_changed":false,"site-sidebar-layout":"default","site-content-layout":"","ast-site-content-layout":"default","site-content-style":"default","site-sidebar-style":"default","ast-global-header-display":"","ast-banner-title-visibility":"","ast-main-header-display":"","ast-hfb-above-header-display":"","ast-hfb-below-header-display":"","ast-hfb-mobile-header-display":"","site-post-title":"","ast-breadcrumbs-content":"","ast-featured-img":"","footer-sml-layout":"","ast-disable-related-posts":"","theme-transparent-header-meta":"default","adv-header-id-meta":"","stick-header-meta":"","header-above-stick-meta":"","header-main-stick-meta":"","header-below-stick-meta":"","astra-migrate-meta-layouts":"set","ast-page-background-enabled":"default","ast-page-background-meta":{"desktop":{"background-color":"var(--ast-global-color-4)","background-image":"","background-repeat":"repeat","background-position":"center center","background-size":"auto","background-attachment":"scroll","background-type":"","background-media":"","overlay-type":"","overlay-color":"","overlay-opacity":"","overlay-gradient":""},"tablet":{"background-color":"","background-image":"","background-repeat":"repeat","background-position":"center center","background-size":"auto","background-attachment":"scroll","background-type":"","background-media":"","overlay-type":"","overlay-color":"","overlay-opacity":"","overlay-gradient":""},"mobile":{"background-color":"","background-image":"","background-repeat":"repeat","background-position":"center center","background-size":"auto","background-attachment":"scroll","background-type":"","background-media":"","overlay-type":"","overlay-color":"","overlay-opacity":"","overlay-gradient":""}},"ast-content-background-meta":{"desktop":{"background-color":"var(--ast-global-color-5)","background-image":"","background-repeat":"repeat","background-position":"center center","background-size":"auto","background-attachment":"scroll","background-type":"","background-media":"","overlay-type":"","overlay-color":"","overlay-opacity":"","overlay-gradient":""},"tablet":{"background-color":"var(--ast-global-color-5)","background-image":"","background-repeat":"repeat","background-position":"center center","background-size":"auto","background-attachment":"scroll","background-type":"","background-media":"","overlay-type":"","overlay-color":"","overlay-opacity":"","overlay-gradient":""},"mobile":{"background-color":"var(--ast-global-color-5)","background-image":"","background-repeat":"repeat","background-position":"center center","background-size":"auto","background-attachment":"scroll","background-type":"","background-media":"","overlay-type":"","overlay-color":"","overlay-opacity":"","overlay-gradient":""}}},"product_brand":[54],"product_cat":[26,53],"product_tag":[],"class_list":{"0":"post-4193","1":"product","2":"type-product","3":"status-publish","4":"has-post-thumbnail","6":"product_brand-bobi","7":"product_cat-lisavarusteet","8":"product_cat-verkkokauppatuotteet","9":"product_shipping_class-lisavaruste-990","10":"desktop-align-left","11":"tablet-align-left","12":"mobile-align-left","14":"first","15":"instock","16":"taxable","17":"shipping-taxable","18":"purchasable","19":"product-type-simple"},"acf":[],"_links":{"self":[{"href":"https:\/\/bobi.com\/sv\/wp-json\/wp\/v2\/product\/4193","targetHints":{"allow":["GET"]}}],"collection":[{"href":"https:\/\/bobi.com\/sv\/wp-json\/wp\/v2\/product"}],"about":[{"href":"https:\/\/bobi.com\/sv\/wp-json\/wp\/v2\/types\/product"}],"wp:featuredmedia":[{"embeddable":true,"href":"https:\/\/bobi.com\/sv\/wp-json\/wp\/v2\/media\/2981"}],"wp:attachment":[{"href":"https:\/\/bobi.com\/sv\/wp-json\/wp\/v2\/media?parent=4193"}],"wp:term":[{"taxonomy":"product_brand","embeddable":true,"href":"https:\/\/bobi.com\/sv\/wp-json\/wp\/v2\/product_brand?post=4193"},{"taxonomy":"product_cat","embeddable":true,"href":"https:\/\/bobi.com\/sv\/wp-json\/wp\/v2\/product_cat?post=4193"},{"taxonomy":"product_tag","embeddable":true,"href":"https:\/\/bobi.com\/sv\/wp-json\/wp\/v2\/product_tag?post=4193"}],"curies":[{"name":"wp","href":"https:\/\/api.w.org\/{rel}","templated":true}]}}